{"id":8932,"date":"2021-07-08T21:00:59","date_gmt":"2021-07-08T21:00:59","guid":{"rendered":"https:\/\/www.cargomaxintl.com\/cargo-insurance-coordination-services\/"},"modified":"2024-07-29T15:38:57","modified_gmt":"2024-07-29T15:38:57","slug":"service-dinspection-et-coordination-de-fret","status":"publish","type":"page","link":"https:\/\/www.cargomaxintl.com\/fr\/service-dinspection-et-coordination-de-fret\/","title":{"rendered":"Service d\u2019Inspection et Coordination de Fret"},"content":{"rendered":"<div class=\"wpb-content-wrapper\"><p>[vc_row full_width=\u00a0\u00bbstretch_row_content\u00a0\u00bb css=\u00a0\u00bb.vc_custom_1622651239208{margin-top: 0px !important;margin-right: 0px !important;margin-bottom: -49px !important;margin-left: 0px !important;border-top-width: 0px !important;border-right-width: 0px !important;border-bottom-width: 0px !important;border-left-width: 0px !important;padding-top: 0px !important;padding-right: 0px !important;padding-bottom: 0px !important;padding-left: 0px !important;}\u00a0\u00bb][vc_column css=\u00a0\u00bb.vc_custom_1622651197934{margin-top: 0px !important;margin-right: 0px !important;margin-bottom: 0px !important;margin-left: 0px !important;border-top-width: 0px !important;border-right-width: 0px !important;border-bottom-width: 0px !important;border-left-width: 0px !important;padding-top: 0px !important;padding-right: 0px !important;padding-bottom: 0px !important;padding-left: 0px !important;background-position: center !important;background-repeat: no-repeat !important;background-size: cover !important;}\u00a0\u00bb][rev_slider_vc alias=\u00a0\u00bbinspection\u00a0\u00bb][\/vc_column][\/vc_row][vc_row css=\u00a0\u00bb.vc_custom_1622665974245{margin-top: -21px !important;margin-bottom: 0px !important;}\u00a0\u00bb][vc_column css=\u00a0\u00bb.vc_custom_1622651602222{margin-top: 0px !important;margin-bottom: 0px !important;}\u00a0\u00bb][vc_column_text css=\u00a0\u00bb.vc_custom_1622651611490{margin-top: 0px !important;margin-bottom: 0px !important;border-bottom-width: 0px !important;padding-top: 40px !important;padding-bottom: 0px !important;background-color: #181b48 !important;}\u00a0\u00bb]<\/p>\n<div style=\"height: 14px; display: box;\">.<\/div>\n<p>[\/vc_column_text][\/vc_column][\/vc_row][vc_row css=\u00a0\u00bb.vc_custom_1622651642400{padding-top: 0px !important;padding-bottom: 0px !important;background-color: #ffffff !important;}\u00a0\u00bb el_class=\u00a0\u00bbabout\u00a0\u00bb][vc_column width=\u00a0\u00bb1\/5&Prime;][\/vc_column][vc_column width=\u00a0\u00bb3\/5&Prime;][vc_column_text css=\u00a0\u00bb.vc_custom_1625839619348{padding-right: 10px !important;padding-left: 10px !important;}\u00a0\u00bb el_class=\u00a0\u00bbp-header\u00a0\u00bb]<\/p>\n<h1 class=\"title\" style=\"color: #ff0000; text-align: center;\">Cargo Inspection Coordination Services<\/h1>\n<hr \/>\n<p>En travaillant avec Cargomax International, vous pouvez acc\u00e9der \u00e0 notre vaste r\u00e9seau de partenaires et d\u2019agents qui offrent des services d\u2019inspection du fret. Ils coordonnent de mani\u00e8re ad\u00e9quate les inspections des cargaisons et des navires \u00e0 travers le monde, effectuant des inspections de mani\u00e8re approfondie, efficace et professionnelle.<\/p>\n<p>Dans ce genre de travail, vous avez besoin de personnes fiables qui puissent travailler efficacement en votre nom \u2013 c\u2019est exactement ce que nous offrons. Nous entretenons des relations de longue date avec les personnes et les entreprises avec lesquelles nous travaillons et nous sommes en partenariat uniquement avec des soci\u00e9t\u00e9s auxquelles nous pouvons faire confiance.<\/p>\n<p>Pour plus d\u2019information sur nos services complets d\u2019inspection de fret, communiquez avec un membre de notre \u00e9quipe sans frais partout en Am\u00e9rique du Nord.[\/vc_column_text][\/vc_column][vc_column width=\u00a0\u00bb1\/5&Prime;][\/vc_column][\/vc_row][vc_row full_width=\u00a0\u00bbstretch_row\u00a0\u00bb el_class=\u00a0\u00bbship\u00a0\u00bb css=\u00a0\u00bb.vc_custom_1625688890990{padding-top: 50px !important;padding-bottom: 50px !important;background-color: #ae0218 !important;}\u00a0\u00bb][vc_column width=\u00a0\u00bb1\/5&Prime;][\/vc_column][vc_column width=\u00a0\u00bb3\/5&Prime;][vc_column_text]<\/p>\n<h3 class=\"title\" style=\"text-align: center;\"><span style=\"color: #ffffff;\"><strong>INFORMATION DE CONTACT<\/strong><\/span><\/h3>\n<p style=\"text-align: center;\"><span style=\"color: #ffffff;\"><strong>BUREAU CHEF<\/strong><\/span><span style=\"color: #ffffff;\"><strong>\u00a0<\/strong><\/span><\/p>\n<p style=\"text-align: center;\"><span style=\"color: #ffffff;\"><strong>CARGOMAX INTERNATONAL INC<\/strong><\/span><\/p>\n<p style=\"text-align: center;\"><span style=\"color: #ffffff;\"><strong><span class=\"fa fa-mobile-phone\"> <strong>TEL:\u00a0\u00a0<\/strong>\u00a0\u00a0\u00a0\u00a0<a style=\"color: white;\" href=\"tel:(450) 619-6034\"><strong>(450) 619-6034<\/strong><\/a><\/span><\/strong><\/span><\/p>\n<p style=\"text-align: center;\"><span style=\"color: #ffffff;\"><strong><i class=\"fa fa-print\"><\/i> FAX: \u00a0\u00a0\u00a0\u00a0 <a style=\"color: white;\" href=\"tel:(450) 619-6047\">(450) 619-6047<\/a><\/strong><\/span><\/p>\n<p style=\"text-align: center;\"><span style=\"color: #ffffff;\"><strong>T\u00c9L\u00c9PHONE SANS FRAIS: <a style=\"color: white;\" href=\"tel:1-800-535-6385\">1-800-535-6385<\/a> (SANS FRAIS EN AM\u00c9RIQUE DU NORD)<\/strong><\/span><\/p>\n<p>&nbsp;<\/p>\n<p style=\"text-align: center;\"><span style=\"color: #ffffff;\"><strong>D\u00c9PARTEMENTS:<\/strong><\/span><\/p>\n<p style=\"text-align: center;\"><span style=\"color: #ffffff;\"><strong>\u00a0 \u00a0 TARIFICATION ET VENTE: <\/strong><a style=\"color: white;\" href=\"mailto:sales@cargomaxintl.com\"><strong>sales@cargomaxintl.com<\/strong><\/a><\/span><\/p>\n<p style=\"text-align: center;\"><span style=\"color: #ffffff;\"><strong>\u00a0 \u00a0 \u00a0 \u00a0 R\u00c9SERVATION: <\/strong><a style=\"color: white;\" href=\"mailto:info@cargomaxintl.com\"><strong>info@cargomaxintl.com<\/strong><\/a><\/span><\/p>\n<p style=\"text-align: center;\"><span style=\"color: #ffffff;\"><strong>\u00a0 DOCUMENTATION: <\/strong><a style=\"color: white;\" href=\"mailto: info@cargomaxintl.com\"> <strong>info@cargomaxintl.com<\/strong><\/a><\/span><\/p>\n<p>[\/vc_column_text][\/vc_column][vc_column width=\u00a0\u00bb1\/5&Prime;][\/vc_column][\/vc_row]<\/p>\n<\/div>","protected":false},"excerpt":{"rendered":"<p>[vc_row full_width=\u00a0\u00bbstretch_row_content\u00a0\u00bb css=\u00a0\u00bb.vc_custom_1622651239208{margin-top: 0px !important;margin-right: 0px !important;margin-bottom: -49px !important;margin-left: 0px !important;border-top-width: 0px !important;border-right-width: 0px !important;border-bottom-width: 0px !important;border-left-width: 0px !important;padding-top: 0px !important;padding-right: 0px !important;padding-bottom: 0px !important;padding-left: 0px !important;}\u00a0\u00bb][vc_column css=\u00a0\u00bb.vc_custom_1622651197934{margin-top: 0px !important;margin-right: 0px !important;margin-bottom: 0px !important;margin-left: 0px !important;border-top-width: 0px !important;border-right-width: 0px !important;border-bottom-width: 0px !important;border-left-width: 0px !important;padding-top: 0px !important;padding-right: 0px !important;padding-bottom: 0px !important;padding-left: 0px !important;background-position: center !important;background-repeat: no-repeat [&hellip;]<\/p>\n","protected":false},"author":4,"featured_media":0,"parent":0,"menu_order":0,"comment_status":"closed","ping_status":"closed","template":"landingv2.php","meta":{"_exactmetrics_skip_tracking":false,"_exactmetrics_sitenote_active":false,"_exactmetrics_sitenote_note":"","_exactmetrics_sitenote_category":0,"footnotes":""},"yst_prominent_words":[318,3259,3251,506,90,97,505,340,648,2068,101,2404,3250,3249,341,513,345,343,57,597],"class_list":["post-8932","page","type-page","status-publish","hentry"],"_links":{"self":[{"href":"https:\/\/www.cargomaxintl.com\/fr\/wp-json\/wp\/v2\/pages\/8932","targetHints":{"allow":["GET"]}}],"collection":[{"href":"https:\/\/www.cargomaxintl.com\/fr\/wp-json\/wp\/v2\/pages"}],"about":[{"href":"https:\/\/www.cargomaxintl.com\/fr\/wp-json\/wp\/v2\/types\/page"}],"author":[{"embeddable":true,"href":"https:\/\/www.cargomaxintl.com\/fr\/wp-json\/wp\/v2\/users\/4"}],"replies":[{"embeddable":true,"href":"https:\/\/www.cargomaxintl.com\/fr\/wp-json\/wp\/v2\/comments?post=8932"}],"version-history":[{"count":12,"href":"https:\/\/www.cargomaxintl.com\/fr\/wp-json\/wp\/v2\/pages\/8932\/revisions"}],"predecessor-version":[{"id":20196,"href":"https:\/\/www.cargomaxintl.com\/fr\/wp-json\/wp\/v2\/pages\/8932\/revisions\/20196"}],"wp:attachment":[{"href":"https:\/\/www.cargomaxintl.com\/fr\/wp-json\/wp\/v2\/media?parent=8932"}],"wp:term":[{"taxonomy":"yst_prominent_words","embeddable":true,"href":"https:\/\/www.cargomaxintl.com\/fr\/wp-json\/wp\/v2\/yst_prominent_words?post=8932"}],"curies":[{"name":"wp","href":"https:\/\/api.w.org\/{rel}","templated":true}]}}