{"id":8854,"date":"2021-07-06T19:41:24","date_gmt":"2021-07-06T19:41:24","guid":{"rendered":"https:\/\/www.cargomaxintl.com\/service-air-freight\/"},"modified":"2024-07-29T15:12:04","modified_gmt":"2024-07-29T15:12:04","slug":"service-transport-aerien","status":"publish","type":"page","link":"https:\/\/www.cargomaxintl.com\/fr\/service-transport-aerien\/","title":{"rendered":"Service Air Freight"},"content":{"rendered":"<div class=\"wpb-content-wrapper\"><p>[vc_row full_width=\u00a0\u00bbstretch_row_content_no_spaces\u00a0\u00bb][vc_column css=\u00a0\u00bb.vc_custom_1625584893418{padding-top: 100px !important;padding-bottom: 300px !important;background-image: url(https:\/\/www.cargomaxintl.com\/wp-content\/uploads\/2017\/11\/08-August.jpeg?id=450) !important;background-position: center !important;background-repeat: no-repeat !important;background-size: cover !important;}\u00a0\u00bb][\/vc_column][\/vc_row][vc_row][vc_column width=\u00a0\u00bb1\/5&Prime;][\/vc_column][vc_column width=\u00a0\u00bb3\/5&Prime;][vc_column_text el_class=\u00a0\u00bbp-header\u00a0\u00bb]<\/p>\n<h1><\/h1>\n<p>&nbsp;<\/p>\n<h1 class=\"title\" style=\"color: #ff0000; text-align: center;\">TRANSPORT A\u00c9RIEN<\/h1>\n<hr \/>\n<h1><\/h1>\n<p><strong>Transport efficace et fiable de la cargaison a\u00e9rienne<\/strong><\/p>\n<p>Le fret a\u00e9rien est la solution la plus directe et rapide pour acheminer votre cargaison vers sa destination. Quels que soient vos besoins en transport de fret a\u00e9rien, Cargomax International a la solution exacte pour vous. Nous pouvons vous offrir un service de fret a\u00e9rien tr\u00e8s rentable et qui r\u00e9pondra aux besoins de votre entreprise.<\/p>\n<p>&nbsp;<\/p>\n<p>Nous sommes membres certifi\u00e9s de l\u2019Association internationale du transport a\u00e9rien (IATA), ce qui assurera votre tranquillit\u00e9 d\u2019esprit, d\u2019autant plus que nos op\u00e9rations et proc\u00e9dures d\u00e9passent largement les standards de l\u2019IATA. Nous nous occupons de chaque exp\u00e9dition avec responsabilit\u00e9 et d\u00e9vouement. Pour cette raison, des entreprises de toutes tailles partout dans le monde font confiance \u00e0 nos services.<\/p>\n<p>Communiquez avec un membre de notre \u00e9quipe aujourd\u2019hui pour en savoir plus sur ce que nous pouvons vous offrir et pour discuter de vos besoins en mati\u00e8re de transport. Nos solutions sont assez flexibles pour s\u2019adapter facilement \u00e0 ce dont vous avez besoin ou \u00e0 ce que vous voulez obtenir. Notre \u00e9quipe d\u2019experts peut vous conseiller sur la fa\u00e7on d\u2019obtenir la solution de fret a\u00e9rien la plus rentable possible.[\/vc_column_text][\/vc_column][vc_column width=\u00a0\u00bb1\/5&Prime;][\/vc_column][\/vc_row][vc_row css=\u00a0\u00bb.vc_custom_1625771975063{padding-top: 50px !important;padding-right: 50px !important;padding-bottom: 50px !important;padding-left: 50px !important;background-color: #ae0218 !important;}\u00a0\u00bb el_class=\u00a0\u00bbship\u00a0\u00bb][vc_column][vc_column_text]<\/p>\n<h3 class=\"title\" style=\"text-align: center;\"><span style=\"color: #ffffff;\"><strong>INFORMATION DE CONTACT<\/strong><\/span><\/h3>\n<p style=\"text-align: center;\"><span style=\"color: #ffffff;\"><strong>BUREAU CHEF<\/strong><\/span><span style=\"color: #ffffff;\"><strong>\u00a0<\/strong><\/span><\/p>\n<p style=\"text-align: center;\"><span style=\"color: #ffffff;\"><strong>CARGOMAX INTERNATONAL INC<\/strong><\/span><\/p>\n<p style=\"text-align: center;\"><span style=\"color: #ffffff;\"><strong><span class=\"fa fa-mobile-phone\"> <strong>TEL:\u00a0\u00a0<\/strong>\u00a0\u00a0\u00a0\u00a0<a style=\"color: white;\" href=\"tel:(450) 619-6034\"><strong>(450) 619-6034<\/strong><\/a><\/span><\/strong><\/span><\/p>\n<p style=\"text-align: center;\"><span style=\"color: #ffffff;\"><strong><i class=\"fa fa-print\"><\/i> FAX: \u00a0\u00a0\u00a0\u00a0 <a style=\"color: white;\" href=\"tel:(450) 619-6047\">(450) 619-6047<\/a><\/strong><\/span><\/p>\n<p style=\"text-align: center;\"><span style=\"color: #ffffff;\"><strong>T\u00c9L\u00c9PHONE SANS FRAIS: <a style=\"color: white;\" href=\"tel:1-800-535-6385\">1-800-535-6385<\/a> (SANS FRAIS EN AM\u00c9RIQUE DU NORD)<\/strong><\/span><\/p>\n<p>&nbsp;<\/p>\n<p style=\"text-align: center;\"><span style=\"color: #ffffff;\"><strong>D\u00c9PARTEMENTS:<\/strong><\/span><\/p>\n<p style=\"text-align: center;\"><span style=\"color: #ffffff;\"><strong>\u00a0 \u00a0 TARIFICATION ET VENTE: <\/strong><a style=\"color: white;\" href=\"mailto:sales@cargomaxintl.com\"><strong>sales@cargomaxintl.com<\/strong><\/a><\/span><\/p>\n<p style=\"text-align: center;\"><span style=\"color: #ffffff;\"><strong>\u00a0 \u00a0 \u00a0 \u00a0 R\u00c9SERVATION: <\/strong><a style=\"color: white;\" href=\"mailto:info@cargomaxintl.com\"><strong>info@cargomaxintl.com<\/strong><\/a><\/span><\/p>\n<p style=\"text-align: center;\"><span style=\"color: #ffffff;\"><strong>\u00a0 DOCUMENTATION: <\/strong><a style=\"color: white;\" href=\"mailto: info@cargomaxintl.com\"> <strong>info@cargomaxintl.com<\/strong><\/a><\/span><\/p>\n<p>[\/vc_column_text][\/vc_column][\/vc_row]<\/p>\n<\/div>","protected":false},"excerpt":{"rendered":"<p>[vc_row full_width=\u00a0\u00bbstretch_row_content_no_spaces\u00a0\u00bb][vc_column css=\u00a0\u00bb.vc_custom_1625584893418{padding-top: 100px !important;padding-bottom: 300px !important;background-image: url(https:\/\/www.cargomaxintl.com\/wp-content\/uploads\/2017\/11\/08-August.jpeg?id=450) !important;background-position: center !important;background-repeat: no-repeat !important;background-size: cover !important;}\u00a0\u00bb][\/vc_column][\/vc_row][vc_row][vc_column width=\u00a0\u00bb1\/5&Prime;][\/vc_column][vc_column width=\u00a0\u00bb3\/5&Prime;][vc_column_text el_class=\u00a0\u00bbp-header\u00a0\u00bb] &nbsp; TRANSPORT A\u00c9RIEN Transport efficace et fiable de la cargaison a\u00e9rienne Le fret a\u00e9rien est la solution la plus directe et rapide pour acheminer votre cargaison vers sa destination. Quels que soient vos besoins en transport de [&hellip;]<\/p>\n","protected":false},"author":1,"featured_media":0,"parent":0,"menu_order":0,"comment_status":"closed","ping_status":"closed","template":"landingv2.php","meta":{"_exactmetrics_skip_tracking":false,"_exactmetrics_sitenote_active":false,"_exactmetrics_sitenote_note":"","_exactmetrics_sitenote_category":0,"footnotes":""},"yst_prominent_words":[470,3225,472,466,465,459,463,471,464,467,475,461,458,511,469,460,473,474,462,468],"class_list":["post-8854","page","type-page","status-publish","hentry"],"_links":{"self":[{"href":"https:\/\/www.cargomaxintl.com\/fr\/wp-json\/wp\/v2\/pages\/8854","targetHints":{"allow":["GET"]}}],"collection":[{"href":"https:\/\/www.cargomaxintl.com\/fr\/wp-json\/wp\/v2\/pages"}],"about":[{"href":"https:\/\/www.cargomaxintl.com\/fr\/wp-json\/wp\/v2\/types\/page"}],"author":[{"embeddable":true,"href":"https:\/\/www.cargomaxintl.com\/fr\/wp-json\/wp\/v2\/users\/1"}],"replies":[{"embeddable":true,"href":"https:\/\/www.cargomaxintl.com\/fr\/wp-json\/wp\/v2\/comments?post=8854"}],"version-history":[{"count":15,"href":"https:\/\/www.cargomaxintl.com\/fr\/wp-json\/wp\/v2\/pages\/8854\/revisions"}],"predecessor-version":[{"id":20192,"href":"https:\/\/www.cargomaxintl.com\/fr\/wp-json\/wp\/v2\/pages\/8854\/revisions\/20192"}],"wp:attachment":[{"href":"https:\/\/www.cargomaxintl.com\/fr\/wp-json\/wp\/v2\/media?parent=8854"}],"wp:term":[{"taxonomy":"yst_prominent_words","embeddable":true,"href":"https:\/\/www.cargomaxintl.com\/fr\/wp-json\/wp\/v2\/yst_prominent_words?post=8854"}],"curies":[{"name":"wp","href":"https:\/\/api.w.org\/{rel}","templated":true}]}}