{"id":8730,"date":"2021-07-07T14:17:49","date_gmt":"2021-07-07T14:17:49","guid":{"rendered":"https:\/\/www.cargomaxintl.com\/transporte-por-carretera\/"},"modified":"2024-07-29T14:57:21","modified_gmt":"2024-07-29T14:57:21","slug":"service-transport-routier","status":"publish","type":"page","link":"https:\/\/www.cargomaxintl.com\/fr\/service-transport-routier\/","title":{"rendered":"Transport Routier"},"content":{"rendered":"<div class=\"wpb-content-wrapper\"><p>[vc_row][vc_column][rev_slider_vc alias=\u00a0\u00bbtrucking\u00a0\u00bb][\/vc_column][\/vc_row][vc_row][vc_column width=\u00a0\u00bb1\/5&Prime;][\/vc_column][vc_column width=\u00a0\u00bb3\/5&Prime;][vc_column_text el_class=\u00a0\u00bbp-header\u00a0\u00bb]<\/p>\n<h1 class=\"title\" style=\"color: #ff0000; text-align: center;\">Transport routier<\/h1>\n<hr \/>\n<p>&nbsp;<\/p>\n<p>Vous avez besoin d&rsquo;envoyer des mat\u00e9riaux, des produits ou des marchandises par la route ? Le transport routier reste la m\u00e9thode d&rsquo;exp\u00e9dition des marchandises la plus populaire de par sa flexibilit\u00e9, son accessibilit\u00e9 et sa fiabilit\u00e9. Chez Cargomax International, nous avons une vaste exp\u00e9rience dans les solutions d&rsquo;exp\u00e9dition de fret routier qui r\u00e9pondent aux besoins des entreprises modernes.<\/p>\n<p>Cela inclut les cargaisons de camions partiellement remplis, les solutions de livraison juste \u00e0 temps, le transport transfrontalier de marchandises par route et plus encore. En fait, nous avons une r\u00e9putation in\u00e9gal\u00e9e en tant que fournisseurs de services de transport routier complets et efficaces depuis et vers toutes les villes en Am\u00e9rique du Nord. Cela comprend des grandes et de petites villes au Canada, aux \u00c9tats-Unis et au Mexique. Nous avons des partenaires dans ces villes depuis nos d\u00e9buts, ce qui nous permet d&rsquo;obtenir la plus basse estimation possible, tout en maintenant le plus haut standard de service.<\/p>\n<p>Nous pouvons \u00e9galement personnaliser votre solution de transport en l&rsquo;int\u00e9grant sans probl\u00e8me avec les autres services que nous offrons. Quelles que soient les conditions de transport, de fret ou d&rsquo;exp\u00e9dition que vous avez, nous effectuerons la livraison.[\/vc_column_text][\/vc_column][vc_column width=\u00a0\u00bb1\/5&Prime;][\/vc_column][\/vc_row][vc_row full_width=\u00a0\u00bbstretch_row\u00a0\u00bb el_class=\u00a0\u00bbship\u00a0\u00bb css=\u00a0\u00bb.vc_custom_1625688890990{padding-top: 50px !important;padding-bottom: 50px !important;background-color: #ae0218 !important;}\u00a0\u00bb][vc_column width=\u00a0\u00bb1\/5&Prime;][\/vc_column][vc_column width=\u00a0\u00bb3\/5&Prime;][vc_column_text]<\/p>\n<h3 class=\"title\" style=\"text-align: center;\"><span style=\"color: #ffffff;\"><strong>INFORMATION DE CONTACT<\/strong><\/span><\/h3>\n<p style=\"text-align: center;\"><span style=\"color: #ffffff;\"><strong>BUREAU CHEF<\/strong><\/span><span style=\"color: #ffffff;\"><strong>\u00a0<\/strong><\/span><\/p>\n<p style=\"text-align: center;\"><span style=\"color: #ffffff;\"><strong>CARGOMAX INTERNATONAL INC<\/strong><\/span><\/p>\n<p style=\"text-align: center;\"><span style=\"color: #ffffff;\"><strong><span class=\"fa fa-mobile-phone\"> <strong>TEL:\u00a0\u00a0<\/strong>\u00a0\u00a0\u00a0\u00a0<a style=\"color: white;\" href=\"tel:(450) 619-6034\"><strong>(450) 619-6034<\/strong><\/a><\/span><\/strong><\/span><\/p>\n<p style=\"text-align: center;\"><span style=\"color: #ffffff;\"><strong><i class=\"fa fa-print\"><\/i> FAX: \u00a0\u00a0\u00a0\u00a0 <a style=\"color: white;\" href=\"tel:(450) 619-6047\">(450) 619-6047<\/a><\/strong><\/span><\/p>\n<p style=\"text-align: center;\"><span style=\"color: #ffffff;\"><strong>T\u00c9L\u00c9PHONE SANS FRAIS: <a style=\"color: white;\" href=\"tel:1-800-535-6385\">1-800-535-6385<\/a> (SANS FRAIS EN AM\u00c9RIQUE DU NORD)<\/strong><\/span><\/p>\n<p>&nbsp;<\/p>\n<p style=\"text-align: center;\"><span style=\"color: #ffffff;\"><strong>D\u00c9PARTEMENTS:<\/strong><\/span><\/p>\n<p style=\"text-align: center;\"><span style=\"color: #ffffff;\"><strong>\u00a0 \u00a0 TARIFICATION ET VENTE: <\/strong><a style=\"color: white;\" href=\"mailto:sales@cargomaxintl.com\">sales@cargomaxintl.com<\/a><\/span><\/p>\n<p style=\"text-align: center;\"><span style=\"color: #ffffff;\"><strong>\u00a0 \u00a0 \u00a0 \u00a0 R\u00c9SERVATION: <\/strong><a style=\"color: white;\" href=\"mailto:info@cargomaxintl.com\">info@cargomaxintl.com<\/a><\/span><\/p>\n<p style=\"text-align: center;\"><span style=\"color: #ffffff;\"><strong>\u00a0 DOCUMENTATION: <\/strong><a style=\"color: white;\" href=\"mailto: info@cargomaxintl.com\"> info@cargomaxintl.com<\/a><\/span><\/p>\n<p>[\/vc_column_text][\/vc_column][vc_column width=\u00a0\u00bb1\/5&Prime;][\/vc_column][\/vc_row]<\/p>\n<\/div>","protected":false},"excerpt":{"rendered":"<p>[vc_row][vc_column][rev_slider_vc alias=\u00a0\u00bbtrucking\u00a0\u00bb][\/vc_column][\/vc_row][vc_row][vc_column width=\u00a0\u00bb1\/5&Prime;][\/vc_column][vc_column width=\u00a0\u00bb3\/5&Prime;][vc_column_text el_class=\u00a0\u00bbp-header\u00a0\u00bb] Transport routier &nbsp; Vous avez besoin d&rsquo;envoyer des mat\u00e9riaux, des produits ou des marchandises par la route ? Le transport routier reste la m\u00e9thode d&rsquo;exp\u00e9dition des marchandises la plus populaire de par sa flexibilit\u00e9, son accessibilit\u00e9 et sa fiabilit\u00e9. Chez Cargomax International, nous avons une vaste exp\u00e9rience dans les solutions [&hellip;]<\/p>\n","protected":false},"author":100010012,"featured_media":0,"parent":0,"menu_order":0,"comment_status":"closed","ping_status":"closed","template":"landingv2.php","meta":{"_exactmetrics_skip_tracking":false,"_exactmetrics_sitenote_active":false,"_exactmetrics_sitenote_note":"","_exactmetrics_sitenote_category":0,"footnotes":""},"yst_prominent_words":[3259,3251,481,465,478,485,2068,2404,3250,3249,471,482,345,480,484,357,476,69,479,367],"class_list":["post-8730","page","type-page","status-publish","hentry"],"_links":{"self":[{"href":"https:\/\/www.cargomaxintl.com\/fr\/wp-json\/wp\/v2\/pages\/8730","targetHints":{"allow":["GET"]}}],"collection":[{"href":"https:\/\/www.cargomaxintl.com\/fr\/wp-json\/wp\/v2\/pages"}],"about":[{"href":"https:\/\/www.cargomaxintl.com\/fr\/wp-json\/wp\/v2\/types\/page"}],"author":[{"embeddable":true,"href":"https:\/\/www.cargomaxintl.com\/fr\/wp-json\/wp\/v2\/users\/100010012"}],"replies":[{"embeddable":true,"href":"https:\/\/www.cargomaxintl.com\/fr\/wp-json\/wp\/v2\/comments?post=8730"}],"version-history":[{"count":20,"href":"https:\/\/www.cargomaxintl.com\/fr\/wp-json\/wp\/v2\/pages\/8730\/revisions"}],"predecessor-version":[{"id":20188,"href":"https:\/\/www.cargomaxintl.com\/fr\/wp-json\/wp\/v2\/pages\/8730\/revisions\/20188"}],"wp:attachment":[{"href":"https:\/\/www.cargomaxintl.com\/fr\/wp-json\/wp\/v2\/media?parent=8730"}],"wp:term":[{"taxonomy":"yst_prominent_words","embeddable":true,"href":"https:\/\/www.cargomaxintl.com\/fr\/wp-json\/wp\/v2\/yst_prominent_words?post=8730"}],"curies":[{"name":"wp","href":"https:\/\/api.w.org\/{rel}","templated":true}]}}