{"id":8686,"date":"2021-07-07T14:21:02","date_gmt":"2021-07-07T14:21:02","guid":{"rendered":"https:\/\/www.cargomaxintl.com\/service-ocean-freight\/"},"modified":"2024-07-29T14:34:34","modified_gmt":"2024-07-29T14:34:34","slug":"service-fret-maritime","status":"publish","type":"page","link":"https:\/\/www.cargomaxintl.com\/fr\/service-fret-maritime\/","title":{"rendered":"FRET MARITIME"},"content":{"rendered":"<div class=\"wpb-content-wrapper\"><p>[vc_row full_width=\u00a0\u00bbstretch_row_content_no_spaces\u00a0\u00bb][vc_column css=\u00a0\u00bb.vc_custom_1625599177640{margin-bottom: 0px !important;padding-top: 100px !important;padding-bottom: 450px !important;background-image: url(https:\/\/www.cargomaxintl.com\/wp-content\/uploads\/2021\/07\/AdobeStock_425553508-scaled.jpeg?id=8581) !important;background-position: center !important;background-repeat: no-repeat !important;background-size: cover !important;}\u00a0\u00bb][\/vc_column][\/vc_row][vc_row css=\u00a0\u00bb.vc_custom_1615239797322{padding-top: 50px !important;padding-bottom: 0px !important;background-color: #ffffff !important;}\u00a0\u00bb el_class=\u00a0\u00bbabout\u00a0\u00bb][vc_column width=\u00a0\u00bb1\/5&Prime;][\/vc_column][vc_column width=\u00a0\u00bb3\/5&Prime;][vc_column_text css=\u00a0\u00bb.vc_custom_1625842518704{padding-right: 10px !important;padding-left: 10px !important;}\u00a0\u00bb el_class=\u00a0\u00bbp-header\u00a0\u00bb]<\/p>\n<h1 class=\"title\" style=\"color: #ff0000; text-align: center;\">FRET MARITIME<\/h1>\n<hr \/>\n<p><strong><span style=\"vertical-align: inherit;\">Transport de tous les types de fret maritime<\/span><\/strong><br \/>\n<span style=\"vertical-align: inherit;\"> Nos services de fret maritime veillent \u00e0 ce que votre marchandise soit livr\u00e9e de fa\u00e7on efficace et en toute s\u00e9curit\u00e9 \u00e0 des clients ou des projets sur les march\u00e9s internationaux. Nous nous sp\u00e9cialisons dans l&rsquo;exp\u00e9dition de marchandises et de mat\u00e9riaux \u00e0 l&rsquo;\u00e9tranger avec une \u00e9quipe d&rsquo;experts et un excellent syst\u00e8me pour g\u00e9rer l&rsquo;ensemble de la logistique. .<\/span><\/p>\n<p><span style=\"vertical-align: inherit;\">Nos routes de fret maritime comprennent pratiquement tous les ports majeurs et mineurs du monde.<\/span><\/p>\n<p>&nbsp;<\/p>\n<p><span style=\"vertical-align: inherit;\">En <\/span><strong><span style=\"vertical-align: inherit;\">Cargomax International<\/span><\/strong><span style=\"vertical-align: inherit;\"> vous proposez des solutions de fret maritime sur mesure et flexibles pour vous assurer d&rsquo;obtenir le service dont vous avez besoin, en gardant vos co\u00fbts aussi bas que possible. Cela comprend::<\/span><\/p>\n<p><span style=\"vertical-align: inherit;\">&#8211; Cargaisons de conteneurs complets (FCL) <\/span><br \/>\n<span style=\"vertical-align: inherit;\">&#8211; Cargaisons de conteneurs partiellement remplis (LCL) <\/span><br \/>\n<span style=\"vertical-align: inherit;\">&#8211; Roll on \/ Roll off (Ro \/ Ro) dans le monde entier, depuis l&rsquo;Am\u00e9rique du Nord vers des destinations internationales <\/span><br \/>\n<span style=\"vertical-align: inherit;\">&#8211; Service de fret de marchandises en vrac (breakbulk)\u00a0 dans le monde entier, depuis l&rsquo;Am\u00e9rique du Nord vers des destinations internationales <\/span><br \/>\n<span style=\"vertical-align: inherit;\">&#8211; Fret de marchandises surdimensionn\u00e9es depuis l&rsquo;Am\u00e9rique du Nord vers des destinations internationales <\/span><br \/>\n<span style=\"vertical-align: inherit;\">&#8211; Et plus encore<\/span><\/p>\n<p>[\/vc_column_text][vc_row_inner][vc_column_inner][vc_separator][vc_column_text]<\/p>\n<h4><strong>Voici quelques-unes de nos sp\u00e9cialit\u00e9s principales :<\/strong><\/h4>\n<p>&nbsp;<\/p>\n<p><strong>\u2022 Fret maritime<\/strong> &#8211; Nous pouvons exp\u00e9dier vos marchandises vers les ports des pays dans le monde entier d&rsquo;une mani\u00e8re fiable, abordable et rapide.Au cours des derni\u00e8res d\u00e9cennies, nous avons b\u00e2ti un vaste r\u00e9seau qui nous permet d&rsquo;offrir ces services et de mettre \u00e0 votre disposition une \u00e9quipe interne tr\u00e8s exp\u00e9riment\u00e9e.<\/p>\n<p>&nbsp;<\/p>\n<p><strong>\u2022 Transport de tous les types de conteneurs<\/strong>&#8211; Quelle que soit la taille du conteneur dont vous avez besoin pour exp\u00e9dier vos marchandises, et quelle que soit la taille de vos produits ou mat\u00e9riaux, nous avons la solution exacte pour vous.Pendant des ann\u00e9es, nous avons exp\u00e9di\u00e9 des conteneurs de toutes les tailles utilis\u00e9es dans l&rsquo;industrie. Nos solutions polyvalentes veilleront \u00e0 ce que vos marchandises arrivent \u00e0 leur destination dans n&rsquo;importe quelle taille ou quel type de conteneur que vous souhaitez utiliser.<\/p>\n<p>&nbsp;<\/p>\n<p>&nbsp;<\/p>\n<p><strong>\u2022 Solutions Ro\/Ro &#8211; <\/strong> Si vous avez du fret sur roues, nous offrons des solutions de transport de type Ro\/Ro.Ce type de services comprend des v\u00e9hicules de construction, des tracteurs et camions combin\u00e9s, des camions et remorques, des autobus scolaires, des autobus urbains, des autobus de transport en commun, voitures de collection, des motos destin\u00e9es \u00e0 la salle d&rsquo;exposition, nouveau wagon ou tout autre v\u00e9hicule mobile. Nos transporteurs de v\u00e9hicules sp\u00e9cialement con\u00e7us assurent que votre exp\u00e9dition soit aussi s\u00e9curitaire et simple que possible. Vous pouvez transporter facilement pneus de rechange et autres accessoires qui peuvent rentrer dans le v\u00e9hicule. En outre, vous pouvez \u00e9conomiser de l&rsquo;argent avec nos solutions Ro\/Ro car elles ne n\u00e9cessitent ni ascenseurs ni grues. Nous utilisons plut\u00f4t des rampes pour faire sortir votre marchandise du transport et l&rsquo;acheminer \u00e0 sa destination.<\/p>\n<p>&nbsp;<\/p>\n<p><strong>\u2022 Fret surdimensionn\u00e9<\/strong>&#8211; Si votre cargaison ne peut pas \u00eatre envoy\u00e9e dans une bo\u00eete ou conteneur pr\u00e9d\u00e9fini, nous avons la solution.Nous sommes experts en marchandises de grandes dimensions, en surpoids ou des formes inhabituelles, quelles que soient ses complexit\u00e9s. Nous pouvons g\u00e9rer ces types d&rsquo;exp\u00e9ditions gr\u00e2ce \u00e0 notre approche positive et innovante, notre connaissance approfondie de l&rsquo;industrie du fret ainsi que des technologies disponibles.<\/p>\n<p>&nbsp;<\/p>\n<p>&nbsp;<\/p>\n<p><strong>\u2022 Logistique de projets<\/strong>&#8211; Ceci est la solution id\u00e9ale si vous avez des d\u00e9lais stricts avec peu de marge d&rsquo;erreur. Nous sommes \u00e9galement experts dans la manipulation d&rsquo;objets uniques et irrempla\u00e7ables. Dans chacun de ces sc\u00e9narios, nous avons l&rsquo;exp\u00e9rience pour comprendre les processus suppl\u00e9mentaires et les \u00e9tapes essentielles qui doivent \u00eatre suivies pour s&rsquo;assurer que la marchandise soit correctement prot\u00e9g\u00e9e et livr\u00e9e le plus rapidement possible. Nous faisons ce travail avec une approche pratique et en gardant en t\u00eate \u00e0 chacune des \u00e9tapes que lorsque la cargaison est entre nos mains, vous nous faites confiance. Nous travaillons avec des repr\u00e9sentants de plusieurs industries, des institutions gouvernementales, des chercheurs, des organisations ind\u00e9pendantes, entre bien plus<\/p>\n<p>&nbsp;<\/p>\n<p>[\/vc_column_text][\/vc_column_inner][\/vc_row_inner][\/vc_column][vc_column width=\u00a0\u00bb1\/5&Prime;][\/vc_column][\/vc_row][vc_row full_width=\u00a0\u00bbstretch_row\u00a0\u00bb el_class=\u00a0\u00bbship\u00a0\u00bb css=\u00a0\u00bb.vc_custom_1625772914880{background-color: #ae0218 !important;}\u00a0\u00bb][vc_column width=\u00a0\u00bb1\/5&Prime;][\/vc_column][vc_column width=\u00a0\u00bb3\/5&Prime;][vc_column_text]<\/p>\n<h3 class=\"title\" style=\"text-align: center;\"><span style=\"color: #ffffff;\"><strong>INFORMATION DE CONTACT<\/strong><\/span><\/h3>\n<p style=\"text-align: center;\"><span style=\"color: #ffffff;\"><strong>BUREAU CHEF<\/strong><\/span><span style=\"color: #ffffff;\"><strong>\u00a0<\/strong><\/span><\/p>\n<p style=\"text-align: center;\"><span style=\"color: #ffffff;\"><strong>CARGOMAX INTERNATONAL INC<\/strong><\/span><\/p>\n<p style=\"text-align: center;\"><span style=\"color: #ffffff;\"><strong><span class=\"fa fa-mobile-phone\"> <strong>TEL:<\/strong>\u00a0\u00a0\u00a0\u00a0\u00a0\u00a0<a style=\"color: white;\" href=\"tel:(450) 619-6034\"><strong>(450) 619-6034<\/strong><\/a><\/span><\/strong><\/span><\/p>\n<p style=\"text-align: center;\"><span style=\"color: #ffffff;\"><strong><i class=\"fa fa-print\"><\/i> FAX: \u00a0\u00a0\u00a0\u00a0 <a style=\"color: white;\" href=\"tel:(450) 619-6047\">(450) 619-6047<\/a><\/strong><\/span><\/p>\n<p style=\"text-align: center;\"><span style=\"color: #ffffff;\"><strong>T\u00c9L\u00c9PHONE SANS FRAIS: <a style=\"color: white;\" href=\"tel:1-800-535-6385\">1-800-535-6385<\/a> (SANS FRAIS EN AM\u00c9RIQUE DU NORD)<\/strong><\/span><\/p>\n<p>&nbsp;<\/p>\n<p style=\"text-align: center;\"><span style=\"color: #ffffff;\"><strong>D\u00c9PARTEMENTS:<\/strong><\/span><\/p>\n<p style=\"text-align: center;\"><span style=\"color: #ffffff;\"><strong>\u00a0 \u00a0 TARIFICATION ET VENTE: <\/strong><a style=\"color: white;\" href=\"mailto:sales@cargomaxintl.com\"><strong>sales@cargomaxintl.com<\/strong><\/a><\/span><\/p>\n<p style=\"text-align: center;\"><span style=\"color: #ffffff;\"><strong>\u00a0 \u00a0 \u00a0 \u00a0 R\u00c9SERVATION: <\/strong><a style=\"color: white;\" href=\"mailto:info@cargomaxintl.com\"><strong>info@cargomaxintl.com<\/strong><\/a><\/span><\/p>\n<p style=\"text-align: center;\"><span style=\"color: #ffffff;\"><strong>\u00a0 DOCUMENTATION: <\/strong><a style=\"color: white;\" href=\"mailto: info@cargomaxintl.com\"> <strong>info@cargomaxintl.com<\/strong><\/a><\/span><\/p>\n<p>[\/vc_column_text][\/vc_column][vc_column width=\u00a0\u00bb1\/5&Prime;][\/vc_column][\/vc_row]<\/p>\n<\/div>","protected":false},"excerpt":{"rendered":"<p>[vc_row full_width=\u00a0\u00bbstretch_row_content_no_spaces\u00a0\u00bb][vc_column css=\u00a0\u00bb.vc_custom_1625599177640{margin-bottom: 0px !important;padding-top: 100px !important;padding-bottom: 450px !important;background-image: url(https:\/\/www.cargomaxintl.com\/wp-content\/uploads\/2021\/07\/AdobeStock_425553508-scaled.jpeg?id=8581) !important;background-position: center !important;background-repeat: no-repeat !important;background-size: cover !important;}\u00a0\u00bb][\/vc_column][\/vc_row][vc_row css=\u00a0\u00bb.vc_custom_1615239797322{padding-top: 50px !important;padding-bottom: 0px !important;background-color: #ffffff !important;}\u00a0\u00bb el_class=\u00a0\u00bbabout\u00a0\u00bb][vc_column width=\u00a0\u00bb1\/5&Prime;][\/vc_column][vc_column width=\u00a0\u00bb3\/5&Prime;][vc_column_text css=\u00a0\u00bb.vc_custom_1625842518704{padding-right: 10px !important;padding-left: 10px !important;}\u00a0\u00bb el_class=\u00a0\u00bbp-header\u00a0\u00bb] FRET MARITIME Transport de tous les types de fret maritime Nos services de fret maritime veillent \u00e0 ce que votre marchandise soit [&hellip;]<\/p>\n","protected":false},"author":100010012,"featured_media":0,"parent":0,"menu_order":0,"comment_status":"closed","ping_status":"closed","template":"landingv2.php","meta":{"_exactmetrics_skip_tracking":false,"_exactmetrics_sitenote_active":false,"_exactmetrics_sitenote_note":"","_exactmetrics_sitenote_category":0,"footnotes":""},"yst_prominent_words":[3237,3231,3235,3270,3268,448,445,3228,446,3234,3227,447,3232,3233,3229,444,350,3269,3267,3230],"class_list":["post-8686","page","type-page","status-publish","hentry"],"_links":{"self":[{"href":"https:\/\/www.cargomaxintl.com\/fr\/wp-json\/wp\/v2\/pages\/8686","targetHints":{"allow":["GET"]}}],"collection":[{"href":"https:\/\/www.cargomaxintl.com\/fr\/wp-json\/wp\/v2\/pages"}],"about":[{"href":"https:\/\/www.cargomaxintl.com\/fr\/wp-json\/wp\/v2\/types\/page"}],"author":[{"embeddable":true,"href":"https:\/\/www.cargomaxintl.com\/fr\/wp-json\/wp\/v2\/users\/100010012"}],"replies":[{"embeddable":true,"href":"https:\/\/www.cargomaxintl.com\/fr\/wp-json\/wp\/v2\/comments?post=8686"}],"version-history":[{"count":31,"href":"https:\/\/www.cargomaxintl.com\/fr\/wp-json\/wp\/v2\/pages\/8686\/revisions"}],"predecessor-version":[{"id":20024,"href":"https:\/\/www.cargomaxintl.com\/fr\/wp-json\/wp\/v2\/pages\/8686\/revisions\/20024"}],"wp:attachment":[{"href":"https:\/\/www.cargomaxintl.com\/fr\/wp-json\/wp\/v2\/media?parent=8686"}],"wp:term":[{"taxonomy":"yst_prominent_words","embeddable":true,"href":"https:\/\/www.cargomaxintl.com\/fr\/wp-json\/wp\/v2\/yst_prominent_words?post=8686"}],"curies":[{"name":"wp","href":"https:\/\/api.w.org\/{rel}","templated":true}]}}