{"id":8649,"date":"2021-07-07T14:36:07","date_gmt":"2021-07-07T14:36:07","guid":{"rendered":"https:\/\/www.cargomaxintl.com\/roroservices\/"},"modified":"2024-07-29T14:41:41","modified_gmt":"2024-07-29T14:41:41","slug":"roro-services","status":"publish","type":"page","link":"https:\/\/www.cargomaxintl.com\/fr\/roro-services\/","title":{"rendered":"LES SERVICES RORO"},"content":{"rendered":"<div class=\"wpb-content-wrapper\"><p>[vc_row][vc_column][rev_slider_vc alias=\u00a0\u00bbroro-1&Prime;][\/vc_column][\/vc_row][vc_row][vc_column width=\u00a0\u00bb1\/5&Prime;][\/vc_column][vc_column width=\u00a0\u00bb3\/5&Prime;][vc_column_text el_class=\u00a0\u00bbp-header\u00a0\u00bb][vc_row][vc_column width=\u00a0\u00bb1\/1&Prime;][vc_column_text]<\/p>\n<h1 class=\"title\" style=\"color: #ff0000; text-align: center;\">LES\u00a0 SERVICES RORO<\/h1>\n<hr \/>\n<h3><\/h3>\n<p>&nbsp;<\/p>\n<h3><strong>R\u00e9pondre \u00e0 tous vos besoins RORO (roll on roll)<\/strong><\/h3>\n<p>La m\u00e9thode d&rsquo;exp\u00e9dition RORO (roll on roll) convient \u00e0 presque tout ce qui a des roues. Chez Cargomax International, nous offrons une livraison RoRo fiable et rentable partout dans le monde, avec le service fourni par notre \u00e9quipe de professionnels. Nous d\u00e9velopperons une solution sur mesure pour vos besoins afin que votre marchandise arrive \u00e0 destination en toute s\u00e9curit\u00e9 et \u00e0 temps.<br \/>\nQue pouvez-vous exp\u00e9dier en utilisant les services RoRo?<br \/>\nLe crit\u00e8re principal pour l&rsquo;exp\u00e9dition RoRo est la cargaison doit avoir des roues. Ceci comprend:<\/p>\n<p><strong>\u2022 V\u00e9hicules de tourisme<\/strong><br \/>\n<strong> \u2022 Camions et autres poids lourds<\/strong><br \/>\n<strong> \u2022 Vans<\/strong><br \/>\n<strong> \u2022 Mat\u00e9riel de construction ou v\u00e9hicules<\/strong><br \/>\n<strong> \u2022 \u00c9quipement minier sur roues<\/strong><br \/>\n<strong> \u2022 \u00c9quipement, y compris l&rsquo;\u00e9quipement lourd<\/strong><br \/>\n<strong> \u2022 V\u00e9hicules r\u00e9cr\u00e9atifs<\/strong><br \/>\n<strong> \u2022 Bandes-annonces<\/strong><br \/>\n<strong>\u2022 Voitures de chemin de fer<\/strong><br \/>\n<strong> \u2022 V\u00e9hicules sp\u00e9cialis\u00e9s<\/strong><br \/>\n<strong> \u2022 Bateaux y compris les yachts<\/strong><br \/>\n<strong> \u2022 Et plus<\/strong><br \/>\n<strong>\u2022 Maisons mobiles, caravanes et autos-caravanes<\/strong><\/p>\n<p>&nbsp;<\/p>\n<p>En outre, RoRo convient aux v\u00e9hicules de toute taille ou poids, y compris les machines lourdes ou les v\u00e9hicules \u00e9lev\u00e9s.[\/vc_column_text][vc_separator][vc_column_text]<\/p>\n<h3 style=\"text-align: left;\"><strong>Quelle est la diff\u00e9rence entre RoRo et l&rsquo;exp\u00e9dition de conteneurs?<\/strong><\/h3>\n<p>&nbsp;<\/p>\n<p>RoRo signifie essentiellement que votre cargaison est roul\u00e9e sur le navire ou le traversier au port de d\u00e9part, puis repartie au port de destination. Les navires et les traversiers ont des rampes sp\u00e9cialement construites et des baies de chargement pour faciliter cela.<\/p>\n<p>Vos v\u00e9hicules ou votre cargaison peuvent rouler et s&rsquo;\u00e9teindre sous leur puissance ou ils peuvent \u00eatre pouss\u00e9s \/ tir\u00e9s \u00e0 l&rsquo;aide d&rsquo;\u00e9quipements sp\u00e9cialis\u00e9s utilis\u00e9s par le personnel du port.<\/p>\n<p>Une fois que le v\u00e9hicule ou la cargaison est sur le navire, il est s\u00e9curis\u00e9 \u00e0 l&rsquo;aide de blocs, d&rsquo;entretoises et de traverses. Cela garantit qu&rsquo;il ne bouge pas ou n&rsquo;est pas endommag\u00e9 pendant le voyage. En outre, les zones de cargaison du navire sont s\u00e9curis\u00e9es pour prot\u00e9ger vos v\u00e9hicules ou d&rsquo;autres marchandises \u00e0 roues contre les \u00e9l\u00e9ments.<\/p>\n<p>D&rsquo;autre part, le transport de conteneurs consiste \u00e0 soulever des marchandises \u00e0 bord et \u00e0 l&rsquo;ext\u00e9rieur du navire \u00e0 l&rsquo;aide d&rsquo;une grue. La cargaison est g\u00e9n\u00e9ralement \u00e0 l&rsquo;int\u00e9rieur d&rsquo;un conteneur.<\/p>\n<p>&nbsp;<\/p>\n<h3 style=\"text-align: left;\"><strong>Ce que vous devez savoir sur RoRo<\/strong><\/h3>\n<p>&nbsp;<\/p>\n<p>Nos options d&rsquo;exp\u00e9dition RoRo sont rapides, fiables et s\u00e9curitaires, de plus vous pouvez exp\u00e9dier des v\u00e9hicules et d&rsquo;autres marchandises sur roues vers presque toutes les destinations. Cependant, il y a deux choses importantes \u00e0 retenir au sujet de l&rsquo;exp\u00e9dition RoRo.<\/p>\n<p>Tout d&rsquo;abord, vous devriez vous assurer que vous avez une couverture d&rsquo;assurance ad\u00e9quate, tout comme vous le feriez pour d&rsquo;autres formes de fret. Deuxi\u00e8mement, vous ne pouvez pas inclure des effets personnels avec un v\u00e9hicule qui est exp\u00e9di\u00e9 en utilisant la m\u00e9thode RoRo. Si vous devez inclure des effets personnels, vous devriez plut\u00f4t envisager d&rsquo;exp\u00e9dier des conteneurs.<\/p>\n<p>&nbsp;<\/p>\n<h3><strong>Avantages RoRo<\/strong><\/h3>\n<p>&nbsp;<\/p>\n<p>\u2022RoRo est le moyen le plus simple d&rsquo;exp\u00e9dier la plupart des marchandises sur roues, y compris les v\u00e9hicules de tourisme, les camions et les fourgonnettes. Comme c&rsquo;est le plus simple, c&rsquo;est g\u00e9n\u00e9ralement le moins cher.<\/p>\n<p>\u2022 L&rsquo;un des moyens de r\u00e9duire les co\u00fbts avec RoRo est que vous n&rsquo;avez pas besoin de pr\u00e9parer la cargaison comme vous le feriez si vous exp\u00e9diez dans un conteneur. Lorsque vous utilisez l&rsquo;exp\u00e9dition par conteneur, la marchandise doit \u00eatre emball\u00e9e, transport\u00e9e et \/ ou stock\u00e9e dans le conteneur, ce qui s&rsquo;ajoute \u00e0 vos co\u00fbts globaux.<\/p>\n<p>\u2022 En raison des points mentionn\u00e9s ci-dessus, l&rsquo;exp\u00e9dition RoRo est l&rsquo;option la plus rapide.<\/p>\n<p>&nbsp;<\/p>\n<h3><strong>Quand devriez-vous utiliser les services RoRo?<\/strong><\/h3>\n<p>&nbsp;<\/p>\n<p>\u2022 Lorsque vous voulez exp\u00e9dier un v\u00e9hicule ou un autre type de chargement qui a des roues<br \/>\n\u2022 Lorsque vous n&rsquo;avez pas besoin d&rsquo;inclure des articles personnels ou suppl\u00e9mentaires avec le v\u00e9hicule<br \/>\n\u2022 Si vous voulez une option simple et rapide<br \/>\n\u2022 Quand vous voulez garder les co\u00fbts bas[\/vc_column_text][\/vc_column][vc_column width=\u00a0\u00bb1\/5&Prime;][\/vc_column][\/vc_row][vc_row full_width=\u00a0\u00bbstretch_row\u00a0\u00bb css=\u00a0\u00bb.vc_custom_1625766963771{background-color: #ae0218 !important;}\u00a0\u00bb el_class=\u00a0\u00bbship\u00a0\u00bb][vc_column el_class=\u00a0\u00bbship\u00a0\u00bb][vc_column_text]<\/p>\n<h3 class=\"title\" style=\"text-align: center;\"><span style=\"color: #ffffff;\"><strong>INFORMATION DE CONTACT<\/strong><\/span><\/h3>\n<p style=\"text-align: center;\"><span style=\"color: #ffffff;\"><strong>BUREAU CHEF<\/strong><\/span><span style=\"color: #ffffff;\"><strong>\u00a0<\/strong><\/span><\/p>\n<p style=\"text-align: center;\"><span style=\"color: #ffffff;\"><strong>CARGOMAX INTERNATONAL INC<\/strong><\/span><\/p>\n<p style=\"text-align: center;\"><span style=\"color: #ffffff;\"><span class=\"fa fa-mobile-phone\"> <strong>TEL:<\/strong>\u00a0\u00a0\u00a0\u00a0\u00a0\u00a0<a style=\"color: white;\" href=\"tel:(450) 619-6034\"><strong>(450) 619-6034<\/strong><\/a><\/span><\/span><\/p>\n<p style=\"text-align: center;\"><span style=\"color: #ffffff;\"><strong><i class=\"fa fa-print\"><\/i> FAX: \u00a0\u00a0\u00a0\u00a0 <a style=\"color: white;\" href=\"tel:(450) 619-6047\">(450) 619-6047<\/a><\/strong><\/span><\/p>\n<p style=\"text-align: center;\"><span style=\"color: #ffffff;\"><strong>T\u00c9L\u00c9PHONE SANS FRAIS: <a style=\"color: white;\" href=\"tel:1-800-535-6385\">1-800-535-6385<\/a> (SANS FRAIS EN AM\u00c9RIQUE DU NORD)<\/strong><\/span><\/p>\n<p>&nbsp;<\/p>\n<p style=\"text-align: center;\"><span style=\"color: #ffffff;\"><strong>D\u00c9PARTEMENTS:<\/strong><\/span><\/p>\n<p style=\"text-align: center;\"><span style=\"color: #ffffff;\"><strong>\u00a0 \u00a0 TARIFICATION ET VENTE: <\/strong><a style=\"color: white;\" href=\"mailto:SALES@CARGOMAXINTL.COM\">SALES@CARGOMAXINTL.COM<\/a><\/span><\/p>\n<p style=\"text-align: center;\"><span style=\"color: #ffffff;\"><strong>\u00a0 \u00a0 \u00a0 \u00a0 R\u00c9SERVATION: <\/strong><a style=\"color: white;\" href=\"mailto:RORO@CARGOMAXINTL.COM\">RORO@CARGOMAXINTL.COM<\/a><\/span><\/p>\n<p style=\"text-align: center;\"><span style=\"color: #ffffff;\"><strong>\u00a0 DOCUMENTATION: <\/strong><a style=\"color: white;\" href=\"mailto: RORO@CARGOMAXINTL.COM\">RORO@CARGOMAXINTL.COM<\/a><\/span><\/p>\n<p>[\/vc_column_text][\/vc_column][\/vc_row]<\/p>\n<\/div>","protected":false},"excerpt":{"rendered":"<p>[vc_row][vc_column][rev_slider_vc alias=\u00a0\u00bbroro-1&Prime;][\/vc_column][\/vc_row][vc_row][vc_column width=\u00a0\u00bb1\/5&Prime;][\/vc_column][vc_column width=\u00a0\u00bb3\/5&Prime;][vc_column_text el_class=\u00a0\u00bbp-header\u00a0\u00bb][vc_row][vc_column width=\u00a0\u00bb1\/1&Prime;][vc_column_text] LES\u00a0 SERVICES RORO &nbsp; R\u00e9pondre \u00e0 tous vos besoins RORO (roll on roll) La m\u00e9thode d&rsquo;exp\u00e9dition RORO (roll on roll) convient \u00e0 presque tout ce qui a des roues. Chez Cargomax International, nous offrons une livraison RoRo fiable et rentable partout dans le monde, avec le service fourni par [&hellip;]<\/p>\n","protected":false},"author":100010012,"featured_media":0,"parent":0,"menu_order":0,"comment_status":"closed","ping_status":"closed","template":"landingv2.php","meta":{"_exactmetrics_skip_tracking":false,"_exactmetrics_sitenote_active":false,"_exactmetrics_sitenote_note":"","_exactmetrics_sitenote_category":0,"footnotes":""},"yst_prominent_words":[606,602,540,341,539,701,604,346,700,603,542,67,516,607,702,605,597,601,538,541],"class_list":["post-8649","page","type-page","status-publish","hentry"],"_links":{"self":[{"href":"https:\/\/www.cargomaxintl.com\/fr\/wp-json\/wp\/v2\/pages\/8649","targetHints":{"allow":["GET"]}}],"collection":[{"href":"https:\/\/www.cargomaxintl.com\/fr\/wp-json\/wp\/v2\/pages"}],"about":[{"href":"https:\/\/www.cargomaxintl.com\/fr\/wp-json\/wp\/v2\/types\/page"}],"author":[{"embeddable":true,"href":"https:\/\/www.cargomaxintl.com\/fr\/wp-json\/wp\/v2\/users\/100010012"}],"replies":[{"embeddable":true,"href":"https:\/\/www.cargomaxintl.com\/fr\/wp-json\/wp\/v2\/comments?post=8649"}],"version-history":[{"count":25,"href":"https:\/\/www.cargomaxintl.com\/fr\/wp-json\/wp\/v2\/pages\/8649\/revisions"}],"predecessor-version":[{"id":20185,"href":"https:\/\/www.cargomaxintl.com\/fr\/wp-json\/wp\/v2\/pages\/8649\/revisions\/20185"}],"wp:attachment":[{"href":"https:\/\/www.cargomaxintl.com\/fr\/wp-json\/wp\/v2\/media?parent=8649"}],"wp:term":[{"taxonomy":"yst_prominent_words","embeddable":true,"href":"https:\/\/www.cargomaxintl.com\/fr\/wp-json\/wp\/v2\/yst_prominent_words?post=8649"}],"curies":[{"name":"wp","href":"https:\/\/api.w.org\/{rel}","templated":true}]}}