{"id":4641,"date":"2020-08-31T22:16:32","date_gmt":"2020-08-31T22:16:32","guid":{"rendered":"https:\/\/www.cargomaxintl.com\/?page_id=4641"},"modified":"2024-07-23T15:05:41","modified_gmt":"2024-07-23T15:05:41","slug":"services-offerts-vers-le-nicaragua","status":"publish","type":"page","link":"https:\/\/www.cargomaxintl.com\/fr\/services-offerts-vers-le-nicaragua\/","title":{"rendered":"SERVICES OFFERTS VERS LE NICARAGUA"},"content":{"rendered":"<div class=\"wpb-content-wrapper\"><p>[vc_row][vc_column parallax=\u00a0\u00bbcontent-moving\u00a0\u00bb css=\u00a0\u00bb.vc_custom_1581543170125{padding-top: 100px !important;padding-bottom: 100px !important;background-image: url(https:\/\/www.cargomaxintl.com\/wp-content\/uploads\/2020\/02\/services.jpg?id=2636) !important;background-position: center !important;background-repeat: no-repeat !important;background-size: cover !important;}\u00a0\u00bb][vc_custom_heading text=\u00a0\u00bbSERVICES OFFERTS VERS LE NICARAGUA\u00a0\u00bb font_container=\u00a0\u00bbtag:div|font_size:35|text_align:center|color:%23ffffff\u00a0\u00bb google_fonts=\u00a0\u00bbfont_family:Alegreya%20SC%3Aregular%2Citalic%2C700%2C700italic%2C900%2C900italic|font_style:700%20bold%20regular%3A700%3Anormal\u00a0\u00bb css=\u00a0\u00bb.vc_custom_1598038590057{padding-top: 15px !important;padding-bottom: 15px !important;background-color: rgba(23,49,72,0.4) !important;*background-color: rgb(23,49,72) !important;}\u00a0\u00bb][\/vc_column][\/vc_row][vc_row][vc_column][vc_column_text]<\/p>\n<p>[\/vc_column_text][\/vc_column][\/vc_row][vc_row css=\u00a0\u00bb.vc_custom_1581532568731{padding-top: 50px !important;padding-bottom: 50px !important;}\u00a0\u00bb][vc_column width=\u00a0\u00bb1\/4&Prime;][\/vc_column][vc_column width=\u00a0\u00bb1\/2&Prime; css=\u00a0\u00bb.vc_custom_1581533381464{padding-right: 20px !important;padding-left: 20px !important;}\u00a0\u00bb][vc_column_text]<strong>Exp\u00e9diez-vous vers le Nicaragua\u2009? Comment trouver le bon partenaire\u2009?<\/strong><\/p>\n<p>Premi\u00e8rement, vous devez voir si le transporteur que vous consid\u00e9rez utiliser a suffisamment d\u2019exp\u00e9rience dans la gestion des op\u00e9rations de logistique au Nicaragua ou d\u2019autres pays d\u2019Am\u00e9rique latine. Rien n\u2019est comparable avec travailler avec une \u00e9quipe qui comprend r\u00e9ellement la dynamique de la logistique et la culture du commerce ext\u00e9rieur dans la r\u00e9gion o\u00f9 vous voulez investir.<\/p>\n<p>Ensuite, v\u00e9rifiez si la gamme de services offerts par cette compagnie correspond aux besoins de votre entreprise et ses besoins en logistique. Si vous avez besoin de transporter des v\u00e9hicules au Nicaragua par Ro-Ro, par exemple, vous devriez vous fier \u00e0 un transporteur qui a de l\u2019exp\u00e9rience dans ce type d\u2019op\u00e9rations dans le pays. Toujours regarder pour un partenaire qui a de l\u2019expertise dans les domaines o\u00f9 vous avez le plus besoin d\u2019aide.<\/p>\n<p>&nbsp;<\/p>\n<p>Finalement, assurez que vous consid\u00e9rez l\u2019infrastructure g\u00e9n\u00e9rale du transporteur. L\u2019id\u00e9al est de pouvoir compter sur l\u2019aide d\u2019une compagnie qui a du personnel et des installations pour vous servir \u00e0 la fois dans votre pays et en Am\u00e9rique latine. Cela leur permet d\u2019\u00eatre rejoints facilement pendant tout le processus et vous donner une assistance personnalis\u00e9e.<\/p>\n<p>Vous pensez probablement que c\u2019est tr\u00e8s difficile de trouver un transporteur de cargo qui comprend tous ces aspects dans leurs services. Mais vous pourriez changer d\u2019avis apr\u00e8s en avoir appris plus au sujet de Cargomax International.<\/p>\n<p>&nbsp;<\/p>\n<p><strong>Cargomax International \u2014 les experts en logistique pour l\u2019Am\u00e9rique latine<\/strong><\/p>\n<p>Cargomax fut fond\u00e9e en 2001 avec le but de fournir aux compagnies des solutions de transport international d\u2019une grande qualit\u00e9, des services de logistiques int\u00e9gr\u00e9es, de projets de cha\u00eene d\u2019approvisionnement, et plus encore. Bien que vous op\u00e9rions partout dans le monde, nous nous sp\u00e9cialisons dans le transport maritime en Am\u00e9rique latine et dans les Cara\u00efbes.<\/p>\n<p>Chaque solution fournie par Cargomax sera personnalis\u00e9e selon vos besoins, avec la fiabilit\u00e9 et la flexibilit\u00e9 au c\u0153ur de notre service. Nous arrivons \u00e0 faire cela en adaptant nos syst\u00e8mes et personnels pour nous assurer que vous ayez une solution personnalis\u00e9e de grande qualit\u00e9 qui r\u00e9pond \u00e0 vos besoins sp\u00e9cifiques.<\/p>\n<p><strong>\u00a0<\/strong><\/p>\n<p><strong>Pour plus d\u2019informations \u00e0 propos de nos services, cliquez sur le lien ci-dessous\u00a0: <\/strong>[\/vc_column_text][vc_btn title=\u00a0\u00bbEXP\u00c9DITION AU NICARAGUA\u00a0\u00bb style=\u00a0\u00bbclassic\u00a0\u00bb color=\u00a0\u00bbdefault\u00a0\u00bb link=\u00a0\u00bburl:https%3A%2F%2Fwww.cargomaxintl.com%2Ffr%2Fexpedition-au-nicaragua%2F|title:Shipping%20to%20Nicaragua||\u00a0\u00bb][\/vc_column][vc_column width=\u00a0\u00bb1\/4&Prime;][\/vc_column][\/vc_row][vc_row][vc_column width=\u00a0\u00bb1\/4&Prime;][vc_single_image image=\u00a0\u00bb4549&Prime; img_size=\u00a0\u00bb472&#215;329&Prime; alignment=\u00a0\u00bbcenter\u00a0\u00bb style=\u00a0\u00bbvc_box_rounded\u00a0\u00bb][\/vc_column][vc_column width=\u00a0\u00bb1\/4&Prime;][vc_single_image image=\u00a0\u00bb4552&Prime; img_size=\u00a0\u00bb473&#215;329&Prime; alignment=\u00a0\u00bbcenter\u00a0\u00bb style=\u00a0\u00bbvc_box_rounded\u00a0\u00bb][\/vc_column][vc_column width=\u00a0\u00bb1\/4&Prime;][vc_single_image image=\u00a0\u00bb4555&Prime; img_size=\u00a0\u00bb473&#215;329&Prime; alignment=\u00a0\u00bbright\u00a0\u00bb style=\u00a0\u00bbvc_box_rounded\u00a0\u00bb][\/vc_column][vc_column width=\u00a0\u00bb1\/4&Prime;][vc_single_image image=\u00a0\u00bb4558&Prime; img_size=\u00a0\u00bb473&#215;329&Prime; alignment=\u00a0\u00bbcenter\u00a0\u00bb style=\u00a0\u00bbvc_box_rounded\u00a0\u00bb][\/vc_column][\/vc_row][vc_row css=\u00a0\u00bb.vc_custom_1581290636311{padding-bottom: 100px !important;background-image: url(https:\/\/www.cargomaxintl.com\/wp-content\/uploads\/2020\/02\/Footer1.jpg?id=2670) !important;}\u00a0\u00bb][vc_column width=\u00a0\u00bb1\/4&Prime;][\/vc_column][vc_column width=\u00a0\u00bb1\/2&Prime;][vc_column_text css=\u00a0\u00bb.vc_custom_1721747046928{margin-top: 50px !important;border-top-width: 2px !important;border-bottom-width: 2px !important;padding-bottom: 25px !important;border-top-color: #fa8156 !important;border-top-style: solid !important;border-bottom-color: #fa8156 !important;border-bottom-style: solid !important;}\u00a0\u00bb]<\/p>\n<h3 style=\"text-align: center;\"><span style=\"color: white;\">CONTACTEZ LE SERVICE CLIENT CARGOMAX<\/span><\/h3>\n<h5 style=\"text-align: center;\"><span style=\"color: white; display: block; padding-bottom: 5px;\"><span style=\"color: white; display: block;\"><br \/>\n<i class=\"fa fa-envelope\"><\/i> Courriel: <a style=\"color: white !important;\" href=\"mailto:info@cargomaxintl.com\">info@cargomaxintl.com<\/a><\/span><\/span><\/h5>\n<p>[\/vc_column_text][\/vc_column][vc_column width=\u00a0\u00bb1\/4&Prime;][\/vc_column][\/vc_row]<\/p>\n<\/div>","protected":false},"excerpt":{"rendered":"<p>[vc_row][vc_column parallax=\u00a0\u00bbcontent-moving\u00a0\u00bb css=\u00a0\u00bb.vc_custom_1581543170125{padding-top: 100px !important;padding-bottom: 100px !important;background-image: url(https:\/\/www.cargomaxintl.com\/wp-content\/uploads\/2020\/02\/services.jpg?id=2636) !important;background-position: center !important;background-repeat: no-repeat !important;background-size: cover !important;}\u00a0\u00bb][vc_custom_heading text=\u00a0\u00bbSERVICES OFFERTS VERS LE NICARAGUA\u00a0\u00bb font_container=\u00a0\u00bbtag:div|font_size:35|text_align:center|color:%23ffffff\u00a0\u00bb google_fonts=\u00a0\u00bbfont_family:Alegreya%20SC%3Aregular%2Citalic%2C700%2C700italic%2C900%2C900italic|font_style:700%20bold%20regular%3A700%3Anormal\u00a0\u00bb css=\u00a0\u00bb.vc_custom_1598038590057{padding-top: 15px !important;padding-bottom: 15px !important;background-color: rgba(23,49,72,0.4) !important;*background-color: rgb(23,49,72) !important;}\u00a0\u00bb][\/vc_column][\/vc_row][vc_row][vc_column][vc_column_text] [\/vc_column_text][\/vc_column][\/vc_row][vc_row css=\u00a0\u00bb.vc_custom_1581532568731{padding-top: 50px !important;padding-bottom: 50px !important;}\u00a0\u00bb][vc_column width=\u00a0\u00bb1\/4&Prime;][\/vc_column][vc_column width=\u00a0\u00bb1\/2&Prime; css=\u00a0\u00bb.vc_custom_1581533381464{padding-right: 20px !important;padding-left: 20px !important;}\u00a0\u00bb][vc_column_text]Exp\u00e9diez-vous vers le Nicaragua\u2009? Comment trouver le bon partenaire\u2009? Premi\u00e8rement, vous devez [&hellip;]<\/p>\n","protected":false},"author":4,"featured_media":0,"parent":0,"menu_order":0,"comment_status":"closed","ping_status":"closed","template":"landing.php","meta":{"_exactmetrics_skip_tracking":false,"_exactmetrics_sitenote_active":false,"_exactmetrics_sitenote_note":"","_exactmetrics_sitenote_category":0,"footnotes":""},"yst_prominent_words":[2405,2379,1282,1080,1221,1241,2404,1556,2402,341,1100,138,1245,611,1969,2396,2401,2403,367,2400],"class_list":["post-4641","page","type-page","status-publish","hentry"],"_links":{"self":[{"href":"https:\/\/www.cargomaxintl.com\/fr\/wp-json\/wp\/v2\/pages\/4641","targetHints":{"allow":["GET"]}}],"collection":[{"href":"https:\/\/www.cargomaxintl.com\/fr\/wp-json\/wp\/v2\/pages"}],"about":[{"href":"https:\/\/www.cargomaxintl.com\/fr\/wp-json\/wp\/v2\/types\/page"}],"author":[{"embeddable":true,"href":"https:\/\/www.cargomaxintl.com\/fr\/wp-json\/wp\/v2\/users\/4"}],"replies":[{"embeddable":true,"href":"https:\/\/www.cargomaxintl.com\/fr\/wp-json\/wp\/v2\/comments?post=4641"}],"version-history":[{"count":8,"href":"https:\/\/www.cargomaxintl.com\/fr\/wp-json\/wp\/v2\/pages\/4641\/revisions"}],"predecessor-version":[{"id":19988,"href":"https:\/\/www.cargomaxintl.com\/fr\/wp-json\/wp\/v2\/pages\/4641\/revisions\/19988"}],"wp:attachment":[{"href":"https:\/\/www.cargomaxintl.com\/fr\/wp-json\/wp\/v2\/media?parent=4641"}],"wp:term":[{"taxonomy":"yst_prominent_words","embeddable":true,"href":"https:\/\/www.cargomaxintl.com\/fr\/wp-json\/wp\/v2\/yst_prominent_words?post=4641"}],"curies":[{"name":"wp","href":"https:\/\/api.w.org\/{rel}","templated":true}]}}