{"id":4402,"date":"2020-08-16T22:27:30","date_gmt":"2020-08-16T22:27:30","guid":{"rendered":"https:\/\/www.cargomaxintl.com\/?page_id=4402"},"modified":"2024-07-22T17:35:43","modified_gmt":"2024-07-22T17:35:43","slug":"aeroports-internationaux-du-guatemala","status":"publish","type":"page","link":"https:\/\/www.cargomaxintl.com\/fr\/aeroports-internationaux-du-guatemala\/","title":{"rendered":"A\u00e9roports Internationaux du Guatemala"},"content":{"rendered":"<div class=\"wpb-content-wrapper\"><p>[vc_row][vc_column parallax=\u00a0\u00bbcontent-moving\u00a0\u00bb css=\u00a0\u00bb.vc_custom_1582007838572{padding-top: 100px !important;padding-bottom: 100px !important;background-image: url(https:\/\/www.cargomaxintl.com\/wp-content\/uploads\/2020\/02\/airports.jpg?id=2642) !important;background-position: center !important;background-repeat: no-repeat !important;background-size: cover !important;}\u00a0\u00bb][vc_custom_heading text=\u00a0\u00bbA\u00c9ROPORTS INTERNATIONAUX DU GUATEMALA\u00a0\u00bb font_container=\u00a0\u00bbtag:div|font_size:30|text_align:center|color:%23ffffff\u00a0\u00bb google_fonts=\u00a0\u00bbfont_family:Alegreya%20SC%3Aregular%2Citalic%2C700%2C700italic%2C900%2C900italic|font_style:700%20bold%20regular%3A700%3Anormal\u00a0\u00bb css=\u00a0\u00bb.vc_custom_1597028266623{padding-top: 15px !important;padding-bottom: 15px !important;background-color: rgba(23,49,72,0.4) !important;*background-color: rgb(23,49,72) !important;}\u00a0\u00bb][\/vc_column][\/vc_row][vc_row css=\u00a0\u00bb.vc_custom_1581532568731{padding-top: 50px !important;padding-bottom: 50px !important;}\u00a0\u00bb][vc_column width=\u00a0\u00bb1\/4&Prime;][\/vc_column][vc_column width=\u00a0\u00bb1\/2&Prime; css=\u00a0\u00bb.vc_custom_1581533381464{padding-right: 20px !important;padding-left: 20px !important;}\u00a0\u00bb][vc_column_text]<\/p>\n<h4><\/h4>\n<h4><strong>A\u00e9roports internationaux de cargo au Guatemala\u00a0:<\/strong><\/h4>\n<p>Il y a deux a\u00e9roports internationaux au Guatemala\u00a0: l\u2019a\u00e9roport international La Aurora et l\u2019a\u00e9roport international Mundo Maya.<\/p>\n<p><strong>A\u00e9roport international La Aurora<\/strong><\/p>\n<p>Situ\u00e9e dans la ville de Guatemala, la capitale, La Aurora est le principal a\u00e9roport du pays et le quatri\u00e8me plus occup\u00e9 en Am\u00e9rique centrale. Il a subi de nombreuses r\u00e9novations depuis 2007, avec de nouvelles portes et une capacit\u00e9 accrue. Il accueille 20 lignes a\u00e9riennes de passagers avec 24 destinations et 15 lignes a\u00e9riennes de cargo desservant 14 destinations.<\/p>\n<p><strong>A\u00e9roport international Maya Mundo<\/strong><\/p>\n<p>C\u2019est le deuxi\u00e8me plus important a\u00e9roport du pays, il est situ\u00e9 dans la partie nord de la ville de Flor\u00e8s, dans le nord du pays. Bien qu\u2019il soit plus petit que La Aurora, c\u2019est tout de m\u00eame l\u2019un des a\u00e9roports les plus occup\u00e9s d\u2019Am\u00e9rique centrale, alors que les passagers y viennent pour visiter les destinations touristiques situ\u00e9es dans le nord du pays. Il ne dessert que 5\u00a0compagnies a\u00e9riennes, volant vers les villes de Guatemala et de B\u00e9lize.[\/vc_column_text][\/vc_column][vc_column width=\u00a0\u00bb1\/4&Prime;][\/vc_column][\/vc_row][vc_row][vc_column width=\u00a0\u00bb1\/3&Prime;][vc_single_image image=\u00a0\u00bb4317&Prime; img_size=\u00a0\u00bbfull\u00a0\u00bb alignment=\u00a0\u00bbcenter\u00a0\u00bb style=\u00a0\u00bbvc_box_rounded\u00a0\u00bb][\/vc_column][vc_column width=\u00a0\u00bb1\/3&Prime;][vc_single_image image=\u00a0\u00bb4323&Prime; img_size=\u00a0\u00bbfull\u00a0\u00bb alignment=\u00a0\u00bbcenter\u00a0\u00bb style=\u00a0\u00bbvc_box_rounded\u00a0\u00bb][\/vc_column][vc_column width=\u00a0\u00bb1\/3&Prime;][vc_single_image image=\u00a0\u00bb4320&Prime; img_size=\u00a0\u00bbfull\u00a0\u00bb alignment=\u00a0\u00bbcenter\u00a0\u00bb style=\u00a0\u00bbvc_box_rounded\u00a0\u00bb][\/vc_column][\/vc_row][vc_row css=\u00a0\u00bb.vc_custom_1581290636311{padding-bottom: 100px !important;background-image: url(https:\/\/www.cargomaxintl.com\/wp-content\/uploads\/2020\/02\/Footer1.jpg?id=2670) !important;}\u00a0\u00bb][vc_column width=\u00a0\u00bb1\/4&Prime;][\/vc_column][vc_column width=\u00a0\u00bb1\/2&Prime;][vc_column_text css=\u00a0\u00bb.vc_custom_1721669647540{margin-top: 50px !important;border-top-width: 2px !important;border-bottom-width: 2px !important;padding-bottom: 25px !important;border-top-color: #fa8156 !important;border-top-style: solid !important;border-bottom-color: #fa8156 !important;border-bottom-style: solid !important;}\u00a0\u00bb]<\/p>\n<h3 style=\"text-align: center;\"><span style=\"color: white;\">CONTACTEZ LE SERVICE CLIENT CARGOMAX<\/span><\/h3>\n<h5 style=\"text-align: center;\"><span style=\"color: white; display: block;\"><span style=\"color: white; display: block;\"><i class=\"fa fa-envelope\"><\/i> Courriel: <a style=\"color: white !important;\" href=\"info@cargomaxintl.com\">info@cargomaxintl.com<\/a><\/span><\/span><\/h5>\n<p>[\/vc_column_text][\/vc_column][vc_column width=\u00a0\u00bb1\/4&Prime;][\/vc_column][\/vc_row]<\/p>\n<\/div>","protected":false},"excerpt":{"rendered":"<p>[vc_row][vc_column parallax=\u00a0\u00bbcontent-moving\u00a0\u00bb css=\u00a0\u00bb.vc_custom_1582007838572{padding-top: 100px !important;padding-bottom: 100px !important;background-image: url(https:\/\/www.cargomaxintl.com\/wp-content\/uploads\/2020\/02\/airports.jpg?id=2642) !important;background-position: center !important;background-repeat: no-repeat !important;background-size: cover !important;}\u00a0\u00bb][vc_custom_heading text=\u00a0\u00bbA\u00c9ROPORTS INTERNATIONAUX DU GUATEMALA\u00a0\u00bb font_container=\u00a0\u00bbtag:div|font_size:30|text_align:center|color:%23ffffff\u00a0\u00bb google_fonts=\u00a0\u00bbfont_family:Alegreya%20SC%3Aregular%2Citalic%2C700%2C700italic%2C900%2C900italic|font_style:700%20bold%20regular%3A700%3Anormal\u00a0\u00bb css=\u00a0\u00bb.vc_custom_1597028266623{padding-top: 15px !important;padding-bottom: 15px !important;background-color: rgba(23,49,72,0.4) !important;*background-color: rgb(23,49,72) !important;}\u00a0\u00bb][\/vc_column][\/vc_row][vc_row css=\u00a0\u00bb.vc_custom_1581532568731{padding-top: 50px !important;padding-bottom: 50px !important;}\u00a0\u00bb][vc_column width=\u00a0\u00bb1\/4&Prime;][\/vc_column][vc_column width=\u00a0\u00bb1\/2&Prime; css=\u00a0\u00bb.vc_custom_1581533381464{padding-right: 20px !important;padding-left: 20px !important;}\u00a0\u00bb][vc_column_text] A\u00e9roports internationaux de cargo au Guatemala\u00a0: Il y a deux a\u00e9roports internationaux au [&hellip;]<\/p>\n","protected":false},"author":4,"featured_media":0,"parent":0,"menu_order":0,"comment_status":"closed","ping_status":"closed","template":"landing.php","meta":{"_exactmetrics_skip_tracking":false,"_exactmetrics_sitenote_active":false,"_exactmetrics_sitenote_note":"","_exactmetrics_sitenote_category":0,"footnotes":""},"yst_prominent_words":[2290,1275,2296,2265,1080,2292,2286,2285,97,2297,2295,2299,2288,2298,2230,2289,2293,2287,2291,2294],"class_list":["post-4402","page","type-page","status-publish","hentry"],"_links":{"self":[{"href":"https:\/\/www.cargomaxintl.com\/fr\/wp-json\/wp\/v2\/pages\/4402","targetHints":{"allow":["GET"]}}],"collection":[{"href":"https:\/\/www.cargomaxintl.com\/fr\/wp-json\/wp\/v2\/pages"}],"about":[{"href":"https:\/\/www.cargomaxintl.com\/fr\/wp-json\/wp\/v2\/types\/page"}],"author":[{"embeddable":true,"href":"https:\/\/www.cargomaxintl.com\/fr\/wp-json\/wp\/v2\/users\/4"}],"replies":[{"embeddable":true,"href":"https:\/\/www.cargomaxintl.com\/fr\/wp-json\/wp\/v2\/comments?post=4402"}],"version-history":[{"count":9,"href":"https:\/\/www.cargomaxintl.com\/fr\/wp-json\/wp\/v2\/pages\/4402\/revisions"}],"predecessor-version":[{"id":19965,"href":"https:\/\/www.cargomaxintl.com\/fr\/wp-json\/wp\/v2\/pages\/4402\/revisions\/19965"}],"wp:attachment":[{"href":"https:\/\/www.cargomaxintl.com\/fr\/wp-json\/wp\/v2\/media?parent=4402"}],"wp:term":[{"taxonomy":"yst_prominent_words","embeddable":true,"href":"https:\/\/www.cargomaxintl.com\/fr\/wp-json\/wp\/v2\/yst_prominent_words?post=4402"}],"curies":[{"name":"wp","href":"https:\/\/api.w.org\/{rel}","templated":true}]}}