{"id":4060,"date":"2020-07-25T06:15:17","date_gmt":"2020-07-25T06:15:17","guid":{"rendered":"https:\/\/www.cargomaxintl.com\/?page_id=4060"},"modified":"2024-07-22T18:31:07","modified_gmt":"2024-07-22T18:31:07","slug":"aeroports-internationaux-a-honduras","status":"publish","type":"page","link":"https:\/\/www.cargomaxintl.com\/fr\/aeroports-internationaux-a-honduras\/","title":{"rendered":"A\u00e9roports Internationaux \u00e0 Honduras"},"content":{"rendered":"<div class=\"wpb-content-wrapper\"><p>[vc_row][vc_column parallax=\u00a0\u00bbcontent-moving\u00a0\u00bb css=\u00a0\u00bb.vc_custom_1582007838572{padding-top: 100px !important;padding-bottom: 100px !important;background-image: url(https:\/\/www.cargomaxintl.com\/wp-content\/uploads\/2020\/02\/airports.jpg?id=2642) !important;background-position: center !important;background-repeat: no-repeat !important;background-size: cover !important;}\u00a0\u00bb][vc_custom_heading text=\u00a0\u00bbA\u00c9ROPORTS INTERNATIONAUX \u00c0 HONDURAS\u00a0\u00bb font_container=\u00a0\u00bbtag:div|font_size:30|text_align:center|color:%23ffffff\u00a0\u00bb google_fonts=\u00a0\u00bbfont_family:Alegreya%20SC%3Aregular%2Citalic%2C700%2C700italic%2C900%2C900italic|font_style:700%20bold%20regular%3A700%3Anormal\u00a0\u00bb css=\u00a0\u00bb.vc_custom_1595667406315{padding-top: 15px !important;padding-bottom: 15px !important;background-color: rgba(23,49,72,0.4) !important;*background-color: rgb(23,49,72) !important;}\u00a0\u00bb][\/vc_column][\/vc_row][vc_row css=\u00a0\u00bb.vc_custom_1581532568731{padding-top: 50px !important;padding-bottom: 50px !important;}\u00a0\u00bb][vc_column width=\u00a0\u00bb1\/4&Prime;][\/vc_column][vc_column width=\u00a0\u00bb1\/2&Prime; css=\u00a0\u00bb.vc_custom_1581533381464{padding-right: 20px !important;padding-left: 20px !important;}\u00a0\u00bb][vc_column_text]<\/p>\n<h4><strong>A\u00e9roports internationaux de cargo au Honduras\u00a0:<\/strong><\/h4>\n<p>Il y a plusieurs a\u00e9roports au Honduras, mais seulement quatre peuvent accueillir des voyageurs et des cargos internationaux. De ceux-ci, Toncontin et Ramon Villeda Morales sont les plus gros et g\u00e8rent la majorit\u00e9 des envois de\/vers le Canada et les \u00c9tats-Unis.<\/p>\n<p>&nbsp;<\/p>\n<p><strong>A\u00e9roport international Golos\u00f3n<\/strong><\/p>\n<p>Situ\u00e9 dans la partie ouest de La Ceiba, la troisi\u00e8me plus grande ville du Honduras, Golos\u00f3n est desservi par quatre lignes a\u00e9riennes nationales et une internationale\u00a0: Cayman Airways.<\/p>\n<p><strong>A\u00e9roport international Juan Manuel G\u00e1lvez<\/strong><\/p>\n<p>Situ\u00e9 sur l\u2019\u00eele de Roatan, environ 50\u00a0km au large des c\u00f4tes du Honduras, l\u2019a\u00e9roport international de Coxen Hole est desservi par onze lignes a\u00e9riennes internationales et par trois nationales.<\/p>\n<p><strong>A\u00e9roport international Ram\u00f3n Villeda Morales<\/strong><\/p>\n<p>Aussi connu sous La Mesa International, l\u2019a\u00e9roport international Ramon Villeda Morales est situ\u00e9 11\u00a0km au sud de San Pedro Sula et il est le plus grand et le plus achaland\u00e9 des a\u00e9roports du Honduras. Il est desservi par plus de 150\u00a0lignes a\u00e9riennes nationales et internationales.<\/p>\n<p><strong>A\u00e9roport international Toncont\u00edn<\/strong><\/p>\n<p>Situ\u00e9 environ 10\u00a0km au sud de la capitale du Honduras, Tegucigalpa, l\u2019a\u00e9roport international de Toncontin est c\u00e9l\u00e8bre pour son approche de piste dangereuse. Par contre, des am\u00e9liorations \u00e0 l\u2019installation ont augment\u00e9 la s\u00e9curit\u00e9 et c\u2019est le deuxi\u00e8me a\u00e9roport le plus achaland\u00e9 du Honduras, il est desservi par 9\u00a0compagnies a\u00e9riennes nationales et internationales.[\/vc_column_text][\/vc_column][vc_column width=\u00a0\u00bb1\/4&Prime;][\/vc_column][\/vc_row][vc_row][vc_column width=\u00a0\u00bb1\/4&Prime; css=\u00a0\u00bb.vc_custom_1595585343189{margin-right: 0px !important;margin-left: 0px !important;padding-right: 0px !important;padding-left: 0px !important;}\u00a0\u00bb][vc_single_image image=\u00a0\u00bb3939&Prime; img_size=\u00a0\u00bb396&#215;330&Prime; alignment=\u00a0\u00bbright\u00a0\u00bb css=\u00a0\u00bb.vc_custom_1595585361245{margin-right: 0px !important;margin-left: 0px !important;padding-right: 0px !important;padding-left: 0px !important;}\u00a0\u00bb][\/vc_column][vc_column width=\u00a0\u00bb1\/4&Prime; css=\u00a0\u00bb.vc_custom_1595585289882{margin-right: 0px !important;margin-left: 0px !important;padding-right: 0px !important;padding-left: 0px !important;}\u00a0\u00bb][vc_single_image image=\u00a0\u00bb3936&Prime; img_size=\u00a0\u00bb532&#215;363&Prime; alignment=\u00a0\u00bbcenter\u00a0\u00bb css=\u00a0\u00bb.vc_custom_1595585226679{margin-right: 0px !important;margin-left: 0px !important;padding-right: 0px !important;padding-left: 0px !important;}\u00a0\u00bb][\/vc_column][vc_column width=\u00a0\u00bb1\/4&Prime; css=\u00a0\u00bb.vc_custom_1595585268252{margin-right: 0px !important;margin-left: 0px !important;padding-right: 0px !important;padding-left: 0px !important;}\u00a0\u00bb][vc_single_image image=\u00a0\u00bb3933&Prime; img_size=\u00a0\u00bbfull\u00a0\u00bb alignment=\u00a0\u00bbcenter\u00a0\u00bb css=\u00a0\u00bb.vc_custom_1595585177886{margin-right: 0px !important;margin-left: 0px !important;padding-right: 0px !important;padding-left: 0px !important;}\u00a0\u00bb][\/vc_column][vc_column width=\u00a0\u00bb1\/4&Prime; css=\u00a0\u00bb.vc_custom_1595585143574{margin-right: 0px !important;margin-left: 0px !important;padding-right: 0px !important;padding-left: 0px !important;}\u00a0\u00bb][vc_single_image image=\u00a0\u00bb3930&Prime; img_size=\u00a0\u00bb387&#215;330&Prime; css=\u00a0\u00bb.vc_custom_1595585249601{margin-right: 0px !important;margin-left: 0px !important;padding-right: 0px !important;padding-left: 0px !important;}\u00a0\u00bb][\/vc_column][\/vc_row][vc_row css=\u00a0\u00bb.vc_custom_1581290636311{padding-bottom: 100px !important;background-image: url(https:\/\/www.cargomaxintl.com\/wp-content\/uploads\/2020\/02\/Footer1.jpg?id=2670) !important;}\u00a0\u00bb][vc_column width=\u00a0\u00bb1\/4&Prime;][\/vc_column][vc_column width=\u00a0\u00bb1\/2&Prime;][vc_column_text css=\u00a0\u00bb.vc_custom_1721672971294{margin-top: 50px !important;border-top-width: 2px !important;border-bottom-width: 2px !important;padding-bottom: 25px !important;border-top-color: #fa8156 !important;border-top-style: solid !important;border-bottom-color: #fa8156 !important;border-bottom-style: solid !important;}\u00a0\u00bb]<\/p>\n<h3 style=\"text-align: center;\"><span style=\"color: white;\">CONTACTEZ LE SERVICE CLIENT CARGOMAX<\/span><\/h3>\n<h5 style=\"text-align: center;\"><span style=\"color: white; display: block;\"><i class=\"fa fa-envelope\"><\/i> Courriel: <a style=\"color: white !important;\" href=\"mailto:info@cargomaxintl.com\">info@cargomaxintl.com<\/a><\/span><\/h5>\n<p>[\/vc_column_text][\/vc_column][vc_column width=\u00a0\u00bb1\/4&Prime;][\/vc_column][\/vc_row]<\/p>\n<\/div>","protected":false},"excerpt":{"rendered":"<p>[vc_row][vc_column parallax=\u00a0\u00bbcontent-moving\u00a0\u00bb css=\u00a0\u00bb.vc_custom_1582007838572{padding-top: 100px !important;padding-bottom: 100px !important;background-image: url(https:\/\/www.cargomaxintl.com\/wp-content\/uploads\/2020\/02\/airports.jpg?id=2642) !important;background-position: center !important;background-repeat: no-repeat !important;background-size: cover !important;}\u00a0\u00bb][vc_custom_heading text=\u00a0\u00bbA\u00c9ROPORTS INTERNATIONAUX \u00c0 HONDURAS\u00a0\u00bb font_container=\u00a0\u00bbtag:div|font_size:30|text_align:center|color:%23ffffff\u00a0\u00bb google_fonts=\u00a0\u00bbfont_family:Alegreya%20SC%3Aregular%2Citalic%2C700%2C700italic%2C900%2C900italic|font_style:700%20bold%20regular%3A700%3Anormal\u00a0\u00bb css=\u00a0\u00bb.vc_custom_1595667406315{padding-top: 15px !important;padding-bottom: 15px !important;background-color: rgba(23,49,72,0.4) !important;*background-color: rgb(23,49,72) !important;}\u00a0\u00bb][\/vc_column][\/vc_row][vc_row css=\u00a0\u00bb.vc_custom_1581532568731{padding-top: 50px !important;padding-bottom: 50px !important;}\u00a0\u00bb][vc_column width=\u00a0\u00bb1\/4&Prime;][\/vc_column][vc_column width=\u00a0\u00bb1\/2&Prime; css=\u00a0\u00bb.vc_custom_1581533381464{padding-right: 20px !important;padding-left: 20px !important;}\u00a0\u00bb][vc_column_text] A\u00e9roports internationaux de cargo au Honduras\u00a0: Il y a plusieurs a\u00e9roports au Honduras, [&hellip;]<\/p>\n","protected":false},"author":4,"featured_media":0,"parent":0,"menu_order":0,"comment_status":"closed","ping_status":"closed","template":"landing.php","meta":{"_exactmetrics_skip_tracking":false,"_exactmetrics_sitenote_active":false,"_exactmetrics_sitenote_note":"","_exactmetrics_sitenote_category":0,"footnotes":""},"yst_prominent_words":[1993,1992,1275,1998,2003,1994,2002,1972,2000,1991,1997,1990,1996,1999,2004,1995,1989,2001,1892,1896],"class_list":["post-4060","page","type-page","status-publish","hentry"],"_links":{"self":[{"href":"https:\/\/www.cargomaxintl.com\/fr\/wp-json\/wp\/v2\/pages\/4060","targetHints":{"allow":["GET"]}}],"collection":[{"href":"https:\/\/www.cargomaxintl.com\/fr\/wp-json\/wp\/v2\/pages"}],"about":[{"href":"https:\/\/www.cargomaxintl.com\/fr\/wp-json\/wp\/v2\/types\/page"}],"author":[{"embeddable":true,"href":"https:\/\/www.cargomaxintl.com\/fr\/wp-json\/wp\/v2\/users\/4"}],"replies":[{"embeddable":true,"href":"https:\/\/www.cargomaxintl.com\/fr\/wp-json\/wp\/v2\/comments?post=4060"}],"version-history":[{"count":5,"href":"https:\/\/www.cargomaxintl.com\/fr\/wp-json\/wp\/v2\/pages\/4060\/revisions"}],"predecessor-version":[{"id":19975,"href":"https:\/\/www.cargomaxintl.com\/fr\/wp-json\/wp\/v2\/pages\/4060\/revisions\/19975"}],"wp:attachment":[{"href":"https:\/\/www.cargomaxintl.com\/fr\/wp-json\/wp\/v2\/media?parent=4060"}],"wp:term":[{"taxonomy":"yst_prominent_words","embeddable":true,"href":"https:\/\/www.cargomaxintl.com\/fr\/wp-json\/wp\/v2\/yst_prominent_words?post=4060"}],"curies":[{"name":"wp","href":"https:\/\/api.w.org\/{rel}","templated":true}]}}