{"id":3752,"date":"2020-05-12T03:57:40","date_gmt":"2020-05-12T03:57:40","guid":{"rendered":"https:\/\/www.cargomaxintl.com\/international-seaports-in-panama\/"},"modified":"2024-07-23T17:19:14","modified_gmt":"2024-07-23T17:19:14","slug":"ports-maritimes-internationaux-panama","status":"publish","type":"page","link":"https:\/\/www.cargomaxintl.com\/fr\/ports-maritimes-internationaux-panama\/","title":{"rendered":"Ports maritimes internationaux Panama"},"content":{"rendered":"<div class=\"wpb-content-wrapper\"><p>[vc_row][vc_column parallax=\u00a0\u00bbcontent-moving\u00a0\u00bb css=\u00a0\u00bb.vc_custom_1581612693615{padding-top: 100px !important;padding-bottom: 100px !important;background-image: url(https:\/\/www.cargomaxintl.com\/wp-content\/uploads\/2020\/02\/ports.jpg?id=2639) !important;background-position: center !important;background-repeat: no-repeat !important;background-size: cover !important;}\u00a0\u00bb][vc_custom_heading text=\u00a0\u00bbPORTS MARITIMES INTERNATIONAUX PANAMA\u00a0\u00bb font_container=\u00a0\u00bbtag:div|font_size:35|text_align:center|color:%23ffffff\u00a0\u00bb google_fonts=\u00a0\u00bbfont_family:Alegreya%20SC%3Aregular%2Citalic%2C700%2C700italic%2C900%2C900italic|font_style:700%20bold%20regular%3A700%3Anormal\u00a0\u00bb css=\u00a0\u00bb.vc_custom_1589266236873{padding-top: 15px !important;padding-bottom: 15px !important;background-color: rgba(23,49,72,0.4) !important;*background-color: rgb(23,49,72) !important;}\u00a0\u00bb][\/vc_column][\/vc_row][vc_row css=\u00a0\u00bb.vc_custom_1581532568731{padding-top: 50px !important;padding-bottom: 50px !important;}\u00a0\u00bb][vc_column width=\u00a0\u00bb1\/4&Prime;][\/vc_column][vc_column width=\u00a0\u00bb1\/2&Prime; css=\u00a0\u00bb.vc_custom_1581533381464{padding-right: 20px !important;padding-left: 20px !important;}\u00a0\u00bb][vc_column_text]<strong>\u00a0<\/strong><\/p>\n<p><strong>Terminal international de Manzanillo (MIT)<\/strong><\/p>\n<p>Situ\u00e9 sur la c\u00f4te Atlantique, au nord de l\u2019entr\u00e9e du canal, le MIT est connect\u00e9 \u00e0 Frances Field, le plus grand espace d\u2019entreposage de la zone franche de Colon. Il s\u2019agit d\u2019un complexe logistique complet avec un syst\u00e8me de conteneur de niveau mondial et un terminal Ro-Ro, de grandes zones de stockage de conteneurs, un parc logistique et une plate-forme reliant les services de transport maritime, terrestre, ferroviaire et a\u00e9rien.<\/p>\n<p><strong>\u00a0<\/strong><\/p>\n<p><strong>Terminal de conteneurs de Colon<\/strong><\/p>\n<p>Ce terminal de conteneurs moderne est situ\u00e9 \u00e0 Coco Solo North, une province de Colon, en faisant le port id\u00e9al pour les biens allant ou venant de la zone franche de Colon. Il est reli\u00e9 \u00e0 la zone franche \u00e0 la fois par la route et un chemin de fer.<\/p>\n<p><strong>\u00a0<\/strong><\/p>\n<p><strong>Cristobal\u00a0\u00a0\u00a0\u00a0\u00a0\u00a0\u00a0\u00a0\u00a0\u00a0\u00a0\u00a0\u00a0\u00a0\u00a0\u00a0\u00a0\u00a0\u00a0\u00a0\u00a0\u00a0\u00a0\u00a0\u00a0\u00a0\u00a0\u00a0\u00a0\u00a0\u00a0\u00a0\u00a0\u00a0\u00a0\u00a0\u00a0\u00a0\u00a0\u00a0\u00a0\u00a0\u00a0\u00a0 <\/strong><\/p>\n<p>L\u2019un des plus vieux ports du Panama, Cristobal est situ\u00e9 dans la baie de Limon au sud-est de la ville de Colon et de l\u2019entr\u00e9e atlantique du canal. Cette position strat\u00e9gique donne au port un acc\u00e8s facile \u00e0 plusieurs routes maritimes importantes. C\u2019est un endroit important de consolidation pour les conteneurs, le vrac, les liquides et le fret g\u00e9n\u00e9ral.<\/p>\n<p><strong>\u00a0<\/strong><\/p>\n<p><strong>Balboa<\/strong><\/p>\n<p>Balboa est le seul terminal de conteneurs en pleine activit\u00e9 pour desservir plusieurs lignes maritimes pour les op\u00e9rations de chargement, d\u00e9chargement et de transbordement pour la r\u00e9gion Pacifique. Il connecte plusieurs services de transport de l\u2019Extr\u00eame-Orient et de l\u2019Am\u00e9rique du Nord \u00e0 la c\u00f4te ouest de l\u2019Am\u00e9rique du Sud et aux Cara\u00efbes. Il g\u00e8re les vracs secs et liquides ainsi que le fret sp\u00e9cialis\u00e9.<\/p>\n<p>&nbsp;<\/p>\n<p><strong>Terminal international PSA Panama <\/strong><\/p>\n<p>&nbsp;<\/p>\n<p>Situ\u00e9 sur le Pacifique, \u00e0 l\u2019entr\u00e9e ouest du canal, PSA est un point d\u2019interconnexion pour les compagnies maritimes qui ont besoin de transporter plus de cargos vers les pays de l\u2019Am\u00e9rique latine. Il fut construit pour la manutention des mat\u00e9riaux n\u00e9cessaires \u00e0 l\u2019agrandissement du canal, il offre maintenant une infrastructure de premier ordre.<\/p>\n<p><strong>\u00a0<\/strong><\/p>\n<p>&nbsp;<\/p>\n<p><strong>POUR PLUS D\u2019INFORMATIONS \u00c0 PROPOS DE NOS SERVICES OFFERTS VERS LE PANAMA, VEUILLEZ CLIQUER LE LIEN SUIVANT :<\/strong>[\/vc_column_text][vc_btn title=\u00a0\u00bbExp\u00e9dition vers Panama\u00a0\u00bb color=\u00a0\u00bbdefault\u00a0\u00bb link=\u00a0\u00bburl:https%3A%2F%2Fwww.cargomaxintl.com%2Ffr%2Fexpedition-vers-le-panama%2F|||\u00a0\u00bb][\/vc_column][vc_column width=\u00a0\u00bb1\/4&Prime;][\/vc_column][\/vc_row][vc_row][vc_column width=\u00a0\u00bb1\/3&Prime;][vc_single_image image=\u00a0\u00bb3469&Prime; img_size=\u00a0\u00bbfull\u00a0\u00bb alignment=\u00a0\u00bbcenter\u00a0\u00bb style=\u00a0\u00bbvc_box_rounded\u00a0\u00bb][\/vc_column][vc_column width=\u00a0\u00bb1\/3&Prime;][vc_single_image image=\u00a0\u00bb3475&Prime; img_size=\u00a0\u00bblarge\u00a0\u00bb alignment=\u00a0\u00bbcenter\u00a0\u00bb style=\u00a0\u00bbvc_box_rounded\u00a0\u00bb][\/vc_column][vc_column width=\u00a0\u00bb1\/3&Prime;][vc_single_image image=\u00a0\u00bb3472&Prime; img_size=\u00a0\u00bblarge\u00a0\u00bb alignment=\u00a0\u00bbcenter\u00a0\u00bb style=\u00a0\u00bbvc_box_rounded\u00a0\u00bb][\/vc_column][\/vc_row][vc_row css=\u00a0\u00bb.vc_custom_1581290636311{padding-bottom: 100px !important;background-image: url(https:\/\/www.cargomaxintl.com\/wp-content\/uploads\/2020\/02\/Footer1.jpg?id=2670) !important;}\u00a0\u00bb][vc_column width=\u00a0\u00bb1\/4&Prime;][\/vc_column][vc_column width=\u00a0\u00bb1\/2&Prime;][vc_column_text css=\u00a0\u00bb.vc_custom_1721755060183{margin-top: 50px !important;border-top-width: 2px !important;border-bottom-width: 2px !important;padding-bottom: 25px !important;border-top-color: #fa8156 !important;border-top-style: solid !important;border-bottom-color: #fa8156 !important;border-bottom-style: solid !important;}\u00a0\u00bb]<\/p>\n<h3 style=\"text-align: center;\"><span style=\"color: white;\">CONTACTEZ LE SERVICE CLIENT CARGOMAX<\/span><\/h3>\n<h5 style=\"text-align: center;\"><span style=\"color: white; display: block;\"><i class=\"fa fa-phone\"><\/i> T\u00e9l: +(507) 836-5933<\/span><span style=\"color: white; display: block;\"><i class=\"fa fa-envelope\"><\/i> Courriel: <a style=\"color: white !important;\" href=\"mailto:info@cargomaxintl.com\">info@cargomaxintl.com<\/a><\/span><\/h5>\n<p>[\/vc_column_text][\/vc_column][vc_column width=\u00a0\u00bb1\/4&Prime;][\/vc_column][\/vc_row]<\/p>\n<\/div>","protected":false},"excerpt":{"rendered":"<p>[vc_row][vc_column parallax=\u00a0\u00bbcontent-moving\u00a0\u00bb css=\u00a0\u00bb.vc_custom_1581612693615{padding-top: 100px !important;padding-bottom: 100px !important;background-image: url(https:\/\/www.cargomaxintl.com\/wp-content\/uploads\/2020\/02\/ports.jpg?id=2639) !important;background-position: center !important;background-repeat: no-repeat !important;background-size: cover !important;}\u00a0\u00bb][vc_custom_heading text=\u00a0\u00bbPORTS MARITIMES INTERNATIONAUX PANAMA\u00a0\u00bb font_container=\u00a0\u00bbtag:div|font_size:35|text_align:center|color:%23ffffff\u00a0\u00bb google_fonts=\u00a0\u00bbfont_family:Alegreya%20SC%3Aregular%2Citalic%2C700%2C700italic%2C900%2C900italic|font_style:700%20bold%20regular%3A700%3Anormal\u00a0\u00bb css=\u00a0\u00bb.vc_custom_1589266236873{padding-top: 15px !important;padding-bottom: 15px !important;background-color: rgba(23,49,72,0.4) !important;*background-color: rgb(23,49,72) !important;}\u00a0\u00bb][\/vc_column][\/vc_row][vc_row css=\u00a0\u00bb.vc_custom_1581532568731{padding-top: 50px !important;padding-bottom: 50px !important;}\u00a0\u00bb][vc_column width=\u00a0\u00bb1\/4&Prime;][\/vc_column][vc_column width=\u00a0\u00bb1\/2&Prime; css=\u00a0\u00bb.vc_custom_1581533381464{padding-right: 20px !important;padding-left: 20px !important;}\u00a0\u00bb][vc_column_text]\u00a0 Terminal international de Manzanillo (MIT) Situ\u00e9 sur la c\u00f4te Atlantique, au nord de [&hellip;]<\/p>\n","protected":false},"author":4,"featured_media":0,"parent":0,"menu_order":0,"comment_status":"closed","ping_status":"closed","template":"landing.php","meta":{"_exactmetrics_skip_tracking":false,"_exactmetrics_sitenote_active":false,"_exactmetrics_sitenote_note":"","_exactmetrics_sitenote_category":0,"footnotes":""},"yst_prominent_words":[1776,368,1781,379,1777,1771,1769,1689,1779,1782,1774,1772,1770,1536,1780,1784,1775,1783,1778,1773],"class_list":["post-3752","page","type-page","status-publish","hentry"],"_links":{"self":[{"href":"https:\/\/www.cargomaxintl.com\/fr\/wp-json\/wp\/v2\/pages\/3752","targetHints":{"allow":["GET"]}}],"collection":[{"href":"https:\/\/www.cargomaxintl.com\/fr\/wp-json\/wp\/v2\/pages"}],"about":[{"href":"https:\/\/www.cargomaxintl.com\/fr\/wp-json\/wp\/v2\/types\/page"}],"author":[{"embeddable":true,"href":"https:\/\/www.cargomaxintl.com\/fr\/wp-json\/wp\/v2\/users\/4"}],"replies":[{"embeddable":true,"href":"https:\/\/www.cargomaxintl.com\/fr\/wp-json\/wp\/v2\/comments?post=3752"}],"version-history":[{"count":18,"href":"https:\/\/www.cargomaxintl.com\/fr\/wp-json\/wp\/v2\/pages\/3752\/revisions"}],"predecessor-version":[{"id":20000,"href":"https:\/\/www.cargomaxintl.com\/fr\/wp-json\/wp\/v2\/pages\/3752\/revisions\/20000"}],"wp:attachment":[{"href":"https:\/\/www.cargomaxintl.com\/fr\/wp-json\/wp\/v2\/media?parent=3752"}],"wp:term":[{"taxonomy":"yst_prominent_words","embeddable":true,"href":"https:\/\/www.cargomaxintl.com\/fr\/wp-json\/wp\/v2\/yst_prominent_words?post=3752"}],"curies":[{"name":"wp","href":"https:\/\/api.w.org\/{rel}","templated":true}]}}