{"id":3598,"date":"2020-04-28T23:48:33","date_gmt":"2020-04-28T23:48:33","guid":{"rendered":"https:\/\/www.cargomaxintl.com\/country-that-have-trade-agreements-with-costa-rica\/"},"modified":"2020-05-31T02:52:49","modified_gmt":"2020-05-31T02:52:49","slug":"accords-commerciaux-avec-la-costa-rica","status":"publish","type":"page","link":"https:\/\/www.cargomaxintl.com\/fr\/accords-commerciaux-avec-la-costa-rica\/","title":{"rendered":"ACCORDS COMMERCIAUX AVEC LA COSTA RICA"},"content":{"rendered":"<div class=\"wpb-content-wrapper\"><p>[vc_row][vc_column parallax=\u00a0\u00bbcontent-moving\u00a0\u00bb css=\u00a0\u00bb.vc_custom_1582008733431{padding-top: 100px !important;padding-bottom: 100px !important;background-image: url(https:\/\/www.cargomaxintl.com\/wp-content\/uploads\/2020\/02\/trade.jpg?id=2645) !important;background-position: center !important;background-repeat: no-repeat !important;background-size: cover !important;}\u00a0\u00bb][vc_custom_heading text=\u00a0\u00bbACCORDS COMMERCIAUX AVEC LE COSTA RICA\u00a0\u00bb font_container=\u00a0\u00bbtag:div|font_size:35|text_align:center|color:%23ffffff\u00a0\u00bb google_fonts=\u00a0\u00bbfont_family:Alegreya%20SC%3Aregular%2Citalic%2C700%2C700italic%2C900%2C900italic|font_style:700%20bold%20regular%3A700%3Anormal\u00a0\u00bb css=\u00a0\u00bb.vc_custom_1590873158285{padding-top: 15px !important;padding-bottom: 15px !important;background-color: rgba(23,49,72,0.4) !important;*background-color: rgb(23,49,72) !important;}\u00a0\u00bb][\/vc_column][\/vc_row][vc_row css=\u00a0\u00bb.vc_custom_1581532568731{padding-top: 50px !important;padding-bottom: 50px !important;}\u00a0\u00bb][vc_column width=\u00a0\u00bb1\/4&Prime;][\/vc_column][vc_column width=\u00a0\u00bb1\/2&Prime; css=\u00a0\u00bb.vc_custom_1581533381464{padding-right: 20px !important;padding-left: 20px !important;}\u00a0\u00bb][vc_column_text]Depuis plus de 20\u00a0ans, le Costa Rica a d\u00e9velopp\u00e9 des ententes commerciales avec d\u2019autres pays dans le monde. Le Costa Rica a pr\u00e9sentement 13\u00a0ententes de libre-\u00e9change et 14\u00a0ententes d\u2019investissement \u00e9tranger.<\/p>\n<p>&nbsp;<\/p>\n<p><strong>ENTENTES DE LIBRE-\u00c9CHANGE\u00a0:<\/strong><\/p>\n<p>Colombie<\/p>\n<p>Am\u00e9rique centrale<\/p>\n<p>TLC Canada<\/p>\n<p>TLC CARICOM (Cara\u00efbes)<\/p>\n<p>TLC Chili<\/p>\n<p>TLC Chine<\/p>\n<p>TLC R\u00e9publique Dominicaine-Am\u00e9rique centrale-\u00c9tats-Unis (CAFTA-DR)<\/p>\n<p>TLC Mexico<\/p>\n<p>TLC Panama<\/p>\n<p>TLC R\u00e9publique Dominicaine<\/p>\n<p>TLC P\u00e9rou<\/p>\n<p>TLC Singapour<\/p>\n<p>Accord entre l\u2019Am\u00e9rique centrale et l\u2019Union europ\u00e9enne (AACUE)<\/p>\n<p>Accord TLC Union europ\u00e9enne pour le libre-\u00e9change<\/p>\n<p>&nbsp;<\/p>\n<p><strong>ENTENTES D\u2019INVESTISSEMENTS \u00c9TRANGERS\u00a0:<\/strong><\/p>\n<p>Allemagne<\/p>\n<p>Argentine<\/p>\n<p>Canada<\/p>\n<p>Chile<\/p>\n<p>Ta\u00efwan<\/p>\n<p>Cor\u00e9e<\/p>\n<p>Espagne<\/p>\n<p>France<\/p>\n<p>Pays-Bas<\/p>\n<p>Paraguay<\/p>\n<p>R\u00e9publique Tch\u00e8que<\/p>\n<p>Suisse<\/p>\n<p>Venezuela<\/p>\n<p>Qatar<\/p>\n<p><strong>\u00a0<\/strong><\/p>\n<p>&nbsp;<\/p>\n<p><strong>POUR PLUS D\u2019INFORMATIONS \u00c0 PROPOS DE NOS SERVICES OFFERTS VERS LE COSTA RICA, VEUILLEZ CLIQUER LE LIEN SUIVANT :<\/strong>[\/vc_column_text][vc_btn title=\u00a0\u00bbExp\u00e9dition vers le Costa Rica\u00a0\u00bb color=\u00a0\u00bbdefault\u00a0\u00bb link=\u00a0\u00bburl:https%3A%2F%2Fwww.cargomaxintl.com%2Ffr%2Fexpedition-vers-costa-rica%2F|||\u00a0\u00bb][\/vc_column][vc_column width=\u00a0\u00bb1\/4&Prime;][\/vc_column][\/vc_row][vc_row][vc_column width=\u00a0\u00bb1\/3&Prime;][vc_single_image image=\u00a0\u00bb3386&Prime; img_size=\u00a0\u00bbfull\u00a0\u00bb alignment=\u00a0\u00bbcenter\u00a0\u00bb style=\u00a0\u00bbvc_box_rounded\u00a0\u00bb][\/vc_column][vc_column width=\u00a0\u00bb1\/3&Prime;][vc_single_image image=\u00a0\u00bb3383&Prime; img_size=\u00a0\u00bblarge\u00a0\u00bb alignment=\u00a0\u00bbcenter\u00a0\u00bb style=\u00a0\u00bbvc_box_rounded\u00a0\u00bb][\/vc_column][vc_column width=\u00a0\u00bb1\/3&Prime;][vc_single_image image=\u00a0\u00bb3389&Prime; img_size=\u00a0\u00bblarge\u00a0\u00bb alignment=\u00a0\u00bbcenter\u00a0\u00bb style=\u00a0\u00bbvc_box_rounded\u00a0\u00bb][\/vc_column][\/vc_row][vc_row css=\u00a0\u00bb.vc_custom_1581290636311{padding-bottom: 100px !important;background-image: url(https:\/\/www.cargomaxintl.com\/wp-content\/uploads\/2020\/02\/Footer1.jpg?id=2670) !important;}\u00a0\u00bb][vc_column width=\u00a0\u00bb1\/4&Prime;][\/vc_column][vc_column width=\u00a0\u00bb1\/2&Prime;][vc_column_text css=\u00a0\u00bb.vc_custom_1590904517311{margin-top: 50px !important;border-top-width: 2px !important;border-bottom-width: 2px !important;padding-bottom: 25px !important;border-top-color: #fa8156 !important;border-top-style: solid !important;border-bottom-color: #fa8156 !important;border-bottom-style: solid !important;}\u00a0\u00bb]<\/p>\n<h3 style=\"text-align: center;\"><span style=\"color: white;\">CONTACTEZ LE SERVICE CLIENT CARGOMAX<\/span><\/h3>\n<h5 style=\"text-align: center;\"><span style=\"color: white; display: block;\"><i class=\"fa fa-phone\"><\/i> T\u00e9l: 506-4101-2142<\/span><span style=\"color: white; display: block;\"><i class=\"fa fa-envelope\"><\/i> Courriel: <a style=\"color: white !important;\" href=\"mailto:costarica@cargomaxintl.com\">costarica@cargomaxintl.com<\/a><\/span><\/h5>\n<p>[\/vc_column_text][\/vc_column][vc_column width=\u00a0\u00bb1\/4&Prime;][\/vc_column][\/vc_row]<\/p>\n<\/div>","protected":false},"excerpt":{"rendered":"<p>[vc_row][vc_column parallax=\u00a0\u00bbcontent-moving\u00a0\u00bb css=\u00a0\u00bb.vc_custom_1582008733431{padding-top: 100px !important;padding-bottom: 100px !important;background-image: url(https:\/\/www.cargomaxintl.com\/wp-content\/uploads\/2020\/02\/trade.jpg?id=2645) !important;background-position: center !important;background-repeat: no-repeat !important;background-size: cover !important;}\u00a0\u00bb][vc_custom_heading text=\u00a0\u00bbACCORDS COMMERCIAUX AVEC LE COSTA RICA\u00a0\u00bb font_container=\u00a0\u00bbtag:div|font_size:35|text_align:center|color:%23ffffff\u00a0\u00bb google_fonts=\u00a0\u00bbfont_family:Alegreya%20SC%3Aregular%2Citalic%2C700%2C700italic%2C900%2C900italic|font_style:700%20bold%20regular%3A700%3Anormal\u00a0\u00bb css=\u00a0\u00bb.vc_custom_1590873158285{padding-top: 15px !important;padding-bottom: 15px !important;background-color: rgba(23,49,72,0.4) !important;*background-color: rgb(23,49,72) !important;}\u00a0\u00bb][\/vc_column][\/vc_row][vc_row css=\u00a0\u00bb.vc_custom_1581532568731{padding-top: 50px !important;padding-bottom: 50px !important;}\u00a0\u00bb][vc_column width=\u00a0\u00bb1\/4&Prime;][\/vc_column][vc_column width=\u00a0\u00bb1\/2&Prime; css=\u00a0\u00bb.vc_custom_1581533381464{padding-right: 20px !important;padding-left: 20px !important;}\u00a0\u00bb][vc_column_text]Depuis plus de 20\u00a0ans, le Costa Rica a d\u00e9velopp\u00e9 des ententes commerciales [&hellip;]<\/p>\n","protected":false},"author":4,"featured_media":0,"parent":0,"menu_order":0,"comment_status":"closed","ping_status":"closed","template":"landing.php","meta":{"_exactmetrics_skip_tracking":false,"_exactmetrics_sitenote_active":false,"_exactmetrics_sitenote_note":"","_exactmetrics_sitenote_category":0,"footnotes":""},"yst_prominent_words":[1510,285,1509,1359,926,97,1505,1507,1504,1502,341,346,1503,1499,1508,339,1089,1360,1389,1506],"class_list":["post-3598","page","type-page","status-publish","hentry"],"_links":{"self":[{"href":"https:\/\/www.cargomaxintl.com\/fr\/wp-json\/wp\/v2\/pages\/3598","targetHints":{"allow":["GET"]}}],"collection":[{"href":"https:\/\/www.cargomaxintl.com\/fr\/wp-json\/wp\/v2\/pages"}],"about":[{"href":"https:\/\/www.cargomaxintl.com\/fr\/wp-json\/wp\/v2\/types\/page"}],"author":[{"embeddable":true,"href":"https:\/\/www.cargomaxintl.com\/fr\/wp-json\/wp\/v2\/users\/4"}],"replies":[{"embeddable":true,"href":"https:\/\/www.cargomaxintl.com\/fr\/wp-json\/wp\/v2\/comments?post=3598"}],"version-history":[{"count":9,"href":"https:\/\/www.cargomaxintl.com\/fr\/wp-json\/wp\/v2\/pages\/3598\/revisions"}],"predecessor-version":[{"id":3656,"href":"https:\/\/www.cargomaxintl.com\/fr\/wp-json\/wp\/v2\/pages\/3598\/revisions\/3656"}],"wp:attachment":[{"href":"https:\/\/www.cargomaxintl.com\/fr\/wp-json\/wp\/v2\/media?parent=3598"}],"wp:term":[{"taxonomy":"yst_prominent_words","embeddable":true,"href":"https:\/\/www.cargomaxintl.com\/fr\/wp-json\/wp\/v2\/yst_prominent_words?post=3598"}],"curies":[{"name":"wp","href":"https:\/\/api.w.org\/{rel}","templated":true}]}}