{"id":3570,"date":"2020-04-28T23:46:37","date_gmt":"2020-04-28T23:46:37","guid":{"rendered":"https:\/\/www.cargomaxintl.com\/international-seaports-in-costa-rica\/"},"modified":"2020-05-31T02:51:29","modified_gmt":"2020-05-31T02:51:29","slug":"ports-maritimes-internationaux-costa-rica","status":"publish","type":"page","link":"https:\/\/www.cargomaxintl.com\/fr\/ports-maritimes-internationaux-costa-rica\/","title":{"rendered":"Ports maritimes internationaux au Costa Rica"},"content":{"rendered":"<div class=\"wpb-content-wrapper\"><p>[vc_row][vc_column parallax=\u00a0\u00bbcontent-moving\u00a0\u00bb css=\u00a0\u00bb.vc_custom_1581612693615{padding-top: 100px !important;padding-bottom: 100px !important;background-image: url(https:\/\/www.cargomaxintl.com\/wp-content\/uploads\/2020\/02\/ports.jpg?id=2639) !important;background-position: center !important;background-repeat: no-repeat !important;background-size: cover !important;}\u00a0\u00bb][vc_custom_heading text=\u00a0\u00bbPORTS MARITIMES INTERNATIONAUX DANS<br \/>\nLE COSTA RICA\u00a0\u00bb font_container=\u00a0\u00bbtag:div|font_size:35|text_align:center|color:%23ffffff\u00a0\u00bb google_fonts=\u00a0\u00bbfont_family:Alegreya%20SC%3Aregular%2Citalic%2C700%2C700italic%2C900%2C900italic|font_style:700%20bold%20regular%3A700%3Anormal\u00a0\u00bb css=\u00a0\u00bb.vc_custom_1590873950979{padding-top: 15px !important;padding-bottom: 15px !important;background-color: rgba(23,49,72,0.4) !important;*background-color: rgb(23,49,72) !important;}\u00a0\u00bb][\/vc_column][\/vc_row][vc_row css=\u00a0\u00bb.vc_custom_1581532568731{padding-top: 50px !important;padding-bottom: 50px !important;}\u00a0\u00bb][vc_column width=\u00a0\u00bb1\/4&Prime;][\/vc_column][vc_column width=\u00a0\u00bb1\/2&Prime; css=\u00a0\u00bb.vc_custom_1581533381464{padding-right: 20px !important;padding-left: 20px !important;}\u00a0\u00bb][vc_column_text]<strong>Ports internationaux au Costa Rica\u00a0:<\/strong><\/p>\n<p>&nbsp;<\/p>\n<p>Le Costa Rica a 6\u00a0ports situ\u00e9s sur les deux c\u00f4tes. Puerto Limon et Puerto Moin sont situ\u00e9s sur la c\u00f4te carib\u00e9enne de l\u2019oc\u00e9an Atlantique alors que les ports de Puerto de Puntarenas, Puerto Caldera, Golfito et Punta Morales se trouvent du c\u00f4t\u00e9 du Pacifique.<\/p>\n<p>Les principaux ports de cargo sont Puerto Limon, Puerto Moin et Puerto Calderas. Les trois autres ports sont plus petits et sont utilis\u00e9s pour des activit\u00e9s r\u00e9cr\u00e9atives et de finition.<\/p>\n<p>&nbsp;<\/p>\n<p>&nbsp;<\/p>\n<p><strong>Puerto Limon\u00a0:<\/strong><\/p>\n<p>&nbsp;<\/p>\n<p>Situ\u00e9 sur le c\u00f4t\u00e9 Atlantique du Costa Rica, Puerto Limon est le plus grand port international du pays, avec environ 80\u00a0% des exp\u00e9ditions passant par ce port. Il est reli\u00e9 \u00e0 San Jos\u00e9 et le canal par un chemin de fer en plus de la route, et il est pr\u00e8s d\u2019un a\u00e9roport majeur. M\u00eame s\u2019il est important, le port lui-m\u00eame \u00e9tait petit et vieillot. Mais en 2016, le gouvernement s\u2019est associ\u00e9 \u00e0 APM, un important op\u00e9rateur de terminaux internationaux, pour augmenter de fa\u00e7on significative la taille et la profondeur du port. Lorsque le projet sera compl\u00e9t\u00e9, Puerto Limon sera le plus grand port d\u2019exp\u00e9dition de toute l\u2019Am\u00e9rique centrale, se sp\u00e9cialisant dans l\u2019arrimage et la manutention de conteneurs, liquides, vrac solide et fret Ro\/Ro.<\/p>\n<p>&nbsp;<\/p>\n<p>&nbsp;<\/p>\n<p><strong>Terminal Limon: <\/strong><\/p>\n<p>&nbsp;<\/p>\n<p>Ce port est situ\u00e9 160\u00a0km \u00e0 l\u2019est de la capitale de San Jos\u00e9 et est le port d\u00e9sign\u00e9 pour la manutention des navires contenant des cargaisons telles que des bananes, des engrais, du p\u00e9trole, des conteneurs frigorifiques et la manutention de la marchandise roll on-roll off (Ro-Ro).<\/p>\n<p>&nbsp;<\/p>\n<p>Les compagnies maritimes desservant ce terminal sont\u00a0:<\/p>\n<p>NYK (vaisseau RO-RO)<\/p>\n<p>COSTAMAR (Transporteur maritime sp\u00e9cialis\u00e9 dans les conteneurs frigorifiques avec des entrep\u00f4ts frigorifiques)<\/p>\n<p>&nbsp;<\/p>\n<p>&nbsp;<\/p>\n<p><strong>Terminaux APM de Moin\u00a0:<\/strong><\/p>\n<p>&nbsp;<\/p>\n<p>Ce terminal fut construit sur une \u00eele artificielle dans la mer des Cara\u00efbes. Il est en activit\u00e9 depuis f\u00e9vrier 2019 et est reconnu comme l\u2019un des ports les plus efficaces d\u2019Am\u00e9rique latine. Le port comporte 29\u00a0grues \u00e9lectriques pour les conteneurs et 6\u00a0grues Super-Post Pamanax, ce terminal peut traiter des porte-conteneurs de 8500 TEUS 24\u00a0heures par jour, 7\u00a0jours par semaine. Le port fut un important investissement \u00e9tranger.<\/p>\n<p>&nbsp;<\/p>\n<p>Les compagnies maritimes desservant ce terminal sont\u00a0:<\/p>\n<p>MAERSK LINE<\/p>\n<p>SEALAND<\/p>\n<p>HAPAG LLOYD<\/p>\n<p>HAMBURG SUD<\/p>\n<p>SEABORD MARINE<\/p>\n<p>DOLE<\/p>\n<p>CHIQUITA<\/p>\n<p>KING OCEAN<\/p>\n<p>ONE<\/p>\n<p>&nbsp;<\/p>\n<p>&nbsp;<\/p>\n<p><strong>Puerto Caldera<\/strong><\/p>\n<p>&nbsp;<\/p>\n<p>Situ\u00e9 sur la c\u00f4te Pacifique du Costa Rica, Puerto Caldera est le deuxi\u00e8me plus important port international du pays. En plus d\u2019\u00eatre le principal point d\u2019entr\u00e9e de la c\u00f4te Pacifique, il a aussi un quai de bateaux de croisi\u00e8re tr\u00e8s occup\u00e9. Le port est reli\u00e9 par route et chemin de fer vers l\u2019int\u00e9rieur du pays. La majorit\u00e9 des biens qui passent par ici sont des conteneurs, du vrac solide, du fer, des fruits, du thon, des v\u00e9hicules et des marchandises g\u00e9n\u00e9rales venant du c\u00f4t\u00e9 Pacifique du monde, import\u00e9s de pays comme les \u00c9tats-Unis, la Chine, l\u2019Inde, Ta\u00efwan et le Mexique.<\/p>\n<p>Ce port est situ\u00e9 pr\u00e8s des provinces de Cartago, Heredia, Alajuela et San Jos\u00e9, et est connect\u00e9 par les routes principales aux plus importants centres de commerce industriels et d\u2019agriculture.<\/p>\n<p>&nbsp;<\/p>\n<p>&nbsp;<\/p>\n<p><strong>POUR PLUS D\u2019INFORMATIONS \u00c0 PROPOS DE NOS SERVICES OFFERTS VERS LE COSTA RICA, VEUILLEZ CLIQUER LE LIEN SUIVANT :<\/strong>[\/vc_column_text][vc_btn title=\u00a0\u00bbExp\u00e9dition vers le Costa Rica\u00a0\u00bb color=\u00a0\u00bbdefault\u00a0\u00bb link=\u00a0\u00bburl:https%3A%2F%2Fwww.cargomaxintl.com%2Ffr%2Fexpedition-vers-costa-rica%2F|||\u00a0\u00bb][\/vc_column][vc_column width=\u00a0\u00bb1\/4&Prime;][\/vc_column][\/vc_row][vc_row][vc_column width=\u00a0\u00bb1\/3&Prime;][vc_single_image image=\u00a0\u00bb3386&Prime; img_size=\u00a0\u00bbfull\u00a0\u00bb alignment=\u00a0\u00bbcenter\u00a0\u00bb style=\u00a0\u00bbvc_box_rounded\u00a0\u00bb][\/vc_column][vc_column width=\u00a0\u00bb1\/3&Prime;][vc_single_image image=\u00a0\u00bb3383&Prime; img_size=\u00a0\u00bblarge\u00a0\u00bb alignment=\u00a0\u00bbcenter\u00a0\u00bb style=\u00a0\u00bbvc_box_rounded\u00a0\u00bb][\/vc_column][vc_column width=\u00a0\u00bb1\/3&Prime;][vc_single_image image=\u00a0\u00bb3389&Prime; img_size=\u00a0\u00bblarge\u00a0\u00bb alignment=\u00a0\u00bbcenter\u00a0\u00bb style=\u00a0\u00bbvc_box_rounded\u00a0\u00bb][\/vc_column][\/vc_row][vc_row css=\u00a0\u00bb.vc_custom_1581290636311{padding-bottom: 100px !important;background-image: url(https:\/\/www.cargomaxintl.com\/wp-content\/uploads\/2020\/02\/Footer1.jpg?id=2670) !important;}\u00a0\u00bb][vc_column width=\u00a0\u00bb1\/4&Prime;][\/vc_column][vc_column width=\u00a0\u00bb1\/2&Prime;][vc_column_text css=\u00a0\u00bb.vc_custom_1590904437274{margin-top: 50px !important;border-top-width: 2px !important;border-bottom-width: 2px !important;padding-bottom: 25px !important;border-top-color: #fa8156 !important;border-top-style: solid !important;border-bottom-color: #fa8156 !important;border-bottom-style: solid !important;}\u00a0\u00bb]<\/p>\n<h3 style=\"text-align: center;\"><span style=\"color: white;\">CONTACTEZ LE SERVICE CLIENT CARGOMAX<\/span><\/h3>\n<h5 style=\"text-align: center;\"><span style=\"color: white; display: block;\"><i class=\"fa fa-phone\"><\/i> T\u00e9l: 506-4101-2142<\/span><span style=\"color: white; display: block;\"><i class=\"fa fa-envelope\"><\/i> Courriel: <a style=\"color: white !important;\" href=\"mailto:costarica@cargomaxintl.com\">costarica@cargomaxintl.com<\/a><\/span><\/h5>\n<p>[\/vc_column_text][\/vc_column][vc_column width=\u00a0\u00bb1\/4&Prime;][\/vc_column][\/vc_row]<\/p>\n<\/div>","protected":false},"excerpt":{"rendered":"<p>[vc_row][vc_column parallax=\u00a0\u00bbcontent-moving\u00a0\u00bb css=\u00a0\u00bb.vc_custom_1581612693615{padding-top: 100px !important;padding-bottom: 100px !important;background-image: url(https:\/\/www.cargomaxintl.com\/wp-content\/uploads\/2020\/02\/ports.jpg?id=2639) !important;background-position: center !important;background-repeat: no-repeat !important;background-size: cover !important;}\u00a0\u00bb][vc_custom_heading text=\u00a0\u00bbPORTS MARITIMES INTERNATIONAUX DANS LE COSTA RICA\u00a0\u00bb font_container=\u00a0\u00bbtag:div|font_size:35|text_align:center|color:%23ffffff\u00a0\u00bb google_fonts=\u00a0\u00bbfont_family:Alegreya%20SC%3Aregular%2Citalic%2C700%2C700italic%2C900%2C900italic|font_style:700%20bold%20regular%3A700%3Anormal\u00a0\u00bb css=\u00a0\u00bb.vc_custom_1590873950979{padding-top: 15px !important;padding-bottom: 15px !important;background-color: rgba(23,49,72,0.4) !important;*background-color: rgb(23,49,72) !important;}\u00a0\u00bb][\/vc_column][\/vc_row][vc_row css=\u00a0\u00bb.vc_custom_1581532568731{padding-top: 50px !important;padding-bottom: 50px !important;}\u00a0\u00bb][vc_column width=\u00a0\u00bb1\/4&Prime;][\/vc_column][vc_column width=\u00a0\u00bb1\/2&Prime; css=\u00a0\u00bb.vc_custom_1581533381464{padding-right: 20px !important;padding-left: 20px !important;}\u00a0\u00bb][vc_column_text]Ports internationaux au Costa Rica\u00a0: &nbsp; Le Costa Rica a 6\u00a0ports [&hellip;]<\/p>\n","protected":false},"author":4,"featured_media":0,"parent":0,"menu_order":0,"comment_status":"closed","ping_status":"closed","template":"landing.php","meta":{"_exactmetrics_skip_tracking":false,"_exactmetrics_sitenote_active":false,"_exactmetrics_sitenote_note":"","_exactmetrics_sitenote_category":0,"footnotes":""},"yst_prominent_words":[1564,1567,1558,926,1569,1500,1560,1563,1499,1561,1540,1566,1557,1568,1559,1562,1429,1570,1565,1571],"class_list":["post-3570","page","type-page","status-publish","hentry"],"_links":{"self":[{"href":"https:\/\/www.cargomaxintl.com\/fr\/wp-json\/wp\/v2\/pages\/3570","targetHints":{"allow":["GET"]}}],"collection":[{"href":"https:\/\/www.cargomaxintl.com\/fr\/wp-json\/wp\/v2\/pages"}],"about":[{"href":"https:\/\/www.cargomaxintl.com\/fr\/wp-json\/wp\/v2\/types\/page"}],"author":[{"embeddable":true,"href":"https:\/\/www.cargomaxintl.com\/fr\/wp-json\/wp\/v2\/users\/4"}],"replies":[{"embeddable":true,"href":"https:\/\/www.cargomaxintl.com\/fr\/wp-json\/wp\/v2\/comments?post=3570"}],"version-history":[{"count":12,"href":"https:\/\/www.cargomaxintl.com\/fr\/wp-json\/wp\/v2\/pages\/3570\/revisions"}],"predecessor-version":[{"id":3654,"href":"https:\/\/www.cargomaxintl.com\/fr\/wp-json\/wp\/v2\/pages\/3570\/revisions\/3654"}],"wp:attachment":[{"href":"https:\/\/www.cargomaxintl.com\/fr\/wp-json\/wp\/v2\/media?parent=3570"}],"wp:term":[{"taxonomy":"yst_prominent_words","embeddable":true,"href":"https:\/\/www.cargomaxintl.com\/fr\/wp-json\/wp\/v2\/yst_prominent_words?post=3570"}],"curies":[{"name":"wp","href":"https:\/\/api.w.org\/{rel}","templated":true}]}}