{"id":2491,"date":"2019-09-15T06:05:57","date_gmt":"2019-09-15T06:05:57","guid":{"rendered":"https:\/\/www.cargomaxintl.com\/?page_id=2491"},"modified":"2024-06-19T17:33:08","modified_gmt":"2024-06-19T17:33:08","slug":"message-du-fondateur","status":"publish","type":"page","link":"https:\/\/www.cargomaxintl.com\/fr\/message-du-fondateur\/","title":{"rendered":"Message du fondateur"},"content":{"rendered":"<div class=\"wpb-content-wrapper\"><p>[vc_row parallax=\u00a0\u00bbcontent-moving\u00a0\u00bb css=\u00a0\u00bb.vc_custom_1568664760436{background-color: #e5e5e5 !important;border-radius: 2px !important;}\u00a0\u00bb][vc_column width=\u00a0\u00bb1\/6&Prime;][\/vc_column][vc_column width=\u00a0\u00bb2\/3&Prime; css=\u00a0\u00bb.vc_custom_1568751414027{border-top-width: 10px !important;border-right-width: 10px !important;border-bottom-width: 10px !important;border-left-width: 10px !important;padding-right: 20px !important;padding-bottom: 80px !important;padding-left: 20px !important;background-color: #f9f9f9 !important;border-left-color: #1e73be !important;border-right-color: #1e73be !important;border-top-color: #1e73be !important;border-bottom-color: #1e73be !important;border-radius: 5px !important;}\u00a0\u00bb][vc_single_image image=\u00a0\u00bb2472&Prime; img_size=\u00a0\u00bbfull\u00a0\u00bb alignment=\u00a0\u00bbcenter\u00a0\u00bb][vc_column_text css=\u00a0\u00bb.vc_custom_1568751647494{margin-right: 10px !important;margin-left: 10px !important;}\u00a0\u00bb]<\/p>\n<h3>&nbsp;<\/h3>\n<h3>English<\/h3>\n<div style=\"font: Montserrat; font-size: 24px; line-height: 46;\">\n<p>Cargomax International was founded in November 2001 on the idea that service should be tailored to the specific needs of each and every customer. Since then, our vision has driven us to improve every service we provide to our customers and customise our work to their situation.<\/p>\n<p>I would like to take this opportunity to offer a warm and special thank you to all our customers, our agents, our partners, our suppliers and Cargomax staff members. We are committed to improving ourselves every day, but none of this would be possible without you. Thank you.<\/p><\/div>\n<h3>&nbsp;<\/h3>\n<hr>\n<h3>Espa\u00f1ol<\/h3>\n<div style=\"font: Montserrat; font-size: 24px; line-height: 46;\">\n<p>Cargomax International se fund\u00f3 en noviembre de 2001 con la idea de que el servicio deb\u00eda adaptarse a las necesidades espec\u00edficas de cada cliente. Desde entonces, nuestra visi\u00f3n nos ha llevado a mejorar cada servicio que prestamos a nuestros clientes y en adaptar nuestro trabajo a su situaci\u00f3n.<\/p>\n<p>Me gustar\u00eda aprovechar esta oportunidad para ofrecer un sincero y especial agradecimiento a todos nuestros clientes, nuestros agentes, nuestros socios, nuestros proveedores y el personal de Cargomax. Estamos comprometidos a mejorar cada d\u00eda, pero nada de esto ser\u00eda posible sin su ayuda. Gracias.<\/p><\/div>\n<h3>&nbsp;<\/h3>\n<hr>\n<h3>Fran\u00e7ais<\/h3>\n<div style=\"font: Montserrat; font-size: 24px; line-height: 46;\">\n<p>Cargomax International a \u00e9t\u00e9 fond\u00e9e en novembre 2001, bas\u00e9e sur l\u2019id\u00e9e que le service devrait \u00eatre adapt\u00e9 aux besoins sp\u00e9cifiques de chacun des clients. Depuis, notre vision nous a men\u00e9s \u00e0 am\u00e9liorer chaque service que nous fournissons \u00e0 nos clients et \u00e0 personnaliser le travail selon leur situation.<\/p>\n<p>Je voudrais profiter de cette occasion pour offrir de chaleureux remerciements bien sp\u00e9ciaux \u00e0 nos clients, \u00e0 nos agents, \u00e0 nos partenaires, \u00e0 nos fournisseurs et aux membres du personnel de Cargomax. Nous sommes engag\u00e9s \u00e0 nous am\u00e9liorer chaque jour, mais rien de tout cela ne serait possible sans vous. Merci.<\/p><\/div>\n<h3>&nbsp;<\/h3>\n<hr>\n<h3>Portugu\u00eas<\/h3>\n<div style=\"font: Montserrat; font-size: 24px; line-height: 46;\">\n<p>A Cargomax International foi fundada em Novembro de 2001 com a ideia que o servi\u00e7o fosse customizado pra cada cliente.<br \/>\nDesde ent\u00e3o, nossa vis\u00e3o nos levou a melhorar cada servi\u00e7o que n\u00f3s fornecemos a nossos clientes e customizar nosso trabalho \u00e0 realidade deles.<\/p>\n<p>Gostaria de aproveitar essa oportunidade para oferecer um caloroso e especial agradecimento a todos nossos clientes, nossos agentes, nossos parceiros, nossos fornecedores, e nosso pessoal da Cargomax. Estamos compromissados a melhorar a cada dica, mas nada disso seria poss\u00edvel sem voc\u00eas. Muito obrigado.<\/p><\/div>\n<h3>&nbsp;<\/h3>\n<hr>\n<h3>\u5ee3\u6771\u8a71<\/h3>\n<div style=\"font: Montserrat; font-size: 24px; line-height: 46;\">\n<p>Cargomax International\u6210\u7acb\u4e8e2001\u5e7411\u6708\u3002 \u5176\u516c\u53f8\u7684\u7406\u5ff5\u662f\u6839\u636e\u6bcf\u4e2a\u5ba2\u6237\u7684\u7279\u5b9a\u9700\u6c42\u91cf\u8eab\u5b9a\u5236\u3002 \u4ece\u90a3\u65f6\u8d77\uff0c\u6211\u4eec\u7684\u613f\u666f\u4fc3\u4f7f\u6211\u4eec\u6539\u8fdb\u4e3a\u5ba2\u6237\u63d0\u4f9b\u7684\u6bcf\u9879\u670d\u52a1\uff0c\u5e76\u6839\u636e\u4ed6\u4eec\u7684\u9700\u6c42\u5b9a\u5236\u6211\u4eec\u7684\u5de5\u4f5c\u65b9\u6848\u3002<\/p>\n<p>\u6211\u60f3\u501f\u6b64\u673a\u4f1a\u5411\u6240\u6709\u7684\u5ba2\u6237\uff0c\u4ee3\u7406\u5546\uff0c\u5408\u4f5c\u4f19\u4f34\uff0c\u4f9b\u5e94\u5546\u548cCargomax\u7684\u6bcf\u4f4d\u5458\u5de5\u8868\u793a\u6700\u70ed\u70c8\u7684\u611f\u8c22\u3002 \u6211\u4eec\u867d\u7136\u81f4\u529b\u4e8e\u6bcf\u5929\u63d0\u9ad8\u4e8e\u63d0\u5347\u81ea\u5df1\uff0c\u4f46\u82e5\u6ca1\u6709\u4f60\u4eec\u5728\u5ea7\u7684\u6bcf\u4e00\u4f4d\uff0c\u8fd9\u4e00\u5207\u90fd\u4e0d\u4f1a\u6709\u53ef\u80fd\u3002 \u8c22\u8c22\u3002<\/p><\/div>\n<div align=\"center\">&nbsp;<\/div>\n<p>[\/vc_column_text][\/vc_column][vc_column width=\u00a0\u00bb1\/6&Prime;][\/vc_column][\/vc_row]<\/p>\n<\/div>","protected":false},"excerpt":{"rendered":"<p>[vc_row parallax=\u00a0\u00bbcontent-moving\u00a0\u00bb css=\u00a0\u00bb.vc_custom_1568664760436{background-color: #e5e5e5 !important;border-radius: 2px !important;}\u00a0\u00bb][vc_column width=\u00a0\u00bb1\/6&Prime;][\/vc_column][vc_column width=\u00a0\u00bb2\/3&Prime; css=\u00a0\u00bb.vc_custom_1568751414027{border-top-width: 10px !important;border-right-width: 10px !important;border-bottom-width: 10px !important;border-left-width: 10px !important;padding-right: 20px !important;padding-bottom: 80px !important;padding-left: 20px !important;background-color: #f9f9f9 !important;border-left-color: #1e73be !important;border-right-color: #1e73be !important;border-top-color: #1e73be !important;border-bottom-color: #1e73be !important;border-radius: 5px !important;}\u00a0\u00bb][vc_single_image image=\u00a0\u00bb2472&Prime; img_size=\u00a0\u00bbfull\u00a0\u00bb alignment=\u00a0\u00bbcenter\u00a0\u00bb][vc_column_text css=\u00a0\u00bb.vc_custom_1568751647494{margin-right: 10px !important;margin-left: 10px !important;}\u00a0\u00bb] &nbsp; English Cargomax International was founded in November 2001 on the [&hellip;]<\/p>\n","protected":false},"author":1,"featured_media":0,"parent":0,"menu_order":0,"comment_status":"closed","ping_status":"closed","template":"landingv2.php","meta":{"_exactmetrics_skip_tracking":false,"_exactmetrics_sitenote_active":false,"_exactmetrics_sitenote_note":"","_exactmetrics_sitenote_category":0,"footnotes":""},"yst_prominent_words":[791,778,779,784,788,781,90,86,780,783,80,782,787,785,790,786,789,146,124,88],"class_list":["post-2491","page","type-page","status-publish","hentry"],"_links":{"self":[{"href":"https:\/\/www.cargomaxintl.com\/fr\/wp-json\/wp\/v2\/pages\/2491","targetHints":{"allow":["GET"]}}],"collection":[{"href":"https:\/\/www.cargomaxintl.com\/fr\/wp-json\/wp\/v2\/pages"}],"about":[{"href":"https:\/\/www.cargomaxintl.com\/fr\/wp-json\/wp\/v2\/types\/page"}],"author":[{"embeddable":true,"href":"https:\/\/www.cargomaxintl.com\/fr\/wp-json\/wp\/v2\/users\/1"}],"replies":[{"embeddable":true,"href":"https:\/\/www.cargomaxintl.com\/fr\/wp-json\/wp\/v2\/comments?post=2491"}],"version-history":[{"count":24,"href":"https:\/\/www.cargomaxintl.com\/fr\/wp-json\/wp\/v2\/pages\/2491\/revisions"}],"predecessor-version":[{"id":19600,"href":"https:\/\/www.cargomaxintl.com\/fr\/wp-json\/wp\/v2\/pages\/2491\/revisions\/19600"}],"wp:attachment":[{"href":"https:\/\/www.cargomaxintl.com\/fr\/wp-json\/wp\/v2\/media?parent=2491"}],"wp:term":[{"taxonomy":"yst_prominent_words","embeddable":true,"href":"https:\/\/www.cargomaxintl.com\/fr\/wp-json\/wp\/v2\/yst_prominent_words?post=2491"}],"curies":[{"name":"wp","href":"https:\/\/api.w.org\/{rel}","templated":true}]}}