{"id":1351,"date":"2018-05-02T04:04:14","date_gmt":"2018-05-02T04:04:14","guid":{"rendered":"https:\/\/www.cargomaxintl.com\/foire-aux-questions\/"},"modified":"2018-05-02T04:04:14","modified_gmt":"2018-05-02T04:04:14","slug":"foire-aux-questions","status":"publish","type":"page","link":"https:\/\/www.cargomaxintl.com\/fr\/foire-aux-questions\/","title":{"rendered":"Foire aux questions"},"content":{"rendered":"<p><strong>Foire aux questions sur le transport de marchandises <\/strong><\/p>\n<p>Chez <strong>Cargomax International<\/strong>, nous travaillons avec des clients de toutes tailles, y compris ceux qui envoient des marchandises partout dans le monde et en Am\u00e9rique du Nord de fa\u00e7on r\u00e9guli\u00e8re. Cependant, nos services sont \u00e9galement engag\u00e9s par des clients qui n&rsquo;ont aucune exp\u00e9rience du fret et qui souvent ne comprennent pas le jargon utilis\u00e9 dans l&rsquo;industrie et les services qui sont disponibles.<\/p>\n<p>Les r\u00e9ponses \u00e0 certaines des questions les plus fr\u00e9quentes sur le fret se trouvent ci-dessous. Si vous d\u00e9sirez plus d&rsquo;informations sur certains sujets, y compris ceux qui ne figurent pas dans cette FAQ, n&rsquo;h\u00e9sitez pas de communiquer avec nous. Vous pouvez nous appeler gratuitement et un sp\u00e9cialiste en fret sera disponible en permanence pour vous fournir les conseils ou le soutien dont vous avez besoin.<\/p>\n<p><strong>Qu&rsquo;est-ce que Ro\/Ro?<\/strong><\/p>\n<p>Ro\/Ro est un terme souvent utilis\u00e9 pour d\u00e9crire une m\u00e9thode de transportation de v\u00e9hicules. Il s&rsquo;agit du terme anglais <em>roll on \/ roll off <\/em>qui litt\u00e9ralement veut dire rouler la marchandise pour la monter sur un bateau et ensuite la rouler \u00e0 nouveau pour la faire descendre du transport \u00e0 sa destination.Il est utilis\u00e9 pour presque tout type de v\u00e9hicule ou de machine \u00e0 roues, y compris les voitures, les camions, les remorques, les trains, les machines d&rsquo;usines et autres. De plus, Ro\/Ro est disponible en tant que m\u00e9thode d&rsquo;exp\u00e9dition de v\u00e9hicules dans presque tous les ports du monde.<\/p>\n<p>L&rsquo;alternative \u00e0 la m\u00e9thode Ro\/Ro est de placer les v\u00e9hicules dans des conteneurs, et ensuite utiliser des grues pour les embarquer et d\u00e9barquer des navires. Cette alternative est une fa\u00e7on beaucoup plus compliqu\u00e9e et plus co\u00fbteuse de transporter des v\u00e9hicules. Cela prend aussi plus de temps. Avec la m\u00e9thode Ro\/Ro, les rampes d&rsquo;acc\u00e8s sont tout ce dont vous avez besoin pour \u00e9conomiser de l&rsquo;argent.<\/p>\n<p>&nbsp;<\/p>\n<p><strong>Qu&rsquo;est-ce que le service de fret de marchandises diverses (<em>breakbulk<\/em>) ?<\/strong><\/p>\n<p>Le service <em>breakbulk<\/em> est utilis\u00e9 pour le transport de marchandises h\u00e9t\u00e9rog\u00e8nes.Il s&rsquo;agit des produits qui ne peuvent pas \u00eatre transport\u00e9s dans un conteneur standard. Cela ne s&rsquo;applique pas aux marchandises en surpoids ou surdimensionn\u00e9s, car il s&rsquo;agit de cargaisons de dimensions hors norme. La marchandise diverse (breakbulk) diff\u00e8re de la marchandise normale dans le sens que c&rsquo;est la nature des produits, plut\u00f4t que la taille ou le poids, ce qui d\u00e9termine si elle peut \u00eatre transport\u00e9e ou pas dans un conteneur normal. Les produits transport\u00e9s dans des f\u00fbts ou des barriques, ou les marchandises transport\u00e9es sous forme des balles constituent des exemples de marchandises diverses.<\/p>\n<p>&nbsp;<\/p>\n<p>Pour ce type de service de transport sp\u00e9cialis\u00e9, faites confiance \u00e0 Cargomax International, une entreprise poss\u00e9dant une vaste exp\u00e9rience dans la manutention du fret breakbulk. Nous offrons une solution compl\u00e8te et fiable pour tous et chacun de vos produits, quelle que soit leur nature.<\/p>\n","protected":false},"excerpt":{"rendered":"<p>Foire aux questions sur le transport de marchandises Chez Cargomax International, nous travaillons avec des clients de toutes tailles, y compris ceux qui envoient des marchandises partout dans le monde et en Am\u00e9rique du Nord de fa\u00e7on r\u00e9guli\u00e8re. Cependant, nos services sont \u00e9galement engag\u00e9s par des clients qui n&rsquo;ont aucune exp\u00e9rience du fret et qui [&hellip;]<\/p>\n","protected":false},"author":1,"featured_media":0,"parent":0,"menu_order":0,"comment_status":"closed","ping_status":"closed","template":"","meta":{"_exactmetrics_skip_tracking":false,"_exactmetrics_sitenote_active":false,"_exactmetrics_sitenote_note":"","_exactmetrics_sitenote_category":0,"footnotes":""},"yst_prominent_words":[],"class_list":["post-1351","page","type-page","status-publish","hentry"],"_links":{"self":[{"href":"https:\/\/www.cargomaxintl.com\/fr\/wp-json\/wp\/v2\/pages\/1351","targetHints":{"allow":["GET"]}}],"collection":[{"href":"https:\/\/www.cargomaxintl.com\/fr\/wp-json\/wp\/v2\/pages"}],"about":[{"href":"https:\/\/www.cargomaxintl.com\/fr\/wp-json\/wp\/v2\/types\/page"}],"author":[{"embeddable":true,"href":"https:\/\/www.cargomaxintl.com\/fr\/wp-json\/wp\/v2\/users\/1"}],"replies":[{"embeddable":true,"href":"https:\/\/www.cargomaxintl.com\/fr\/wp-json\/wp\/v2\/comments?post=1351"}],"version-history":[{"count":0,"href":"https:\/\/www.cargomaxintl.com\/fr\/wp-json\/wp\/v2\/pages\/1351\/revisions"}],"wp:attachment":[{"href":"https:\/\/www.cargomaxintl.com\/fr\/wp-json\/wp\/v2\/media?parent=1351"}],"wp:term":[{"taxonomy":"yst_prominent_words","embeddable":true,"href":"https:\/\/www.cargomaxintl.com\/fr\/wp-json\/wp\/v2\/yst_prominent_words?post=1351"}],"curies":[{"name":"wp","href":"https:\/\/api.w.org\/{rel}","templated":true}]}}