{"id":1078,"date":"2018-02-10T03:20:26","date_gmt":"2018-02-10T03:20:26","guid":{"rendered":"http:\/\/www.cargomaxintl.com\/?page_id=1078"},"modified":"2021-08-04T14:11:35","modified_gmt":"2021-08-04T14:11:35","slug":"a-propos","status":"publish","type":"page","link":"https:\/\/www.cargomaxintl.com\/fr\/a-propos\/","title":{"rendered":"\u00c0 propos"},"content":{"rendered":"<div class=\"wpb-content-wrapper\"><p>[vc_row][vc_column][rev_slider_vc alias=\u00a0\u00bbaboutus\u00a0\u00bb][\/vc_column][\/vc_row][vc_row][vc_column width=\u00a0\u00bb1\/4&Prime;][vc_column_text][\/vc_column_text][\/vc_column][vc_column width=\u00a0\u00bb1\/2&Prime;][vc_column_text css=\u00a0\u00bb.vc_custom_1628018125856{padding-right: 20px !important;padding-left: 20px !important;}\u00a0\u00bb el_class=\u00a0\u00bbp-header\u00a0\u00bb]<\/p>\n<h1 style=\"text-align: center;\"><strong>\u00c0 Propos De Nous<\/strong><\/h1>\n<hr \/>\n<p>Cargomax International est une soci\u00e9t\u00e9 fiable, stable et novatrice qui offre des services logistiques \u00e0 niveau mondial. Nous fournissons des solutions de fret international, de services logistiques int\u00e9gr\u00e9s, de solutions pour les cha\u00eenes de distribution et plus encore pour faire avancer votre entreprise.<\/p>\n<p>Cargomax a commenc\u00e9 ses op\u00e9rations en 2001 en tant que transitaire sp\u00e9cialis\u00e9 pour les march\u00e9s de l&rsquo;Am\u00e9rique Latine et des Cara\u00efbes. Bien que nos d\u00e9buts ont \u00e9t\u00e9 modestes, au fil des ann\u00e9es, nous avons r\u00e9ussi \u00e0 b\u00e2tir une pr\u00e9sence importante dans l&rsquo;industrie du transport et de la manutention de marchandises. Aujourd&rsquo;hui, nous avons des bureaux, des partenaires et des agents dans plusieurs pays, ainsi que des op\u00e9rations partout dans le monde.<\/p>\n<p>Nous pouvons offrir un service d&rsquo;excellence gr\u00e2ce \u00e0 notre \u00e9quipe exp\u00e9riment\u00e9e et d\u00e9vou\u00e9e qui nous d\u00e9marque comme \u00e9tant le fournisseur de services logistiques de choix pour les plus grandes marques dans une large gamme d&rsquo;industries.[\/vc_column_text][\/vc_column][vc_column width=\u00a0\u00bb1\/4&Prime;][\/vc_column][\/vc_row][vc_row css=\u00a0\u00bb.vc_custom_1628021087874{background-color: #181b46 !important;}\u00a0\u00bb el_class=\u00a0\u00bbinter ship\u00a0\u00bb][vc_column width=\u00a0\u00bb1\/4&Prime;][\/vc_column][vc_column width=\u00a0\u00bb1\/2&Prime;][vc_column_text]<span style=\"color: #ffffff;\"><strong>Notre offre<\/strong><\/span><\/p>\n<p><span style=\"color: #ffffff;\">Notre approche bas\u00e9e sur les solutions en services logistiques vous permettra d&rsquo;accro\u00eetre l&rsquo;efficacit\u00e9 dans votre entreprise, augmenter vos exportations, r\u00e9duire les co\u00fbts et augmenter la rentabilit\u00e9. La solution que nous proposons sera adapt\u00e9e \u00e0 vos besoins avec la fiabilit\u00e9 et la flexibilit\u00e9 au c\u0153ur du service. Nos syst\u00e8mes et notre personnel sont en mesure de s&rsquo;adapter facilement pour vous garantir une solution sp\u00e9cialis\u00e9e de haute qualit\u00e9 qui r\u00e9pondra \u00e0 vos besoins sp\u00e9cifiques. Notre approche commence par une visite de votre centre d&rsquo;op\u00e9rations pour atteindre une connaissance approfondie de vos besoins. Cela nous permettra de cr\u00e9er une solution personnalis\u00e9e qui r\u00e9pondra \u00e0 vos attentes. De plus, nous avons le personnel et l&rsquo;infrastructure essentielle pour d\u00e9passer attentes, incluant des processus logistiques et des technologies \u00e0 la pointe de l&rsquo;industrie. C&rsquo;est la conjonction de notre \u00e9quipe d&rsquo;experts, la technologie utilis\u00e9e, notre r\u00e9seau de partenaires, les v\u00e9hicules et l&rsquo;\u00e9quipement de transportation dont nous disposons qui nous permet de rester en avance sur nos concurrents.<\/span>[\/vc_column_text][\/vc_column][vc_column width=\u00a0\u00bb1\/4&Prime;][\/vc_column][\/vc_row][vc_row][vc_column width=\u00a0\u00bb1\/4&Prime;][\/vc_column][vc_column width=\u00a0\u00bb1\/2&Prime;][vc_column_text]<strong>Nos services:<\/strong><\/p>\n<p>\u2022 Fret maritime (services de conteneurs maritimes, service RO\/RO, breakbulk, cargaison lourde et surdimensionn\u00e9e et plus encore)<br \/>\n\u2022 Fret a\u00e9rien<br \/>\n\u2022 Transport terrestre de marchandises<br \/>\n\u2022 Transport ferroviaire et intermodal<br \/>\n\u2022 Assurance du fret<br \/>\n\u2022 Coordination et inspection du fret maritime<br \/>\n\u2022 Service complet de suivi avec de la documentation en ligne<\/p>\n<p>&nbsp;<\/p>\n<p><strong>Nous offrons des services logistiques sp\u00e9cialis\u00e9s dans secteurs d&rsquo;activit\u00e9 divers:<\/strong><\/p>\n<p>\u2022 Transport d&rsquo;\u00e9quipements miniers<br \/>\n\u2022 Transport d&rsquo;\u00e9quipement ferroviaire<br \/>\n\u2022 Transport d&rsquo;\u00e9quipement routier<br \/>\n\u2022 Transport pour les installations hydro\u00e9lectriques et autres projets<br \/>\n\u2022 Transport de maisons pr\u00e9fabriqu\u00e9es et de structures de construction, y compris des maisons pour des projets sociaux, des installations commerciales et gouvernementales<br \/>\n\u2022 Transport de mat\u00e9riel m\u00e9dical, y compris des appareils fragiles qui doivent \u00eatre manipul\u00e9s avec pr\u00e9caution<br \/>\n\u2022 Transport de produits pharmaceutiques et de soins de sant\u00e9<br \/>\n\u2022 Transport d&rsquo;\u00e9quipements de construction<br \/>\n\u2022 Transport de machines et \u00e9quipements pour l&rsquo;agriculture<br \/>\n\u2022 Toute autre demande sp\u00e9cifique[\/vc_column_text][\/vc_column][vc_column width=\u00a0\u00bb1\/4&Prime;][\/vc_column][\/vc_row][vc_row el_class=\u00a0\u00bbinter ship\u00a0\u00bb css=\u00a0\u00bb.vc_custom_1628020971855{background-color: #ae0218 !important;}\u00a0\u00bb][vc_column width=\u00a0\u00bb1\/4&Prime;][\/vc_column][vc_column width=\u00a0\u00bb1\/2&Prime;][vc_column_text]<span style=\"color: #ffffff;\"><strong>Le futur<\/strong><\/span><\/p>\n<p><span style=\"color: #ffffff;\">Cargomax International est une soci\u00e9t\u00e9 novatrice engag\u00e9e \u00e0 aider ses clients \u00e0 r\u00e9pondre \u00e0 la demande croissante des consommateurs et \u00e0 la pression de la comp\u00e9tition. Nous investissons constamment dans notre personnel, nos \u00e9quipements, technologies et processus pour nous assurer que nous offrons les meilleures solutions \u00e0 nos clients aux \u00c9tats-Unis, au Canada et partout dans le monde. De plus, nous cr\u00e9ons des partenariats importants avec nos clients en travaillant sans rel\u00e2che pour que la division logistique de leurs entreprises fonctionne le plus efficacement possible.<\/span>[\/vc_column_text][\/vc_column][vc_column width=\u00a0\u00bb1\/4&Prime;][\/vc_column][\/vc_row]<\/p>\n<\/div>","protected":false},"excerpt":{"rendered":"<p>[vc_row][vc_column][rev_slider_vc alias=\u00a0\u00bbaboutus\u00a0\u00bb][\/vc_column][\/vc_row][vc_row][vc_column width=\u00a0\u00bb1\/4&Prime;][vc_column_text][\/vc_column_text][\/vc_column][vc_column width=\u00a0\u00bb1\/2&Prime;][vc_column_text css=\u00a0\u00bb.vc_custom_1628018125856{padding-right: 20px !important;padding-left: 20px !important;}\u00a0\u00bb el_class=\u00a0\u00bbp-header\u00a0\u00bb] \u00c0 Propos De Nous Cargomax International est une soci\u00e9t\u00e9 fiable, stable et novatrice qui offre des services logistiques \u00e0 niveau mondial. Nous fournissons des solutions de fret international, de services logistiques int\u00e9gr\u00e9s, de solutions pour les cha\u00eenes de distribution et plus encore pour faire avancer [&hellip;]<\/p>\n","protected":false},"author":1,"featured_media":0,"parent":0,"menu_order":0,"comment_status":"closed","ping_status":"closed","template":"landingv2.php","meta":{"_exactmetrics_skip_tracking":false,"_exactmetrics_sitenote_active":false,"_exactmetrics_sitenote_note":"","_exactmetrics_sitenote_category":0,"footnotes":""},"yst_prominent_words":[396,403,389,385,397,393,400,401,392,391,402,388,398,387,1536,395,386,394,390,399],"class_list":["post-1078","page","type-page","status-publish","hentry"],"_links":{"self":[{"href":"https:\/\/www.cargomaxintl.com\/fr\/wp-json\/wp\/v2\/pages\/1078","targetHints":{"allow":["GET"]}}],"collection":[{"href":"https:\/\/www.cargomaxintl.com\/fr\/wp-json\/wp\/v2\/pages"}],"about":[{"href":"https:\/\/www.cargomaxintl.com\/fr\/wp-json\/wp\/v2\/types\/page"}],"author":[{"embeddable":true,"href":"https:\/\/www.cargomaxintl.com\/fr\/wp-json\/wp\/v2\/users\/1"}],"replies":[{"embeddable":true,"href":"https:\/\/www.cargomaxintl.com\/fr\/wp-json\/wp\/v2\/comments?post=1078"}],"version-history":[{"count":37,"href":"https:\/\/www.cargomaxintl.com\/fr\/wp-json\/wp\/v2\/pages\/1078\/revisions"}],"predecessor-version":[{"id":9935,"href":"https:\/\/www.cargomaxintl.com\/fr\/wp-json\/wp\/v2\/pages\/1078\/revisions\/9935"}],"wp:attachment":[{"href":"https:\/\/www.cargomaxintl.com\/fr\/wp-json\/wp\/v2\/media?parent=1078"}],"wp:term":[{"taxonomy":"yst_prominent_words","embeddable":true,"href":"https:\/\/www.cargomaxintl.com\/fr\/wp-json\/wp\/v2\/yst_prominent_words?post=1078"}],"curies":[{"name":"wp","href":"https:\/\/api.w.org\/{rel}","templated":true}]}}