{"id":8967,"date":"2021-07-09T15:03:52","date_gmt":"2021-07-09T15:03:52","guid":{"rendered":"https:\/\/www.cargomaxintl.com\/otherservices\/"},"modified":"2024-07-19T16:19:43","modified_gmt":"2024-07-19T16:19:43","slug":"otrosservicos","status":"publish","type":"page","link":"https:\/\/www.cargomaxintl.com\/es\/otrosservicos\/","title":{"rendered":"Otros Servicios"},"content":{"rendered":"<div class=\"wpb-content-wrapper\"><p>[vc_row full_width=\u00bbstretch_row_content_no_spaces\u00bb full_height=\u00bbyes\u00bb parallax=\u00bbcontent-moving\u00bb parallax_image=\u00bb8976&#8243; parallax_speed_bg=\u00bb1.8&#8243;][vc_column css=\u00bb.vc_custom_1625854780028{padding-top: 100px !important;padding-bottom: 450px !important;background-position: center !important;background-repeat: no-repeat !important;background-size: cover !important;}\u00bb][\/vc_column][\/vc_row][vc_row][vc_column width=\u00bb1\/5&#8243;][\/vc_column][vc_column width=\u00bb3\/5&#8243;][vc_column_text el_class=\u00bbp-header\u00bb]<\/p>\n<h1><\/h1>\n<h1 class=\"title\" style=\"color: #ff0000; text-align: center;\">OTROS SERVICIOS<\/h1>\n<hr \/>\n<p>La amplia gama de servicios que ofrece Cargomax International tambi\u00e9n incluye:<\/p>\n<p>\u25cf Servicios de documentaci\u00f3n sobre exportaci\u00f3n<br \/>\n\u25cf Asistencia para el TLCAN<br \/>\n\u25cf Soluciones de manejo de productos peligrosos<br \/>\n\u25cf Auditor\u00eda y consultor\u00eda de transportaci\u00f3n<br \/>\n\u25cf Orden de compra y gesti\u00f3n de seguimiento.<br \/>\n\u25cf Servicios de despacho aduanero en Canad\u00e1 y los Estados Unidos<br \/>\n\u25cf Consultor\u00eda comercial y aduanera<br \/>\n\u25cf Servicios de almacenamiento y distribuci\u00f3n en Canad\u00e1[\/vc_column_text][\/vc_column][vc_column width=\u00bb1\/5&#8243;][\/vc_column][\/vc_row][vc_row full_width=\u00bbstretch_row\u00bb el_class=\u00bbship\u00bb css=\u00bb.vc_custom_1625772914880{background-color: #ae0218 !important;}\u00bb][vc_column width=\u00bb1\/5&#8243;][\/vc_column][vc_column width=\u00bb3\/5&#8243;][vc_column_text]<\/p>\n<h3 class=\"title\" style=\"text-align: center;\"><span style=\"color: #ffffff;\"><strong>INFORMATI\u00d3N DE CONTACTO<\/strong><\/span><\/h3>\n<p style=\"text-align: center;\"><span style=\"color: #ffffff;\"><strong>CASA MATRIZ:<\/strong><\/span><\/p>\n<p style=\"text-align: center;\"><span style=\"color: #ffffff;\"><strong>\u00a0<\/strong><\/span><span style=\"color: #ffffff;\"><strong>CARGOMAX INTERNATIONAL INC<\/strong><\/span><\/p>\n<p style=\"text-align: center;\"><span style=\"color: #ffffff;\"><strong><i class=\"fa fa-mobile-phone\"><\/i> TEL:\u00a0\u00a0\u00a0\u00a0\u00a0\u00a0 <a style=\"color: white;\" href=\"tel:(450) 619-6034\">(450) 619-6034<\/a><\/strong><\/span><\/p>\n<p style=\"text-align: center;\"><span style=\"color: #ffffff;\"><strong><span class=\"fa fa-print\"><strong>\u00a0FAX:\u00a0 \u00a0 \u00a0\u00a0<\/strong><\/span><\/strong> <strong><a style=\"color: white;\" href=\"tel:(450) 619-6047\">(450) 619-6047<\/a><\/strong><\/span><\/p>\n<p style=\"text-align: center;\"><span style=\"color: #ffffff;\"><strong>TELEFONO: <a style=\"color: white;\" href=\"tel:1-800-535-6385\">1-800-535-6385<\/a> (GRATIS EN TODO NORTE AMERICA)<\/strong><\/span><\/p>\n<p>&nbsp;<\/p>\n<p style=\"text-align: center;\"><span style=\"color: #ffffff;\"><strong>DEPARTMENTOS:<\/strong><\/span><\/p>\n<p>&nbsp;<\/p>\n<p style=\"text-align: center;\"><span style=\"color: #ffffff;\"><strong>TARIFICACION Y VENTAS:\u00a0 \u00a0 \u00a0 \u00a0 \u00a0 \u00a0 \u00a0 \u00a0<a style=\"color: white;\" href=\"mailto:sales@cargomaxintl.com\">sales@cargomaxintl.com<\/a><\/strong><\/span><\/p>\n<p style=\"text-align: center;\"><span style=\"color: #ffffff;\"><strong>\u00a0 \u00a0RESERVACI\u00d3:\u00a0 \u00a0 \u00a0 \u00a0 \u00a0 \u00a0 \u00a0 \u00a0 \u00a0 \u00a0 \u00a0 \u00a0 \u00a0 \u00a0 \u00a0 \u00a0 \u00a0 \u00a0<a style=\"color: white;\" href=\"mailto:info@cargomaxintl.com \">info@cargomaxintl.com <\/a><\/strong><\/span><\/p>\n<p style=\"text-align: center;\"><span style=\"color: #ffffff;\"><strong>DOCUMENTATI\u00d3N:\u00a0 \u00a0 \u00a0 \u00a0 \u00a0 \u00a0 \u00a0 \u00a0 \u00a0 \u00a0 \u00a0 \u00a0 <a style=\"color: white;\" href=\"mailto:info@cargomaxintl.com \">info@cargomaxintl.com <\/a><\/strong><\/span><\/p>\n<p>[\/vc_column_text][\/vc_column][vc_column width=\u00bb1\/5&#8243;][\/vc_column][\/vc_row][vc_row][vc_column][vc_column_text][\/vc_column_text][\/vc_column][\/vc_row]<\/p>\n<\/div>","protected":false},"excerpt":{"rendered":"<p>[vc_row full_width=\u00bbstretch_row_content_no_spaces\u00bb full_height=\u00bbyes\u00bb parallax=\u00bbcontent-moving\u00bb parallax_image=\u00bb8976&#8243; parallax_speed_bg=\u00bb1.8&#8243;][vc_column css=\u00bb.vc_custom_1625854780028{padding-top: 100px !important;padding-bottom: 450px !important;background-position: center !important;background-repeat: no-repeat !important;background-size: cover !important;}\u00bb][\/vc_column][\/vc_row][vc_row][vc_column width=\u00bb1\/5&#8243;][\/vc_column][vc_column width=\u00bb3\/5&#8243;][vc_column_text el_class=\u00bbp-header\u00bb] OTROS SERVICIOS La amplia gama de servicios que ofrece Cargomax International tambi\u00e9n incluye: \u25cf Servicios de documentaci\u00f3n sobre exportaci\u00f3n \u25cf Asistencia para el TLCAN \u25cf Soluciones de manejo de productos peligrosos \u25cf Auditor\u00eda y consultor\u00eda [&hellip;]<\/p>\n","protected":false},"author":1,"featured_media":0,"parent":0,"menu_order":0,"comment_status":"closed","ping_status":"closed","template":"landingv2.php","meta":{"_exactmetrics_skip_tracking":false,"_exactmetrics_sitenote_active":false,"_exactmetrics_sitenote_note":"","_exactmetrics_sitenote_category":0,"footnotes":""},"yst_prominent_words":[288,287,318,285,90,86,290,97,101,289,5224,80,105,128],"class_list":["post-8967","page","type-page","status-publish","hentry"],"_links":{"self":[{"href":"https:\/\/www.cargomaxintl.com\/es\/wp-json\/wp\/v2\/pages\/8967","targetHints":{"allow":["GET"]}}],"collection":[{"href":"https:\/\/www.cargomaxintl.com\/es\/wp-json\/wp\/v2\/pages"}],"about":[{"href":"https:\/\/www.cargomaxintl.com\/es\/wp-json\/wp\/v2\/types\/page"}],"author":[{"embeddable":true,"href":"https:\/\/www.cargomaxintl.com\/es\/wp-json\/wp\/v2\/users\/1"}],"replies":[{"embeddable":true,"href":"https:\/\/www.cargomaxintl.com\/es\/wp-json\/wp\/v2\/comments?post=8967"}],"version-history":[{"count":16,"href":"https:\/\/www.cargomaxintl.com\/es\/wp-json\/wp\/v2\/pages\/8967\/revisions"}],"predecessor-version":[{"id":19875,"href":"https:\/\/www.cargomaxintl.com\/es\/wp-json\/wp\/v2\/pages\/8967\/revisions\/19875"}],"wp:attachment":[{"href":"https:\/\/www.cargomaxintl.com\/es\/wp-json\/wp\/v2\/media?parent=8967"}],"wp:term":[{"taxonomy":"yst_prominent_words","embeddable":true,"href":"https:\/\/www.cargomaxintl.com\/es\/wp-json\/wp\/v2\/yst_prominent_words?post=8967"}],"curies":[{"name":"wp","href":"https:\/\/api.w.org\/{rel}","templated":true}]}}