{"id":8761,"date":"2021-07-07T20:45:18","date_gmt":"2021-07-07T20:45:18","guid":{"rendered":"https:\/\/www.cargomaxintl.com\/les-solutions-intermodales\/"},"modified":"2024-07-19T16:13:14","modified_gmt":"2024-07-19T16:13:14","slug":"servicios-intermodales","status":"publish","type":"page","link":"https:\/\/www.cargomaxintl.com\/es\/servicios-intermodales\/","title":{"rendered":"Servicios Intermodales"},"content":{"rendered":"<div class=\"wpb-content-wrapper\"><p>[vc_row full_width=\u00bbstretch_row_content_no_spaces\u00bb][vc_column css=\u00bb.vc_custom_1625690001331{margin-bottom: 0px !important;padding-top: 100px !important;padding-bottom: 300px !important;background-image: url(https:\/\/www.cargomaxintl.com\/wp-content\/uploads\/2021\/07\/AdobeStock_76809417.jpeg?id=8617) !important;background-position: center !important;background-repeat: no-repeat !important;background-size: cover !important;}\u00bb][\/vc_column][\/vc_row][vc_row css=\u00bb.vc_custom_1615239797322{padding-top: 50px !important;padding-bottom: 0px !important;background-color: #ffffff !important;}\u00bb el_class=\u00bbabout\u00bb][vc_column width=\u00bb1\/5&#8243;][\/vc_column][vc_column width=\u00bb3\/5&#8243;][vc_column_text css=\u00bb.vc_custom_1625775582325{padding-right: 10px !important;padding-left: 10px !important;}\u00bb el_class=\u00bbp-header\u00bb][vc_row][vc_column width=\u00bb1\/1&#8243;][vc_column_text]<\/p>\n<h1 class=\"title\" style=\"color: #ff0000; text-align: center;\">INTERMODAL<\/h1>\n<hr \/>\n<h2>Manejo de Todos sus Requisitos de Transporte de Carga Ferroviaria<\/h2>\n<p>En Cargomax International podemos ayudarle a obtener todos los beneficios que ofrece la transportaci\u00f3n de sus mercanc\u00edas o materiales por ferrocarril.<\/p>\n<p>Nuestro equipo de expertos tiene una gran experiencia en el desarrollo de soluciones intermodales personalizadas e integradas para nuestros clientes, ayud\u00e1ndoles a ahorrar dinero y asegur\u00e1ndoles que sus env\u00edos se manejen de manera eficiente. Podemos ofrecer el mismo nivel de servicio para usted.<\/p>\n<p>Disponemos de una amplia variedad de tipos y tama\u00f1os de vagones que ponemos a su disposici\u00f3n seg\u00fan el tama\u00f1o, la cantidad o la naturaleza de las mercanc\u00edas que usted desee enviar. Adem\u00e1s, podemos complementar su soluci\u00f3n de transporte de carga por ferrocarril con el transporte por carretera para cubrir las partes del viaje donde no lleguen las l\u00edneas de ferrocarril.[\/vc_column_text][\/vc_column][\/vc_row][vc_row][vc_column][vc_column_text][\/vc_column_text][\/vc_column][\/vc_row][vc_row full_width=\u00bbstretch_row\u00bb el_class=\u00bbship\u00bb css=\u00bb.vc_custom_1625774747648{background-color: #ae0218 !important;}\u00bb][vc_column width=\u00bb1\/5&#8243;][\/vc_column][vc_column width=\u00bb3\/5&#8243;][vc_column_text]<\/p>\n<h3 class=\"title\" style=\"text-align: center;\"><span style=\"color: #ffffff;\"><strong>INFORMATI\u00d3N DE CONTACTO<\/strong><\/span><\/h3>\n<p style=\"text-align: center;\"><span style=\"color: #ffffff;\"><strong>CASA MATRIZ:<\/strong><\/span><\/p>\n<p style=\"text-align: center;\"><span style=\"color: #ffffff;\"><strong>\u00a0<\/strong><\/span><span style=\"color: #ffffff;\"><strong>CARGOMAX INTERNATIONAL INC<\/strong><\/span><\/p>\n<p style=\"text-align: center;\"><span style=\"color: #ffffff;\"><strong><i class=\"fa fa-mobile-phone\"><\/i> TEL:\u00a0\u00a0\u00a0\u00a0\u00a0\u00a0 <a style=\"color: white;\" href=\"tel:(450) 619-6034\">(450) 619-6034<\/a><\/strong><\/span><\/p>\n<p style=\"text-align: center;\"><span style=\"color: #ffffff;\"><strong><span class=\"fa fa-print\"><strong>\u00a0FAX:\u00a0 \u00a0 \u00a0\u00a0<\/strong><\/span><\/strong> <strong><a style=\"color: white;\" href=\"tel:(450) 619-6047\">(450) 619-6047<\/a><\/strong><\/span><\/p>\n<p style=\"text-align: center;\"><span style=\"color: #ffffff;\"><strong>TELEFONO: <a style=\"color: white;\" href=\"tel:1-800-535-6385\">1-800-535-6385<\/a> (GRATIS EN TODO NORTE AMERICA)<\/strong><\/span><\/p>\n<p>&nbsp;<\/p>\n<p style=\"text-align: center;\"><span style=\"color: #ffffff;\"><strong>DEPARTMENTOS:<\/strong><\/span><\/p>\n<p>&nbsp;<\/p>\n<p style=\"text-align: center;\"><span style=\"color: #ffffff;\"><strong>TARIFICACION Y VENTAS:\u00a0 \u00a0 \u00a0 \u00a0 \u00a0 \u00a0 \u00a0 \u00a0<a style=\"color: white;\" href=\"mailto:sales@cargomaxintl.com\">sales@cargomaxintl.com<\/a><\/strong><\/span><\/p>\n<p style=\"text-align: center;\"><span style=\"color: #ffffff;\"><strong>\u00a0 \u00a0RESERVACI\u00d3:\u00a0 \u00a0 \u00a0 \u00a0 \u00a0 \u00a0 \u00a0 \u00a0 \u00a0 \u00a0 \u00a0 \u00a0 \u00a0 \u00a0 \u00a0 \u00a0 \u00a0 \u00a0<a style=\"color: white;\" href=\"mailto:info@cargomaxintl.com \">info@cargomaxintl.com <\/a><\/strong><\/span><\/p>\n<p style=\"text-align: center;\"><span style=\"color: #ffffff;\"><strong>DOCUMENTATI\u00d3N:\u00a0 \u00a0 \u00a0 \u00a0 \u00a0 \u00a0 \u00a0 \u00a0 \u00a0 \u00a0 \u00a0 \u00a0 <a style=\"color: white;\" href=\"mailto:info@cargomaxintl.com \">info@cargomaxintl.com <\/a><\/strong><\/span><\/p>\n<p>[\/vc_column_text][\/vc_column][vc_column width=\u00bb1\/5&#8243;][\/vc_column][\/vc_row]<\/p>\n<\/div>","protected":false},"excerpt":{"rendered":"<p>[vc_row full_width=\u00bbstretch_row_content_no_spaces\u00bb][vc_column css=\u00bb.vc_custom_1625690001331{margin-bottom: 0px !important;padding-top: 100px !important;padding-bottom: 300px !important;background-image: url(https:\/\/www.cargomaxintl.com\/wp-content\/uploads\/2021\/07\/AdobeStock_76809417.jpeg?id=8617) !important;background-position: center !important;background-repeat: no-repeat !important;background-size: cover !important;}\u00bb][\/vc_column][\/vc_row][vc_row css=\u00bb.vc_custom_1615239797322{padding-top: 50px !important;padding-bottom: 0px !important;background-color: #ffffff !important;}\u00bb el_class=\u00bbabout\u00bb][vc_column width=\u00bb1\/5&#8243;][\/vc_column][vc_column width=\u00bb3\/5&#8243;][vc_column_text css=\u00bb.vc_custom_1625775582325{padding-right: 10px !important;padding-left: 10px !important;}\u00bb el_class=\u00bbp-header\u00bb][vc_row][vc_column width=\u00bb1\/1&#8243;][vc_column_text] INTERMODAL Manejo de Todos sus Requisitos de Transporte de Carga Ferroviaria En Cargomax International podemos ayudarle a obtener todos los beneficios [&hellip;]<\/p>\n","protected":false},"author":100010012,"featured_media":0,"parent":0,"menu_order":0,"comment_status":"closed","ping_status":"closed","template":"landingv2.php","meta":{"_exactmetrics_skip_tracking":false,"_exactmetrics_sitenote_active":false,"_exactmetrics_sitenote_note":"","_exactmetrics_sitenote_category":0,"footnotes":""},"yst_prominent_words":[86,97,122,207,204,203,102,101,653,138,208,104,495,271,206,124,202,136,123,121],"class_list":["post-8761","page","type-page","status-publish","hentry"],"_links":{"self":[{"href":"https:\/\/www.cargomaxintl.com\/es\/wp-json\/wp\/v2\/pages\/8761","targetHints":{"allow":["GET"]}}],"collection":[{"href":"https:\/\/www.cargomaxintl.com\/es\/wp-json\/wp\/v2\/pages"}],"about":[{"href":"https:\/\/www.cargomaxintl.com\/es\/wp-json\/wp\/v2\/types\/page"}],"author":[{"embeddable":true,"href":"https:\/\/www.cargomaxintl.com\/es\/wp-json\/wp\/v2\/users\/100010012"}],"replies":[{"embeddable":true,"href":"https:\/\/www.cargomaxintl.com\/es\/wp-json\/wp\/v2\/comments?post=8761"}],"version-history":[{"count":15,"href":"https:\/\/www.cargomaxintl.com\/es\/wp-json\/wp\/v2\/pages\/8761\/revisions"}],"predecessor-version":[{"id":19871,"href":"https:\/\/www.cargomaxintl.com\/es\/wp-json\/wp\/v2\/pages\/8761\/revisions\/19871"}],"wp:attachment":[{"href":"https:\/\/www.cargomaxintl.com\/es\/wp-json\/wp\/v2\/media?parent=8761"}],"wp:term":[{"taxonomy":"yst_prominent_words","embeddable":true,"href":"https:\/\/www.cargomaxintl.com\/es\/wp-json\/wp\/v2\/yst_prominent_words?post=8761"}],"curies":[{"name":"wp","href":"https:\/\/api.w.org\/{rel}","templated":true}]}}