{"id":8727,"date":"2021-07-06T19:41:24","date_gmt":"2021-07-06T19:41:24","guid":{"rendered":"https:\/\/www.cargomaxintl.com\/service-air-freight\/"},"modified":"2024-07-19T16:15:28","modified_gmt":"2024-07-19T16:15:28","slug":"servicio-carga-aerea","status":"publish","type":"page","link":"https:\/\/www.cargomaxintl.com\/es\/servicio-carga-aerea\/","title":{"rendered":"TRANSPORTE DE CARGA A\u00c9REA"},"content":{"rendered":"<div class=\"wpb-content-wrapper\"><p>[vc_row full_width=\u00bbstretch_row_content_no_spaces\u00bb][vc_column css=\u00bb.vc_custom_1625584893418{padding-top: 100px !important;padding-bottom: 300px !important;background-image: url(https:\/\/www.cargomaxintl.com\/wp-content\/uploads\/2017\/11\/08-August.jpeg?id=450) !important;background-position: center !important;background-repeat: no-repeat !important;background-size: cover !important;}\u00bb][\/vc_column][\/vc_row][vc_row][vc_column width=\u00bb1\/5&#8243;][\/vc_column][vc_column width=\u00bb3\/5&#8243;][vc_column_text el_class=\u00bbp-header\u00bb]<\/p>\n<h1><\/h1>\n<h1 class=\"title\" style=\"color: #ff0000; text-align: center;\">TRANSPORTE DE CARGA A\u00c9REA<\/h1>\n<hr \/>\n<p>&nbsp;<\/p>\n<p><strong>Carga A\u00e9rea &#8211; Transporte Efectivo y Confiable de Carga A\u00e9rea <\/strong><\/p>\n<p>El flete a\u00e9reo es la manera m\u00e1s directa y m\u00e1s r\u00e1pida de que su carga llegue a su destino. Sea cual sea su exigencia de transporte de carga a\u00e9rea, Cargomax International tiene la soluci\u00f3n exacta. Podemos ofrecerle un servicio de flete a\u00e9reo que sea rentable y que satisfaga las necesidades de su empresa.<\/p>\n<p>&nbsp;<\/p>\n<p>Somos miembros certificados de la Asociaci\u00f3n Internacional de Transporte A\u00e9reo (IATA), certificaci\u00f3n que le proporcionar\u00e1 mayor tranquilidad, aunque nuestras operaciones y procedimientos superan con creces los est\u00e1ndares de la IATA. Manejamos cada env\u00edo con responsabilidad y esmero. Por esta raz\u00f3n, empresas de todos tama\u00f1os alrededor del mundo depositan su confianza en nuestros servicios.<\/p>\n<p>Contacte a un miembro de nuestro equipo hoy para saber m\u00e1s sobre lo que podemos ofrecer y para analizar sus necesidades de transportaci\u00f3n. Nuestras soluciones son flexibles, por lo que podemos adaptarlas a lo que usted necesita o desea lograr. Nuestro equipo de expertos tambi\u00e9n le puede aconsejar sobre c\u00f3mo obtener la soluci\u00f3n de transporte de carga a\u00e9rea m\u00e1s rentable posible.[\/vc_column_text][\/vc_column][vc_column width=\u00bb1\/5&#8243;][\/vc_column][\/vc_row][vc_row css=\u00bb.vc_custom_1625771975063{padding-top: 50px !important;padding-right: 50px !important;padding-bottom: 50px !important;padding-left: 50px !important;background-color: #ae0218 !important;}\u00bb el_class=\u00bbship\u00bb][vc_column][vc_column_text]<\/p>\n<h3 class=\"title\" style=\"text-align: center;\"><span style=\"color: #ffffff;\"><strong>INFORMATI\u00d3N DE CONTACTO<\/strong><\/span><\/h3>\n<p style=\"text-align: center;\"><span style=\"color: #ffffff;\"><strong>CASA MATRIZ:<\/strong><\/span><\/p>\n<p style=\"text-align: center;\"><span style=\"color: #ffffff;\"><strong>\u00a0<\/strong><\/span><span style=\"color: #ffffff;\"><strong>CARGOMAX INTERNATIONAL INC<\/strong><\/span><\/p>\n<p style=\"text-align: center;\"><span style=\"color: #ffffff;\"><strong><i class=\"fa fa-mobile-phone\"><\/i> TEL:\u00a0\u00a0\u00a0\u00a0\u00a0\u00a0 <a style=\"color: white;\" href=\"tel:(450) 619-6034\">(450) 619-6034<\/a><\/strong><\/span><\/p>\n<p style=\"text-align: center;\"><span style=\"color: #ffffff;\"><strong><span class=\"fa fa-print\"><strong>\u00a0FAX:\u00a0 \u00a0 \u00a0\u00a0<\/strong><\/span><\/strong> <strong><a style=\"color: white;\" href=\"tel:(450) 619-6047\">(450) 619-6047<\/a><\/strong><\/span><\/p>\n<p style=\"text-align: center;\"><span style=\"color: #ffffff;\"><strong>TELEFONO: <a style=\"color: white;\" href=\"tel:1-800-535-6385\">1-800-535-6385<\/a> (GRATIS EN TODO NORTE AMERICA)<\/strong><\/span><\/p>\n<p>&nbsp;<\/p>\n<p style=\"text-align: center;\"><span style=\"color: #ffffff;\"><strong>DEPARTMENTOS:<\/strong><\/span><\/p>\n<p>&nbsp;<\/p>\n<p style=\"text-align: center;\"><span style=\"color: #ffffff;\"><strong>TARIFICACION Y VENTAS:\u00a0 \u00a0 \u00a0 \u00a0 \u00a0 \u00a0 \u00a0 \u00a0<a style=\"color: white;\" href=\"mailto:sales@cargomaxintl.com\">sales@cargomaxintl.com<\/a><\/strong><\/span><\/p>\n<p style=\"text-align: center;\"><span style=\"color: #ffffff;\"><strong>\u00a0 \u00a0RESERVACI\u00d3:\u00a0 \u00a0 \u00a0 \u00a0 \u00a0 \u00a0 \u00a0 \u00a0 \u00a0 \u00a0 \u00a0 \u00a0 \u00a0 \u00a0 \u00a0 \u00a0 \u00a0 \u00a0<a style=\"color: white;\" href=\"mailto:info@cargomaxintl.com \">info@cargomaxintl.com <\/a><\/strong><\/span><\/p>\n<p style=\"text-align: center;\"><span style=\"color: #ffffff;\"><strong>DOCUMENTATI\u00d3N:\u00a0 \u00a0 \u00a0 \u00a0 \u00a0 \u00a0 \u00a0 \u00a0 \u00a0 \u00a0 \u00a0 \u00a0 <a style=\"color: white;\" href=\"mailto:info@cargomaxintl.com \">info@cargomaxintl.com <\/a><\/strong><\/span><\/p>\n<p>[\/vc_column_text][\/vc_column][\/vc_row]<\/p>\n<\/div>","protected":false},"excerpt":{"rendered":"<p>[vc_row full_width=\u00bbstretch_row_content_no_spaces\u00bb][vc_column css=\u00bb.vc_custom_1625584893418{padding-top: 100px !important;padding-bottom: 300px !important;background-image: url(https:\/\/www.cargomaxintl.com\/wp-content\/uploads\/2017\/11\/08-August.jpeg?id=450) !important;background-position: center !important;background-repeat: no-repeat !important;background-size: cover !important;}\u00bb][\/vc_column][\/vc_row][vc_row][vc_column width=\u00bb1\/5&#8243;][\/vc_column][vc_column width=\u00bb3\/5&#8243;][vc_column_text el_class=\u00bbp-header\u00bb] TRANSPORTE DE CARGA A\u00c9REA &nbsp; Carga A\u00e9rea &#8211; Transporte Efectivo y Confiable de Carga A\u00e9rea El flete a\u00e9reo es la manera m\u00e1s directa y m\u00e1s r\u00e1pida de que su carga llegue a su destino. Sea cual sea [&hellip;]<\/p>\n","protected":false},"author":1,"featured_media":0,"parent":0,"menu_order":0,"comment_status":"closed","ping_status":"closed","template":"landingv2.php","meta":{"_exactmetrics_skip_tracking":false,"_exactmetrics_sitenote_active":false,"_exactmetrics_sitenote_note":"","_exactmetrics_sitenote_category":0,"footnotes":""},"yst_prominent_words":[126,375,86,122,373,379,207,204,203,371,378,183,376,374,377,381,380,123,121,372],"class_list":["post-8727","page","type-page","status-publish","hentry"],"_links":{"self":[{"href":"https:\/\/www.cargomaxintl.com\/es\/wp-json\/wp\/v2\/pages\/8727","targetHints":{"allow":["GET"]}}],"collection":[{"href":"https:\/\/www.cargomaxintl.com\/es\/wp-json\/wp\/v2\/pages"}],"about":[{"href":"https:\/\/www.cargomaxintl.com\/es\/wp-json\/wp\/v2\/types\/page"}],"author":[{"embeddable":true,"href":"https:\/\/www.cargomaxintl.com\/es\/wp-json\/wp\/v2\/users\/1"}],"replies":[{"embeddable":true,"href":"https:\/\/www.cargomaxintl.com\/es\/wp-json\/wp\/v2\/comments?post=8727"}],"version-history":[{"count":18,"href":"https:\/\/www.cargomaxintl.com\/es\/wp-json\/wp\/v2\/pages\/8727\/revisions"}],"predecessor-version":[{"id":19872,"href":"https:\/\/www.cargomaxintl.com\/es\/wp-json\/wp\/v2\/pages\/8727\/revisions\/19872"}],"wp:attachment":[{"href":"https:\/\/www.cargomaxintl.com\/es\/wp-json\/wp\/v2\/media?parent=8727"}],"wp:term":[{"taxonomy":"yst_prominent_words","embeddable":true,"href":"https:\/\/www.cargomaxintl.com\/es\/wp-json\/wp\/v2\/yst_prominent_words?post=8727"}],"curies":[{"name":"wp","href":"https:\/\/api.w.org\/{rel}","templated":true}]}}