{"id":8711,"date":"2021-07-07T14:17:49","date_gmt":"2021-07-07T14:17:49","guid":{"rendered":"https:\/\/www.cargomaxintl.com\/trucking-solution\/"},"modified":"2024-07-19T16:11:07","modified_gmt":"2024-07-19T16:11:07","slug":"transporte-por-carretera","status":"publish","type":"page","link":"https:\/\/www.cargomaxintl.com\/es\/transporte-por-carretera\/","title":{"rendered":"Transporte Por Carretera"},"content":{"rendered":"<div class=\"wpb-content-wrapper\"><p>[vc_row][vc_column][rev_slider_vc alias=\u00bbtrucking\u00bb][\/vc_column][\/vc_row][vc_row][vc_column width=\u00bb1\/5&#8243;][\/vc_column][vc_column width=\u00bb3\/5&#8243;][vc_column_text el_class=\u00bbp-header\u00bb]<\/p>\n<h1 class=\"title\" style=\"color: #ff0000; text-align: center;\">Transporte por carretera<\/h1>\n<hr \/>\n<h3><\/h3>\n<p>&nbsp;<\/p>\n<p>\u00bfNecesita enviar materiales, productos o mercanc\u00edas por carretera? El transporte por carretera sigue siendo uno de los m\u00e9todos m\u00e1s populares de env\u00edo de mercanc\u00edas debido a su flexibilidad, rentabilidad y fiabilidad. En Cargomax International contamos con una gran experiencia en soluciones de transporte de carga por carretera que satisfacen las necesidades de las empresas modernas.<\/p>\n<p>Esto incluye cargas de cami\u00f3n parcial, soluciones de entrega justo a tiempo, transporte transfronterizo de mercanc\u00edas por carretera y mucho m\u00e1s. De hecho, tenemos una reputaci\u00f3n inigualable como proveedores de servicios integrales y eficientes de transporte por carretera desde y hacia cualquier ciudad de Am\u00e9rica del Norte. Esto incluye grandes y peque\u00f1as ciudades de Canad\u00e1, Estados Unidos y M\u00e9xico.<\/p>\n<p>Tenemos socios que datan de nuestros inicios en cada uno de estos lugares, lo que nos permite que podamos obtener la estimaci\u00f3n m\u00e1s baja posible, manteniendo siempre los m\u00e1s altos est\u00e1ndares de servicio.<\/p>\n<p>Tambi\u00e9n podemos personalizar su soluci\u00f3n de transporte, integr\u00e1ndola perfectamente con los otros servicios que ofrecemos. Sean cual sean los requisitos de transportaci\u00f3n, carga o de env\u00edo que usted tenga, nosotros realizaremos la entrega.[\/vc_column_text][\/vc_column][vc_column width=\u00bb1\/5&#8243;][\/vc_column][\/vc_row][vc_row full_width=\u00bbstretch_row\u00bb el_class=\u00bbship\u00bb css=\u00bb.vc_custom_1625688890990{padding-top: 50px !important;padding-bottom: 50px !important;background-color: #ae0218 !important;}\u00bb][vc_column width=\u00bb1\/5&#8243;][\/vc_column][vc_column width=\u00bb3\/5&#8243;][vc_column_text]<\/p>\n<h3 class=\"title\" style=\"text-align: center;\"><span style=\"color: #ffffff;\"><strong>INFORMATI\u00d3N DE CONTACTO<\/strong><\/span><\/h3>\n<p style=\"text-align: center;\"><span style=\"color: #ffffff;\"><strong>CASA MATRIZ:<\/strong><\/span><\/p>\n<p style=\"text-align: center;\"><span style=\"color: #ffffff;\"><strong>\u00a0<\/strong><\/span><span style=\"color: #ffffff;\"><strong>CARGOMAX INTERNATIONAL INC<\/strong><\/span><\/p>\n<p style=\"text-align: center;\"><span style=\"color: #ffffff;\"><strong><i class=\"fa fa-mobile-phone\"><\/i> TEL:\u00a0\u00a0\u00a0\u00a0\u00a0\u00a0 <a style=\"color: white;\" href=\"tel:(450) 619-6034\">(450) 619-6034<\/a><\/strong><\/span><\/p>\n<p style=\"text-align: center;\"><span style=\"color: #ffffff;\"><strong><span class=\"fa fa-print\"><strong>\u00a0FAX:\u00a0 \u00a0 \u00a0\u00a0<\/strong><\/span><\/strong> <strong><a style=\"color: white;\" href=\"tel:(450) 619-6047\">(450) 619-6047<\/a><\/strong><\/span><\/p>\n<p style=\"text-align: center;\"><span style=\"color: #ffffff;\"><strong>TELEFONO: <a style=\"color: white;\" href=\"tel:1-800-535-6385\">1-800-535-6385<\/a> (GRATIS EN TODO NORTE AMERICA)<\/strong><\/span><\/p>\n<p>&nbsp;<\/p>\n<p style=\"text-align: center;\"><span style=\"color: #ffffff;\"><strong>DEPARTMENTOS:<\/strong><\/span><\/p>\n<p>&nbsp;<\/p>\n<p style=\"text-align: center;\"><span style=\"color: #ffffff;\"><strong>TARIFICACION Y VENTAS:\u00a0 \u00a0 \u00a0 \u00a0 \u00a0 \u00a0 \u00a0 \u00a0<a style=\"color: white;\" href=\"mailto:sales@cargomaxintl.com\">sales@cargomaxintl.com<\/a><\/strong><\/span><\/p>\n<p style=\"text-align: center;\"><span style=\"color: #ffffff;\"><strong>\u00a0 \u00a0RESERVACI\u00d3:\u00a0 \u00a0 \u00a0 \u00a0 \u00a0 \u00a0 \u00a0 \u00a0 \u00a0 \u00a0 \u00a0 \u00a0 \u00a0 \u00a0 \u00a0 \u00a0 \u00a0 \u00a0<a style=\"color: white;\" href=\"mailto:info@cargomaxintl.com \">info@cargomaxintl.com <\/a><\/strong><\/span><\/p>\n<p style=\"text-align: center;\"><span style=\"color: #ffffff;\"><strong>DOCUMENTATI\u00d3N:\u00a0 \u00a0 \u00a0 \u00a0 \u00a0 \u00a0 \u00a0 \u00a0 \u00a0 \u00a0 \u00a0 \u00a0 <a style=\"color: white;\" href=\"mailto:info@cargomaxintl.com \">info@cargomaxintl.com <\/a><\/strong><\/span><\/p>\n<p>[\/vc_column_text][\/vc_column][vc_column width=\u00bb1\/5&#8243;][\/vc_column][\/vc_row]<\/p>\n<\/div>","protected":false},"excerpt":{"rendered":"<p>[vc_row][vc_column][rev_slider_vc alias=\u00bbtrucking\u00bb][\/vc_column][\/vc_row][vc_row][vc_column width=\u00bb1\/5&#8243;][\/vc_column][vc_column width=\u00bb3\/5&#8243;][vc_column_text el_class=\u00bbp-header\u00bb] Transporte por carretera &nbsp; \u00bfNecesita enviar materiales, productos o mercanc\u00edas por carretera? El transporte por carretera sigue siendo uno de los m\u00e9todos m\u00e1s populares de env\u00edo de mercanc\u00edas debido a su flexibilidad, rentabilidad y fiabilidad. En Cargomax International contamos con una gran experiencia en soluciones de transporte de carga por [&hellip;]<\/p>\n","protected":false},"author":100010012,"featured_media":0,"parent":0,"menu_order":0,"comment_status":"closed","ping_status":"closed","template":"landingv2.php","meta":{"_exactmetrics_skip_tracking":false,"_exactmetrics_sitenote_active":false,"_exactmetrics_sitenote_note":"","_exactmetrics_sitenote_category":0,"footnotes":""},"yst_prominent_words":[86,270,279,100,207,101,284,151,150,286,277,273,271,269,124,278,136,281,274,280],"class_list":["post-8711","page","type-page","status-publish","hentry"],"_links":{"self":[{"href":"https:\/\/www.cargomaxintl.com\/es\/wp-json\/wp\/v2\/pages\/8711","targetHints":{"allow":["GET"]}}],"collection":[{"href":"https:\/\/www.cargomaxintl.com\/es\/wp-json\/wp\/v2\/pages"}],"about":[{"href":"https:\/\/www.cargomaxintl.com\/es\/wp-json\/wp\/v2\/types\/page"}],"author":[{"embeddable":true,"href":"https:\/\/www.cargomaxintl.com\/es\/wp-json\/wp\/v2\/users\/100010012"}],"replies":[{"embeddable":true,"href":"https:\/\/www.cargomaxintl.com\/es\/wp-json\/wp\/v2\/comments?post=8711"}],"version-history":[{"count":17,"href":"https:\/\/www.cargomaxintl.com\/es\/wp-json\/wp\/v2\/pages\/8711\/revisions"}],"predecessor-version":[{"id":19870,"href":"https:\/\/www.cargomaxintl.com\/es\/wp-json\/wp\/v2\/pages\/8711\/revisions\/19870"}],"wp:attachment":[{"href":"https:\/\/www.cargomaxintl.com\/es\/wp-json\/wp\/v2\/media?parent=8711"}],"wp:term":[{"taxonomy":"yst_prominent_words","embeddable":true,"href":"https:\/\/www.cargomaxintl.com\/es\/wp-json\/wp\/v2\/yst_prominent_words?post=8711"}],"curies":[{"name":"wp","href":"https:\/\/api.w.org\/{rel}","templated":true}]}}