{"id":8627,"date":"2021-07-05T17:37:11","date_gmt":"2021-07-05T17:37:11","guid":{"rendered":"https:\/\/www.cargomaxintl.com\/cargo-insurance-coordination\/"},"modified":"2024-07-19T16:17:00","modified_gmt":"2024-07-19T16:17:00","slug":"coodinacion-seguro-carga","status":"publish","type":"page","link":"https:\/\/www.cargomaxintl.com\/es\/coodinacion-seguro-carga\/","title":{"rendered":"Coordinacion de seguro de Carga"},"content":{"rendered":"<div class=\"wpb-content-wrapper\"><p>[vc_row full_width=\u00bbstretch_row_content\u00bb css=\u00bb.vc_custom_1622651239208{margin-top: 0px !important;margin-right: 0px !important;margin-bottom: -49px !important;margin-left: 0px !important;border-top-width: 0px !important;border-right-width: 0px !important;border-bottom-width: 0px !important;border-left-width: 0px !important;padding-top: 0px !important;padding-right: 0px !important;padding-bottom: 0px !important;padding-left: 0px !important;}\u00bb][vc_column css=\u00bb.vc_custom_1622651197934{margin-top: 0px !important;margin-right: 0px !important;margin-bottom: 0px !important;margin-left: 0px !important;border-top-width: 0px !important;border-right-width: 0px !important;border-bottom-width: 0px !important;border-left-width: 0px !important;padding-top: 0px !important;padding-right: 0px !important;padding-bottom: 0px !important;padding-left: 0px !important;background-position: center !important;background-repeat: no-repeat !important;background-size: cover !important;}\u00bb][rev_slider_vc alias=\u00bbinsurance\u00bb][\/vc_column][\/vc_row][vc_row css=\u00bb.vc_custom_1622665974245{margin-top: -21px !important;margin-bottom: 0px !important;}\u00bb][vc_column css=\u00bb.vc_custom_1622651602222{margin-top: 0px !important;margin-bottom: 0px !important;}\u00bb][vc_column_text css=\u00bb.vc_custom_1622651611490{margin-top: 0px !important;margin-bottom: 0px !important;border-bottom-width: 0px !important;padding-top: 40px !important;padding-bottom: 0px !important;background-color: #181b48 !important;}\u00bb]<\/p>\n<div style=\"height: 14px; display: box;\">.<\/div>\n<p>[\/vc_column_text][\/vc_column][\/vc_row][vc_row css=\u00bb.vc_custom_1622651642400{padding-top: 0px !important;padding-bottom: 0px !important;background-color: #ffffff !important;}\u00bb el_class=\u00bbabout\u00bb][vc_column width=\u00bb1\/5&#8243;][\/vc_column][vc_column width=\u00bb3\/5&#8243;][vc_column_text css=\u00bb.vc_custom_1625604659844{padding-right: 10px !important;padding-left: 10px !important;}\u00bb el_class=\u00bbp-header\u00bb]<\/p>\n<h1 class=\"title\" style=\"color: #ff0000; text-align: center;\">Coordinaci\u00f3n de seguro de Carga<\/h1>\n<hr \/>\n<p>&nbsp;<\/p>\n<h4 style=\"text-align: left;\"><strong>Seguro de Carga \u2013 Puede Contar con Nosotros<\/strong><\/h4>\n<p>La carga que usted env\u00eda es financieramente importante para su negocio de muchas maneras, desde el costo de los bienes f\u00edsicos hasta el valor que tiene para su empresa el inter\u00e9s de ofrecer un buen servicio a sus clientes. Por lo tanto, es esencial tener un seguro adecuado que cubra sus env\u00edos. En Cargomax International le podemos ayudar.<\/p>\n<p>Tenemos un acuerdo de asociaci\u00f3n con Marsh Marine Insurance y otras compa\u00f1\u00edas l\u00edderes en seguros de carga para asegurarnos de obtener la cobertura de seguro que usted necesita al precio m\u00e1s asequible. Sea cual sea su env\u00edo, podr\u00e1 beneficiarse de nuestra amplia red de compa\u00f1\u00edas de seguros de carga.<\/p>\n<p>El uso de Cargocover proporciona la mayor\u00eda de los certificados para los env\u00edos que manejamos, con cada env\u00edo identificado como CIF (seguro, costo y flete).[\/vc_column_text][\/vc_column][vc_column width=\u00bb1\/5&#8243;][\/vc_column][\/vc_row][vc_row full_width=\u00bbstretch_row\u00bb el_class=\u00bbship\u00bb css=\u00bb.vc_custom_1625688890990{padding-top: 50px !important;padding-bottom: 50px !important;background-color: #ae0218 !important;}\u00bb][vc_column width=\u00bb1\/5&#8243;][\/vc_column][vc_column width=\u00bb3\/5&#8243;][vc_column_text]<\/p>\n<h3 class=\"title\" style=\"text-align: center;\"><span style=\"color: #ffffff;\"><strong>INFORMATI\u00d3N DE CONTACTO<\/strong><\/span><\/h3>\n<p style=\"text-align: center;\"><span style=\"color: #ffffff;\"><strong>CASA MATRIZ:<\/strong><\/span><\/p>\n<p style=\"text-align: center;\"><span style=\"color: #ffffff;\"><strong>\u00a0<\/strong><\/span><span style=\"color: #ffffff;\"><strong>CARGOMAX INTERNATIONAL INC<\/strong><\/span><\/p>\n<p style=\"text-align: center;\"><span style=\"color: #ffffff;\"><strong><i class=\"fa fa-mobile-phone\"><\/i> TEL:\u00a0\u00a0\u00a0\u00a0\u00a0\u00a0 <a style=\"color: white;\" href=\"tel:(450) 619-6034\">(450) 619-6034<\/a><\/strong><\/span><\/p>\n<p style=\"text-align: center;\"><span style=\"color: #ffffff;\"><strong><span class=\"fa fa-print\"><strong>\u00a0FAX:\u00a0 \u00a0 \u00a0\u00a0<\/strong><\/span><\/strong> <strong><a style=\"color: white;\" href=\"tel:(450) 619-6047\">(450) 619-6047<\/a><\/strong><\/span><\/p>\n<p style=\"text-align: center;\"><span style=\"color: #ffffff;\"><strong>TELEFONO: <a style=\"color: white;\" href=\"tel:1-800-535-6385\">1-800-535-6385<\/a> (GRATIS EN TODO NORTE AMERICA)<\/strong><\/span><\/p>\n<p>&nbsp;<\/p>\n<p style=\"text-align: center;\"><span style=\"color: #ffffff;\"><strong>DEPARTMENTOS:<\/strong><\/span><\/p>\n<p>&nbsp;<\/p>\n<p style=\"text-align: center;\"><span style=\"color: #ffffff;\"><strong>TARIFICACION Y VENTAS:\u00a0 \u00a0 \u00a0 \u00a0 \u00a0 \u00a0 \u00a0 \u00a0<a style=\"color: white;\" href=\"mailto:sales@cargomaxintl.com\">sales@cargomaxintl.com<\/a><\/strong><\/span><\/p>\n<p style=\"text-align: center;\"><span style=\"color: #ffffff;\"><strong>\u00a0 \u00a0RESERVACI\u00d3:\u00a0 \u00a0 \u00a0 \u00a0 \u00a0 \u00a0 \u00a0 \u00a0 \u00a0 \u00a0 \u00a0 \u00a0 \u00a0 \u00a0 \u00a0 \u00a0 \u00a0 \u00a0<a style=\"color: white;\" href=\"mailto:info@cargomaxintl.com \">info@cargomaxintl.com <\/a><\/strong><\/span><\/p>\n<p style=\"text-align: center;\"><span style=\"color: #ffffff;\"><strong>DOCUMENTATI\u00d3N:\u00a0 \u00a0 \u00a0 \u00a0 \u00a0 \u00a0 \u00a0 \u00a0 \u00a0 \u00a0 \u00a0 \u00a0 <a style=\"color: white;\" href=\"mailto:info@cargomaxintl.com \">info@cargomaxintl.com <\/a><\/strong><\/span><\/p>\n<p>[\/vc_column_text][\/vc_column][vc_column width=\u00bb1\/5&#8243;][\/vc_column][\/vc_row]<\/p>\n<\/div>","protected":false},"excerpt":{"rendered":"<p>[vc_row full_width=\u00bbstretch_row_content\u00bb css=\u00bb.vc_custom_1622651239208{margin-top: 0px !important;margin-right: 0px !important;margin-bottom: -49px !important;margin-left: 0px !important;border-top-width: 0px !important;border-right-width: 0px !important;border-bottom-width: 0px !important;border-left-width: 0px !important;padding-top: 0px !important;padding-right: 0px !important;padding-bottom: 0px !important;padding-left: 0px !important;}\u00bb][vc_column css=\u00bb.vc_custom_1622651197934{margin-top: 0px !important;margin-right: 0px !important;margin-bottom: 0px !important;margin-left: 0px !important;border-top-width: 0px !important;border-right-width: 0px !important;border-bottom-width: 0px !important;border-left-width: 0px !important;padding-top: 0px !important;padding-right: 0px !important;padding-bottom: 0px !important;padding-left: 0px !important;background-position: center !important;background-repeat: no-repeat [&hellip;]<\/p>\n","protected":false},"author":4,"featured_media":0,"parent":0,"menu_order":0,"comment_status":"closed","ping_status":"closed","template":"landingv2.php","meta":{"_exactmetrics_skip_tracking":false,"_exactmetrics_sitenote_active":false,"_exactmetrics_sitenote_note":"","_exactmetrics_sitenote_category":0,"footnotes":""},"yst_prominent_words":[126,86,103,97,122,154,3223,102,138,151,104,227,124,170,229,3224,3222,233,231,152],"class_list":["post-8627","page","type-page","status-publish","hentry"],"_links":{"self":[{"href":"https:\/\/www.cargomaxintl.com\/es\/wp-json\/wp\/v2\/pages\/8627","targetHints":{"allow":["GET"]}}],"collection":[{"href":"https:\/\/www.cargomaxintl.com\/es\/wp-json\/wp\/v2\/pages"}],"about":[{"href":"https:\/\/www.cargomaxintl.com\/es\/wp-json\/wp\/v2\/types\/page"}],"author":[{"embeddable":true,"href":"https:\/\/www.cargomaxintl.com\/es\/wp-json\/wp\/v2\/users\/4"}],"replies":[{"embeddable":true,"href":"https:\/\/www.cargomaxintl.com\/es\/wp-json\/wp\/v2\/comments?post=8627"}],"version-history":[{"count":13,"href":"https:\/\/www.cargomaxintl.com\/es\/wp-json\/wp\/v2\/pages\/8627\/revisions"}],"predecessor-version":[{"id":19873,"href":"https:\/\/www.cargomaxintl.com\/es\/wp-json\/wp\/v2\/pages\/8627\/revisions\/19873"}],"wp:attachment":[{"href":"https:\/\/www.cargomaxintl.com\/es\/wp-json\/wp\/v2\/media?parent=8627"}],"wp:term":[{"taxonomy":"yst_prominent_words","embeddable":true,"href":"https:\/\/www.cargomaxintl.com\/es\/wp-json\/wp\/v2\/yst_prominent_words?post=8627"}],"curies":[{"name":"wp","href":"https:\/\/api.w.org\/{rel}","templated":true}]}}