{"id":4696,"date":"2020-09-05T02:38:20","date_gmt":"2020-09-05T02:38:20","guid":{"rendered":"https:\/\/www.cargomaxintl.com\/?page_id=4696"},"modified":"2020-09-06T01:19:41","modified_gmt":"2020-09-06T01:19:41","slug":"servicios-ofrecidos-a-nicaragua","status":"publish","type":"page","link":"https:\/\/www.cargomaxintl.com\/es\/servicios-ofrecidos-a-nicaragua\/","title":{"rendered":"SERVICIOS OFRECIDOS A NICARAGUA"},"content":{"rendered":"<div class=\"wpb-content-wrapper\"><p>[vc_row][vc_column parallax=\u00bbcontent-moving\u00bb css=\u00bb.vc_custom_1581543170125{padding-top: 100px !important;padding-bottom: 100px !important;background-image: url(https:\/\/www.cargomaxintl.com\/wp-content\/uploads\/2020\/02\/services.jpg?id=2636) !important;background-position: center !important;background-repeat: no-repeat !important;background-size: cover !important;}\u00bb][vc_custom_heading text=\u00bbSERVICIOS OFRECIDOS A NICARAGUA\u00bb font_container=\u00bbtag:div|font_size:35|text_align:center|color:%23ffffff\u00bb google_fonts=\u00bbfont_family:Alegreya%20SC%3Aregular%2Citalic%2C700%2C700italic%2C900%2C900italic|font_style:700%20bold%20regular%3A700%3Anormal\u00bb css=\u00bb.vc_custom_1598038590057{padding-top: 15px !important;padding-bottom: 15px !important;background-color: rgba(23,49,72,0.4) !important;*background-color: rgb(23,49,72) !important;}\u00bb][\/vc_column][\/vc_row]<\/p>\n<p>[vc_row css=\u00bb.vc_custom_1581532568731{padding-top: 50px !important;padding-bottom: 50px !important;}\u00bb][vc_column width=\u00bb1\/4&#8243;][\/vc_column][vc_column width=\u00bb1\/2&#8243; css=\u00bb.vc_custom_1581533381464{padding-right: 20px !important;padding-left: 20px !important;}\u00bb][vc_column_text]<\/p>\n<h4><strong>Cargomax International &#8211; Expertos en log\u00edstica en Am\u00e9rica Latina<\/strong><\/h4>\n<p>&nbsp;<\/p>\n<p>Cargomax fue fundada en 2001 con el fin de ayudar a empresas mediante soluciones internacionales de transporte de carga de alta calidad, servicios log\u00edsticos integrados, proyectos de cadena de suministro y mucho m\u00e1s. Si bien operamos a nivel mundial, nuestra actividad se concentra fundamentalmente en los mercados de Am\u00e9rica Latina y el Caribe.<\/p>\n<p>Cada soluci\u00f3n provista por Cargomax se adaptar\u00e1 a sus necesidades siendo la confiabilidad y la flexibilidad el coraz\u00f3n de nuestro servicio. Lo hacemos adaptando nuestros sistemas y personal para garantizarle una soluci\u00f3n especializada de alta calidad que cumpla con sus requisitos espec\u00edficos.<\/p>\n<p><strong>\u00a0<\/strong><\/p>\n<p><strong>Para m\u00e1s informaci\u00f3n sobre nuestros servicios, haga clic en el enlace siguiente: <\/strong>[\/vc_column_text][vc_btn title=\u00bbEMBARQUES A NICARAGUA\u00bb style=\u00bbclassic\u00bb color=\u00bbdefault\u00bb link=\u00bburl:https%3A%2F%2Fwww.cargomaxintl.com%2Fes%2Fembarques-a-nicaragua%2F|title:Shipping%20to%20Nicaragua||\u00bb][vc_column_text]<\/p>\n<h4><strong>Qu\u00e9 es lo que hace que Cargomax sea su socio log\u00edstico ideal?<\/strong><\/h4>\n<p><strong>\u00a0<\/strong><\/p>\n<ul>\n<li><strong>Conectando el mundo a Nicaragua<\/strong><\/li>\n<\/ul>\n<p>Con sede en Canad\u00e1, pero con personal en varios pa\u00edses de Am\u00e9rica Latina y socios en todas partes del mundo, Cargomax pone a disposici\u00f3n de los clientes toda la infraestructura necesaria para satisfacer sus demandas en materia de log\u00edstica en Am\u00e9rica Latina y el Caribe.<\/p>\n<p>Somos tambi\u00e9n un transportista vinculado a los EE. UU. Esto nos permite desplazar cargas desde M\u00e9xico o Canad\u00e1 a trav\u00e9s de los Estados Unidos. Cargomax International es un NVOCC registrado en el extranjero con la FMC, lo que nos permite gestionar con eficacia todas las exportaciones procedentes de los Estados Unidos.<\/p>\n<p>&nbsp;<\/p>\n<ul>\n<li><strong>Equipo de empleados en Nicaragua<\/strong><\/li>\n<\/ul>\n<p>Otra cosa que nos diferencia de otras empresas de log\u00edstica es el hecho de contar con nuestro propio personal en Nicaragua mismo. Nuestros profesionales tienen amplia experiencia en la gesti\u00f3n de operaciones log\u00edsticas en el pa\u00eds. Asimismo, nuestros equipos reciben regularmente capacitaciones para mantenerse actualizados en el manejo de las herramientas m\u00e1s modernas y al d\u00eda en cuanto a regulaciones. Monitorean y dan seguimiento a cada operaci\u00f3n de acuerdo con las mejores pr\u00e1cticas de comercio exterior.<\/p>\n<p>&nbsp;<\/p>\n<ul>\n<li><strong>Buenos contratos de servicios a\u00e9reos y mar\u00edtimos.<\/strong><\/li>\n<\/ul>\n<p>Estamos listos para ayudarle con las tarifas m\u00e1s competitivas del mercado independientemente de que Ud. desee que sus productos se exporten por aire o por mar. Esto es posible gracias a nuestros excelentes contratos con las principales aerol\u00edneas y compa\u00f1\u00edas navieras que prestan servicios a Nicaragua.<\/p>\n<p>&nbsp;<\/p>\n<ul>\n<li><strong>Contamos con conductores propios para entregar camiones y remolques a los principales puertos de exportaci\u00f3n<\/strong><\/li>\n<\/ul>\n<p>Sabemos lo importante que es contar con un socio que brinde soluciones integrales, que sepa integrar de manera efectiva todas las etapas de su exportaci\u00f3n. Por eso, como parte de nuestros servicios de log\u00edstica, Ud. puede asimismo contar con nuestro equipo de conductores para la entrega de camiones y remolques en los principales puertos de exportaci\u00f3n de Am\u00e9rica del Norte.<\/p>\n<p><strong>\u00a0<\/strong><\/p>\n<p>&nbsp;<\/p>\n<p><strong>Est\u00e1 interesado? P\u00f3ngase en contacto con el equipo de Cargomax! <\/strong><\/p>\n<p>Con mucho gusto le proporcionaremos m\u00e1s informaci\u00f3n sobre nuestros servicios y c\u00f3mo podemos ayudarle con sus env\u00edos a Am\u00e9rica Latina, al Caribe o a cualquier parte del mundo.[\/vc_column_text][\/vc_column][vc_column width=\u00bb1\/4&#8243;][\/vc_column][\/vc_row][vc_row][vc_column width=\u00bb1\/4&#8243;][vc_single_image image=\u00bb4550&#8243; img_size=\u00bb472&#215;329&#8243; alignment=\u00bbcenter\u00bb style=\u00bbvc_box_rounded\u00bb][\/vc_column][vc_column width=\u00bb1\/4&#8243;][vc_single_image image=\u00bb4553&#8243; img_size=\u00bb473&#215;329&#8243; alignment=\u00bbcenter\u00bb style=\u00bbvc_box_rounded\u00bb][\/vc_column][vc_column width=\u00bb1\/4&#8243;][vc_single_image image=\u00bb4556&#8243; img_size=\u00bb473&#215;329&#8243; alignment=\u00bbright\u00bb style=\u00bbvc_box_rounded\u00bb][\/vc_column][vc_column width=\u00bb1\/4&#8243;][vc_single_image image=\u00bb4559&#8243; img_size=\u00bb473&#215;329&#8243; alignment=\u00bbcenter\u00bb style=\u00bbvc_box_rounded\u00bb][\/vc_column][\/vc_row][vc_row css=\u00bb.vc_custom_1581290636311{padding-bottom: 100px !important;background-image: url(https:\/\/www.cargomaxintl.com\/wp-content\/uploads\/2020\/02\/Footer1.jpg?id=2670) !important;}\u00bb][vc_column width=\u00bb1\/4&#8243;][\/vc_column]<\/p>\n<p>[vc_column width=\u00bb1\/2&#8243;][vc_column_text css=\u00bb.vc_custom_1597957702568{margin-top: 50px !important;border-top-width: 2px !important;border-bottom-width: 2px !important;padding-bottom: 25px !important;border-top-color: #fa8156 !important;border-top-style: solid !important;border-bottom-color: #fa8156 !important;border-bottom-style: solid !important;}\u00bb]<\/p>\n<h3 style=\"text-align: center;\"><span style=\"color: white;\">COMUN\u00cdQUESE CON NUESTRO SERVICIO AL CLIENTE<\/span><\/h3>\n<h5 style=\"text-align: center;\"><span style=\"color: white; display: block; padding-bottom: 5px;\"><br \/>\n<\/span><span style=\"color: white; display: block;\"><i class=\"fa fa-envelope\"><\/i> Correo: <a style=\"color: white !important;\" href=\"mailto:nicaragua@cargomaxintl.com\">nicaragua@cargomaxintl.com<\/a><\/span><\/h5>\n<p>[\/vc_column_text][\/vc_column][vc_column width=\u00bb1\/4&#8243;][\/vc_column][\/vc_row]<\/p>\n<\/div>","protected":false},"excerpt":{"rendered":"<p>[vc_row][vc_column parallax=\u00bbcontent-moving\u00bb css=\u00bb.vc_custom_1581543170125{padding-top: 100px !important;padding-bottom: 100px !important;background-image: url(https:\/\/www.cargomaxintl.com\/wp-content\/uploads\/2020\/02\/services.jpg?id=2636) !important;background-position: center !important;background-repeat: no-repeat !important;background-size: cover !important;}\u00bb][vc_custom_heading text=\u00bbSERVICIOS OFRECIDOS A NICARAGUA\u00bb font_container=\u00bbtag:div|font_size:35|text_align:center|color:%23ffffff\u00bb google_fonts=\u00bbfont_family:Alegreya%20SC%3Aregular%2Citalic%2C700%2C700italic%2C900%2C900italic|font_style:700%20bold%20regular%3A700%3Anormal\u00bb css=\u00bb.vc_custom_1598038590057{padding-top: 15px !important;padding-bottom: 15px !important;background-color: rgba(23,49,72,0.4) !important;*background-color: rgb(23,49,72) !important;}\u00bb][\/vc_column][\/vc_row] [vc_row css=\u00bb.vc_custom_1581532568731{padding-top: 50px !important;padding-bottom: 50px !important;}\u00bb][vc_column width=\u00bb1\/4&#8243;][\/vc_column][vc_column width=\u00bb1\/2&#8243; css=\u00bb.vc_custom_1581533381464{padding-right: 20px !important;padding-left: 20px !important;}\u00bb][vc_column_text] Cargomax International &#8211; Expertos en log\u00edstica en Am\u00e9rica Latina &nbsp; Cargomax fue [&hellip;]<\/p>\n","protected":false},"author":4,"featured_media":0,"parent":0,"menu_order":0,"comment_status":"closed","ping_status":"closed","template":"landing.php","meta":{"_exactmetrics_skip_tracking":false,"_exactmetrics_sitenote_active":false,"_exactmetrics_sitenote_note":"","_exactmetrics_sitenote_category":0,"footnotes":""},"yst_prominent_words":[1610,1812,1815,1622,1173,1829,1813,1811,1828,2269,1830,1816,1827,1814,798,762,2268,2267,799,1831],"class_list":["post-4696","page","type-page","status-publish","hentry"],"_links":{"self":[{"href":"https:\/\/www.cargomaxintl.com\/es\/wp-json\/wp\/v2\/pages\/4696","targetHints":{"allow":["GET"]}}],"collection":[{"href":"https:\/\/www.cargomaxintl.com\/es\/wp-json\/wp\/v2\/pages"}],"about":[{"href":"https:\/\/www.cargomaxintl.com\/es\/wp-json\/wp\/v2\/types\/page"}],"author":[{"embeddable":true,"href":"https:\/\/www.cargomaxintl.com\/es\/wp-json\/wp\/v2\/users\/4"}],"replies":[{"embeddable":true,"href":"https:\/\/www.cargomaxintl.com\/es\/wp-json\/wp\/v2\/comments?post=4696"}],"version-history":[{"count":9,"href":"https:\/\/www.cargomaxintl.com\/es\/wp-json\/wp\/v2\/pages\/4696\/revisions"}],"predecessor-version":[{"id":4758,"href":"https:\/\/www.cargomaxintl.com\/es\/wp-json\/wp\/v2\/pages\/4696\/revisions\/4758"}],"wp:attachment":[{"href":"https:\/\/www.cargomaxintl.com\/es\/wp-json\/wp\/v2\/media?parent=4696"}],"wp:term":[{"taxonomy":"yst_prominent_words","embeddable":true,"href":"https:\/\/www.cargomaxintl.com\/es\/wp-json\/wp\/v2\/yst_prominent_words?post=4696"}],"curies":[{"name":"wp","href":"https:\/\/api.w.org\/{rel}","templated":true}]}}