{"id":3992,"date":"2020-07-24T20:59:34","date_gmt":"2020-07-24T20:59:34","guid":{"rendered":"https:\/\/www.cargomaxintl.com\/?page_id=3992"},"modified":"2020-07-24T20:59:34","modified_gmt":"2020-07-24T20:59:34","slug":"aeropuertos-internacionales-en-honduras","status":"publish","type":"page","link":"https:\/\/www.cargomaxintl.com\/es\/aeropuertos-internacionales-en-honduras\/","title":{"rendered":"AEROPUERTOS INTERNACI\u00d3NALES EN HONDURAS"},"content":{"rendered":"<div class=\"wpb-content-wrapper\"><p>[vc_row][vc_column parallax=\u00bbcontent-moving\u00bb css=\u00bb.vc_custom_1582007838572{padding-top: 100px !important;padding-bottom: 100px !important;background-image: url(https:\/\/www.cargomaxintl.com\/wp-content\/uploads\/2020\/02\/airports.jpg?id=2642) !important;background-position: center !important;background-repeat: no-repeat !important;background-size: cover !important;}\u00bb][vc_custom_heading text=\u00bbAEROPUERTOS INTERNACI\u00d3NALES EN HONDURAS\u00bb font_container=\u00bbtag:div|font_size:30|text_align:center|color:%23ffffff\u00bb google_fonts=\u00bbfont_family:Alegreya%20SC%3Aregular%2Citalic%2C700%2C700italic%2C900%2C900italic|font_style:700%20bold%20regular%3A700%3Anormal\u00bb css=\u00bb.vc_custom_1595629024633{padding-top: 15px !important;padding-bottom: 15px !important;background-color: rgba(23,49,72,0.4) !important;*background-color: rgb(23,49,72) !important;}\u00bb][\/vc_column][\/vc_row][vc_row css=\u00bb.vc_custom_1581532568731{padding-top: 50px !important;padding-bottom: 50px !important;}\u00bb][vc_column width=\u00bb1\/4&#8243;][\/vc_column][vc_column width=\u00bb1\/2&#8243; css=\u00bb.vc_custom_1581533381464{padding-right: 20px !important;padding-left: 20px !important;}\u00bb][vc_column_text]<\/p>\n<h4><strong>Aeropuertos internacionales de carga en Honduras:<\/strong><\/h4>\n<p>Hay muchos aeropuertos en Honduras, pero son solo cuatro los que tienen capacidad para viajes internacionales y carga. De \u00c9stos, Toncontin y Ramon Villeda Morales son los m\u00e1s grandes y tienen la mayor cantidad de env\u00edos hacia y desde los EE. UU. Y Canad\u00e1.<\/p>\n<p><strong>Aeropuerto Internacional de Golos\u00f3n<\/strong><\/p>\n<p>Ubicada en el lado oeste de La Ceiba, la tercera ciudad m\u00e1s grande de Honduras, Golos\u00f3n opera 4 aerol\u00edneas nacionales hondure\u00f1as y una l\u00ednea internacional, Cayman Airways.<\/p>\n<p><strong>Aeropuerto internacional Juan Manuel G\u00e1lvez<\/strong><\/p>\n<p>Ubicado en la isla de Roat\u00e1n, a unas 30 millas de la costa de Honduras, el aeropuerto internacional de Coxen Hole recibe y despacha vuelos de tres aerol\u00edneas nacionales hondure\u00f1as y de 11 aerol\u00edneas internacionales.<br \/>\nAeropuerto Internacional Ram\u00f3n Villeda Morales<br \/>\nTambi\u00e9n conocido como La Mesa International, el Aeropuerto Internacional Ram\u00f3n Villeda Morales est\u00e1 ubicado a 7 millas al sur de San Pedro Sula. Es el aeropuerto m\u00e1s grande y transitado de Honduras. Opera m\u00e1s de 150 aerol\u00edneas nacionales e internacionales.<\/p>\n<p><strong>Aeropuerto internacional de Toncont\u00edn<\/strong><\/p>\n<p>Ubicado a 6 millas al sur de la ciudad capital de Honduras, Tegucigalpa, el Aeropuerto Internacional Toncont\u00edn es conocido por tener una pista de aterrizaje peligrosa. Sin embargo, gracias a las mejoras en las instalaciones ha aumentado la seguridad, y el aeropuerto es el segundo m\u00e1s transitado en Honduras. Opera 9 aerol\u00edneas nacionales e internacionales.[\/vc_column_text][\/vc_column][vc_column width=\u00bb1\/4&#8243;][\/vc_column][\/vc_row][vc_row][vc_column width=\u00bb1\/4&#8243; css=\u00bb.vc_custom_1595585343189{margin-right: 0px !important;margin-left: 0px !important;padding-right: 0px !important;padding-left: 0px !important;}\u00bb][vc_single_image image=\u00bb3940&#8243; img_size=\u00bb396&#215;330&#8243; alignment=\u00bbright\u00bb css=\u00bb.vc_custom_1595585361245{margin-right: 0px !important;margin-left: 0px !important;padding-right: 0px !important;padding-left: 0px !important;}\u00bb][\/vc_column][vc_column width=\u00bb1\/4&#8243; css=\u00bb.vc_custom_1595585289882{margin-right: 0px !important;margin-left: 0px !important;padding-right: 0px !important;padding-left: 0px !important;}\u00bb][vc_single_image image=\u00bb3937&#8243; img_size=\u00bb532&#215;363&#8243; alignment=\u00bbcenter\u00bb css=\u00bb.vc_custom_1595585226679{margin-right: 0px !important;margin-left: 0px !important;padding-right: 0px !important;padding-left: 0px !important;}\u00bb][\/vc_column][vc_column width=\u00bb1\/4&#8243; css=\u00bb.vc_custom_1595585268252{margin-right: 0px !important;margin-left: 0px !important;padding-right: 0px !important;padding-left: 0px !important;}\u00bb][vc_single_image image=\u00bb3934&#8243; img_size=\u00bbfull\u00bb alignment=\u00bbcenter\u00bb css=\u00bb.vc_custom_1595585177886{margin-right: 0px !important;margin-left: 0px !important;padding-right: 0px !important;padding-left: 0px !important;}\u00bb][\/vc_column][vc_column width=\u00bb1\/4&#8243; css=\u00bb.vc_custom_1595585143574{margin-right: 0px !important;margin-left: 0px !important;padding-right: 0px !important;padding-left: 0px !important;}\u00bb][vc_single_image image=\u00bb3931&#8243; img_size=\u00bb387&#215;330&#8243; css=\u00bb.vc_custom_1595585249601{margin-right: 0px !important;margin-left: 0px !important;padding-right: 0px !important;padding-left: 0px !important;}\u00bb][\/vc_column][\/vc_row][vc_row css=\u00bb.vc_custom_1581290636311{padding-bottom: 100px !important;background-image: url(https:\/\/www.cargomaxintl.com\/wp-content\/uploads\/2020\/02\/Footer1.jpg?id=2670) !important;}\u00bb][vc_column width=\u00bb1\/4&#8243;][\/vc_column][vc_column width=\u00bb1\/2&#8243;][vc_column_text css=\u00bb.vc_custom_1595629089340{margin-top: 50px !important;border-top-width: 2px !important;border-bottom-width: 2px !important;padding-bottom: 25px !important;border-top-color: #fa8156 !important;border-top-style: solid !important;border-bottom-color: #fa8156 !important;border-bottom-style: solid !important;}\u00bb]<\/p>\n<h3 style=\"text-align: center;\"><span style=\"color: white;\">COMUN\u00cdQUESE CON NUESTRO SERVICIO AL CLIENTE<\/span><\/h3>\n<h5 style=\"text-align: center;\"><span style=\"color: white; display: block;\"><span style=\"color: white; display: block;\"><i class=\"fa fa-envelope\"><\/i> Correo: <a style=\"color: white !important;\" href=\"mailto:honduras@cargomaxintl.com\">honduras@cargomaxintl.com<\/a><\/span><\/span><\/h5>\n<p>[\/vc_column_text][\/vc_column][vc_column width=\u00bb1\/4&#8243;][\/vc_column][\/vc_row]<\/p>\n<\/div>","protected":false},"excerpt":{"rendered":"<p>[vc_row][vc_column parallax=\u00bbcontent-moving\u00bb css=\u00bb.vc_custom_1582007838572{padding-top: 100px !important;padding-bottom: 100px !important;background-image: url(https:\/\/www.cargomaxintl.com\/wp-content\/uploads\/2020\/02\/airports.jpg?id=2642) !important;background-position: center !important;background-repeat: no-repeat !important;background-size: cover !important;}\u00bb][vc_custom_heading text=\u00bbAEROPUERTOS INTERNACI\u00d3NALES EN HONDURAS\u00bb font_container=\u00bbtag:div|font_size:30|text_align:center|color:%23ffffff\u00bb google_fonts=\u00bbfont_family:Alegreya%20SC%3Aregular%2Citalic%2C700%2C700italic%2C900%2C900italic|font_style:700%20bold%20regular%3A700%3Anormal\u00bb css=\u00bb.vc_custom_1595629024633{padding-top: 15px !important;padding-bottom: 15px !important;background-color: rgba(23,49,72,0.4) !important;*background-color: rgb(23,49,72) !important;}\u00bb][\/vc_column][\/vc_row][vc_row css=\u00bb.vc_custom_1581532568731{padding-top: 50px !important;padding-bottom: 50px !important;}\u00bb][vc_column width=\u00bb1\/4&#8243;][\/vc_column][vc_column width=\u00bb1\/2&#8243; css=\u00bb.vc_custom_1581533381464{padding-right: 20px !important;padding-left: 20px !important;}\u00bb][vc_column_text] Aeropuertos internacionales de carga en Honduras: Hay muchos aeropuertos en Honduras, pero son [&hellip;]<\/p>\n","protected":false},"author":4,"featured_media":0,"parent":0,"menu_order":0,"comment_status":"closed","ping_status":"closed","template":"landing.php","meta":{"_exactmetrics_skip_tracking":false,"_exactmetrics_sitenote_active":false,"_exactmetrics_sitenote_note":"","_exactmetrics_sitenote_category":0,"footnotes":""},"yst_prominent_words":[1947,1945,1937,1939,1933,1026,1941,1934,1932,1944,1912,1653,1938,1942,1935,1943,1936,1946,1940,1892],"class_list":["post-3992","page","type-page","status-publish","hentry"],"_links":{"self":[{"href":"https:\/\/www.cargomaxintl.com\/es\/wp-json\/wp\/v2\/pages\/3992","targetHints":{"allow":["GET"]}}],"collection":[{"href":"https:\/\/www.cargomaxintl.com\/es\/wp-json\/wp\/v2\/pages"}],"about":[{"href":"https:\/\/www.cargomaxintl.com\/es\/wp-json\/wp\/v2\/types\/page"}],"author":[{"embeddable":true,"href":"https:\/\/www.cargomaxintl.com\/es\/wp-json\/wp\/v2\/users\/4"}],"replies":[{"embeddable":true,"href":"https:\/\/www.cargomaxintl.com\/es\/wp-json\/wp\/v2\/comments?post=3992"}],"version-history":[{"count":5,"href":"https:\/\/www.cargomaxintl.com\/es\/wp-json\/wp\/v2\/pages\/3992\/revisions"}],"predecessor-version":[{"id":4008,"href":"https:\/\/www.cargomaxintl.com\/es\/wp-json\/wp\/v2\/pages\/3992\/revisions\/4008"}],"wp:attachment":[{"href":"https:\/\/www.cargomaxintl.com\/es\/wp-json\/wp\/v2\/media?parent=3992"}],"wp:term":[{"taxonomy":"yst_prominent_words","embeddable":true,"href":"https:\/\/www.cargomaxintl.com\/es\/wp-json\/wp\/v2\/yst_prominent_words?post=3992"}],"curies":[{"name":"wp","href":"https:\/\/api.w.org\/{rel}","templated":true}]}}