{"id":3837,"date":"2020-05-12T03:57:40","date_gmt":"2020-05-12T03:57:40","guid":{"rendered":"https:\/\/www.cargomaxintl.com\/international-seaports-in-panama\/"},"modified":"2020-06-04T00:35:53","modified_gmt":"2020-06-04T00:35:53","slug":"puertos-maritimos-internacionales-en-panama","status":"publish","type":"page","link":"https:\/\/www.cargomaxintl.com\/es\/puertos-maritimos-internacionales-en-panama\/","title":{"rendered":"Puertos maritimos internacionales en Panama"},"content":{"rendered":"<div class=\"wpb-content-wrapper\"><p>[vc_row][vc_column parallax=\u00bbcontent-moving\u00bb css=\u00bb.vc_custom_1581612693615{padding-top: 100px !important;padding-bottom: 100px !important;background-image: url(https:\/\/www.cargomaxintl.com\/wp-content\/uploads\/2020\/02\/ports.jpg?id=2639) !important;background-position: center !important;background-repeat: no-repeat !important;background-size: cover !important;}\u00bb][vc_custom_heading text=\u00bbPUERTOS MARITIMOS INTERNACI\u00d3NALES EN PANAMA\u00bb font_container=\u00bbtag:div|font_size:35|text_align:center|color:%23ffffff\u00bb google_fonts=\u00bbfont_family:Alegreya%20SC%3Aregular%2Citalic%2C700%2C700italic%2C900%2C900italic|font_style:700%20bold%20regular%3A700%3Anormal\u00bb css=\u00bb.vc_custom_1589266236873{padding-top: 15px !important;padding-bottom: 15px !important;background-color: rgba(23,49,72,0.4) !important;*background-color: rgb(23,49,72) !important;}\u00bb][\/vc_column][\/vc_row][vc_row css=\u00bb.vc_custom_1581532568731{padding-top: 50px !important;padding-bottom: 50px !important;}\u00bb][vc_column width=\u00bb1\/4&#8243;][\/vc_column][vc_column width=\u00bb1\/2&#8243; css=\u00bb.vc_custom_1581533381464{padding-right: 20px !important;padding-left: 20px !important;}\u00bb][vc_column_text]<strong>Terminal internacional de Manzanillo<\/strong><\/p>\n<p>Ubicada en la costa caribe\u00f1a, al norte de la entrada del Canal, MIT est\u00e1 conectado a Frances Field, el espacio de almacenamiento m\u00e1s grande en la Zona Libre de Col\u00f3n. Se trata de un complejo log\u00edstico completo con una terminal de contenedores y Ro-Ro del primer mundo, con grandes zonas de almacenamiento de contenedores, un parque log\u00edstico y una plataforma que conecta los servicios de transporte mar\u00edtimo, terrestre, ferroviario y a\u00e9reo.<\/p>\n<p><strong>\u00a0<\/strong><\/p>\n<p><strong>Terminal de contenedores de Col\u00f3n<\/strong><\/p>\n<p>Esta moderna terminal de contenedores se encuentra en Coco Solo North, provincia de Col\u00f3n, por lo que es un puerto mar\u00edtimo ideal para operar mercanc\u00edas que entran y salen de la Zona Libre de Col\u00f3n. Tiene acceso por carretera y ferrocarril a la Zona Libre.<\/p>\n<p><strong>\u00a0<\/strong><\/p>\n<p><strong>Crist\u00f3bal<\/strong><\/p>\n<p>Crist\u00f3bal, uno de los puertos m\u00e1s antiguos de Panam\u00e1, se encuentra en la Bah\u00eda de Lim\u00f3n, en la parte suroriental de la Ciudad de Col\u00f3n y en la entrada caribe\u00f1a del Canal. Esta ubicaci\u00f3n de importancia estrat\u00e9gica le da al puerto un f\u00e1cil acceso a muchas rutas mar\u00edtimas importantes. Es un importante punto de consolidaci\u00f3n para carga en contenedores, a granel, l\u00edquidas y generales.<\/p>\n<p><strong>\u00a0<\/strong><\/p>\n<p><strong>Balboa<\/strong><\/p>\n<p>Balboa es la \u00fanica terminal de contenedores que funciona plenamente para dar servicio a las numerosas compa\u00f1\u00edas navieras para las operaciones de carga, descarga y transbordo desde el Pac\u00edfico a la regi\u00f3n. Conecta los principales servicios de transporte mar\u00edtimo del Lejano Oriente y Am\u00e9rica del Norte a la costa occidental de Am\u00e9rica del Sur, Central y el Caribe. Opera cargas secas, l\u00edquidas, a granel y especializadas.<\/p>\n<p><strong>PSA Terminal Internacional de Panam\u00e1<\/strong><\/p>\n<p>Ubicada en la entrada del lado oeste del Pac\u00edfico del canal, el PSA es un centro neur\u00e1lgico para las compa\u00f1\u00edas navieras que necesitan llevar m\u00e1s carga a los pa\u00edses de Am\u00e9rica Latina. Construida para operar materiales para la expansi\u00f3n del Canal, ahora cuenta con una infraestructura de primera clase.<\/p>\n<p>&nbsp;<\/p>\n<p><strong>\u00a0<\/strong><\/p>\n<p><strong>\u00a0<\/strong><\/p>\n<p><strong>PARA M\u00c1S INFORMACI\u00d3N SOBRE NUESTRO SERVICIO DE FLETES A PANAM\u00c1, HAGA CLIC EN EL SIGUIENTE ENLACE: <\/strong>[\/vc_column_text][vc_btn title=\u00bbEmbarques a Panama\u00bb color=\u00bbdefault\u00bb link=\u00bburl:https%3A%2F%2Fwww.cargomaxintl.com%2Fes%2Fembarques-a-panama%2F|||\u00bb][\/vc_column][vc_column width=\u00bb1\/4&#8243;][\/vc_column][\/vc_row][vc_row][vc_column width=\u00bb1\/3&#8243;][vc_single_image image=\u00bb3470&#8243; img_size=\u00bbfull\u00bb alignment=\u00bbcenter\u00bb style=\u00bbvc_box_rounded\u00bb][\/vc_column][vc_column width=\u00bb1\/3&#8243;][vc_single_image image=\u00bb3476&#8243; img_size=\u00bblarge\u00bb alignment=\u00bbcenter\u00bb style=\u00bbvc_box_rounded\u00bb][\/vc_column][vc_column width=\u00bb1\/3&#8243;][vc_single_image image=\u00bb3473&#8243; img_size=\u00bblarge\u00bb alignment=\u00bbcenter\u00bb style=\u00bbvc_box_rounded\u00bb][\/vc_column][\/vc_row][vc_row css=\u00bb.vc_custom_1581290636311{padding-bottom: 100px !important;background-image: url(https:\/\/www.cargomaxintl.com\/wp-content\/uploads\/2020\/02\/Footer1.jpg?id=2670) !important;}\u00bb][vc_column width=\u00bb1\/4&#8243;][\/vc_column][vc_column width=\u00bb1\/2&#8243;][vc_column_text css=\u00bb.vc_custom_1591241905582{margin-top: 50px !important;border-top-width: 2px !important;border-bottom-width: 2px !important;padding-bottom: 25px !important;border-top-color: #fa8156 !important;border-top-style: solid !important;border-bottom-color: #fa8156 !important;border-bottom-style: solid !important;}\u00bb]<\/p>\n<h3 style=\"text-align: center;\"><span style=\"color: white;\">COMUN\u00cdQUESE CON NUESTRO SERVICIO AL CLIENTE<\/span><\/h3>\n<h5 style=\"text-align: center;\"><span style=\"color: white; display: block;\"><i class=\"fa fa-phone\"><\/i> Tel: +(507) 836-5933<\/span><span style=\"color: white; display: block;\"><i class=\"fa fa-envelope\"><\/i> Correo: <a style=\"color: white !important;\" href=\"mailto:panama@cargomaxintl.com\">panama@cargomaxintl.com<\/a><\/span><\/h5>\n<p>[\/vc_column_text][\/vc_column][vc_column width=\u00bb1\/4&#8243;][\/vc_column][\/vc_row]<\/p>\n<\/div>","protected":false},"excerpt":{"rendered":"<p>[vc_row][vc_column parallax=\u00bbcontent-moving\u00bb css=\u00bb.vc_custom_1581612693615{padding-top: 100px !important;padding-bottom: 100px !important;background-image: url(https:\/\/www.cargomaxintl.com\/wp-content\/uploads\/2020\/02\/ports.jpg?id=2639) !important;background-position: center !important;background-repeat: no-repeat !important;background-size: cover !important;}\u00bb][vc_custom_heading text=\u00bbPUERTOS MARITIMOS INTERNACI\u00d3NALES EN PANAMA\u00bb font_container=\u00bbtag:div|font_size:35|text_align:center|color:%23ffffff\u00bb google_fonts=\u00bbfont_family:Alegreya%20SC%3Aregular%2Citalic%2C700%2C700italic%2C900%2C900italic|font_style:700%20bold%20regular%3A700%3Anormal\u00bb css=\u00bb.vc_custom_1589266236873{padding-top: 15px !important;padding-bottom: 15px !important;background-color: rgba(23,49,72,0.4) !important;*background-color: rgb(23,49,72) !important;}\u00bb][\/vc_column][\/vc_row][vc_row css=\u00bb.vc_custom_1581532568731{padding-top: 50px !important;padding-bottom: 50px !important;}\u00bb][vc_column width=\u00bb1\/4&#8243;][\/vc_column][vc_column width=\u00bb1\/2&#8243; css=\u00bb.vc_custom_1581533381464{padding-right: 20px !important;padding-left: 20px !important;}\u00bb][vc_column_text]Terminal internacional de Manzanillo Ubicada en la costa caribe\u00f1a, al norte de la [&hellip;]<\/p>\n","protected":false},"author":4,"featured_media":0,"parent":0,"menu_order":0,"comment_status":"closed","ping_status":"closed","template":"landing.php","meta":{"_exactmetrics_skip_tracking":false,"_exactmetrics_sitenote_active":false,"_exactmetrics_sitenote_note":"","_exactmetrics_sitenote_category":0,"footnotes":""},"yst_prominent_words":[1764,1761,54,1765,1760,1757,1753,63,1755,1762,198,1754,80,1756,1397,41,60,1758,1759,1763],"class_list":["post-3837","page","type-page","status-publish","hentry"],"_links":{"self":[{"href":"https:\/\/www.cargomaxintl.com\/es\/wp-json\/wp\/v2\/pages\/3837","targetHints":{"allow":["GET"]}}],"collection":[{"href":"https:\/\/www.cargomaxintl.com\/es\/wp-json\/wp\/v2\/pages"}],"about":[{"href":"https:\/\/www.cargomaxintl.com\/es\/wp-json\/wp\/v2\/types\/page"}],"author":[{"embeddable":true,"href":"https:\/\/www.cargomaxintl.com\/es\/wp-json\/wp\/v2\/users\/4"}],"replies":[{"embeddable":true,"href":"https:\/\/www.cargomaxintl.com\/es\/wp-json\/wp\/v2\/comments?post=3837"}],"version-history":[{"count":6,"href":"https:\/\/www.cargomaxintl.com\/es\/wp-json\/wp\/v2\/pages\/3837\/revisions"}],"predecessor-version":[{"id":3843,"href":"https:\/\/www.cargomaxintl.com\/es\/wp-json\/wp\/v2\/pages\/3837\/revisions\/3843"}],"wp:attachment":[{"href":"https:\/\/www.cargomaxintl.com\/es\/wp-json\/wp\/v2\/media?parent=3837"}],"wp:term":[{"taxonomy":"yst_prominent_words","embeddable":true,"href":"https:\/\/www.cargomaxintl.com\/es\/wp-json\/wp\/v2\/yst_prominent_words?post=3837"}],"curies":[{"name":"wp","href":"https:\/\/api.w.org\/{rel}","templated":true}]}}