{"id":3698,"date":"2020-04-28T23:48:33","date_gmt":"2020-04-28T23:48:33","guid":{"rendered":"https:\/\/www.cargomaxintl.com\/country-that-have-trade-agreements-with-costa-rica\/"},"modified":"2020-05-31T04:47:01","modified_gmt":"2020-05-31T04:47:01","slug":"paises-que-tienen-tradado-de-libre-comercio-con-costa-rica","status":"publish","type":"page","link":"https:\/\/www.cargomaxintl.com\/es\/paises-que-tienen-tradado-de-libre-comercio-con-costa-rica\/","title":{"rendered":"PAISES QUE TIENEN TRATADO DE LIBRE COMERCIO CON EL COSTA RICA"},"content":{"rendered":"<div class=\"wpb-content-wrapper\"><p>[vc_row][vc_column parallax=\u00bbcontent-moving\u00bb css=\u00bb.vc_custom_1582008733431{padding-top: 100px !important;padding-bottom: 100px !important;background-image: url(https:\/\/www.cargomaxintl.com\/wp-content\/uploads\/2020\/02\/trade.jpg?id=2645) !important;background-position: center !important;background-repeat: no-repeat !important;background-size: cover !important;}\u00bb][vc_custom_heading text=\u00bbPAISES QUE TIENEN TRATADO DE LIBRE COMERCIO CON EL COSTA RICA\u00bb font_container=\u00bbtag:div|font_size:35|text_align:center|color:%23ffffff\u00bb google_fonts=\u00bbfont_family:Alegreya%20SC%3Aregular%2Citalic%2C700%2C700italic%2C900%2C900italic|font_style:700%20bold%20regular%3A700%3Anormal\u00bb css=\u00bb.vc_custom_1583181439815{padding-top: 15px !important;padding-bottom: 15px !important;background-color: rgba(23,49,72,0.4) !important;*background-color: rgb(23,49,72) !important;}\u00bb][\/vc_column][\/vc_row][vc_row css=\u00bb.vc_custom_1581532568731{padding-top: 50px !important;padding-bottom: 50px !important;}\u00bb][vc_column width=\u00bb1\/4&#8243;][\/vc_column][vc_column width=\u00bb1\/2&#8243; css=\u00bb.vc_custom_1581533381464{padding-right: 20px !important;padding-left: 20px !important;}\u00bb][vc_column_text]Durante m\u00e1s de 20 a\u00f1os, Costa Rica ha firmado acuerdos comerciales con otros pa\u00edses del mundo. Costa Rica cuenta actualmente con 13 acuerdos de libre comercio y 14 acuerdos de inversi\u00f3n extranjera directa.<\/p>\n<p>&nbsp;<\/p>\n<p><strong>TRATADOS DE LIBRE COMERCIO:<\/strong><\/p>\n<p>Colombia<\/p>\n<p>Centroam\u00e9rica<\/p>\n<p>TLC Canada<\/p>\n<p>TLC CARICOM (Caribe)<\/p>\n<p>TLC Chile<\/p>\n<p>TLC China<\/p>\n<p>TLC Rep\u00fablica Dominicana-Centroam\u00e9rica-Estados Unidos (CAFTA-DR)<\/p>\n<p>TLC M\u00e9xico<\/p>\n<p>TLC Panam\u00e1<\/p>\n<p>TLC Rep\u00fablica Dominicana<\/p>\n<p>TLC Per\u00fa<\/p>\n<p>TLC Singapur<\/p>\n<p>Acuerdo entre Centroam\u00e9rica y la Uni\u00f3n Europea (AACUE)<\/p>\n<p>TLC Acuerdo con la Uni\u00f3n Europea para el Libre Comercio<\/p>\n<p>&nbsp;<\/p>\n<p><strong>ACUERDOS PARA INVERSI\u00d3N EXTRANJERA DIRECTA:<\/strong><\/p>\n<p>Alemania<\/p>\n<p>Argentina<\/p>\n<p>Canad\u00e1<\/p>\n<p>Chile<\/p>\n<p>Taiw\u00e1n<\/p>\n<p>Corea del Sur<\/p>\n<p>Espa\u00f1a<\/p>\n<p>Francia<\/p>\n<p>Pa\u00edses Bajos<\/p>\n<p>Paraguay<\/p>\n<p>Rep\u00fablica Checa<\/p>\n<p>Suiza<\/p>\n<p>Venezuela<\/p>\n<p>Qatar<\/p>\n<p>&nbsp;<\/p>\n<p>&nbsp;<\/p>\n<p><strong>PARA M\u00c1S INFORMACI\u00d3N SOBRE NUESTRO SERVICIO DE FLETES A COSTA RICA, HAGA CLIC EN EL SIGUIENTE ENLACE: <\/strong>[\/vc_column_text][vc_btn title=\u00bbEmbarques a Costa Rica\u00bb color=\u00bbdefault\u00bb link=\u00bburl:https%3A%2F%2Fwww.cargomaxintl.com%2Fes%2Fshipping-to-costa-rica%2F|||\u00bb][\/vc_column][vc_column width=\u00bb1\/4&#8243;][\/vc_column][\/vc_row][vc_row][vc_column width=\u00bb1\/3&#8243;][vc_single_image image=\u00bb3387&#8243; img_size=\u00bbfull\u00bb alignment=\u00bbcenter\u00bb style=\u00bbvc_box_rounded\u00bb][\/vc_column][vc_column width=\u00bb1\/3&#8243;][vc_single_image image=\u00bb3384&#8243; img_size=\u00bblarge\u00bb alignment=\u00bbcenter\u00bb style=\u00bbvc_box_rounded\u00bb][\/vc_column][vc_column width=\u00bb1\/3&#8243;][vc_single_image image=\u00bb3390&#8243; img_size=\u00bblarge\u00bb alignment=\u00bbcenter\u00bb style=\u00bbvc_box_rounded\u00bb][\/vc_column][\/vc_row][vc_row css=\u00bb.vc_custom_1581290636311{padding-bottom: 100px !important;background-image: url(https:\/\/www.cargomaxintl.com\/wp-content\/uploads\/2020\/02\/Footer1.jpg?id=2670) !important;}\u00bb][vc_column width=\u00bb1\/4&#8243;][\/vc_column][vc_column width=\u00bb1\/2&#8243;][vc_column_text css=\u00bb.vc_custom_1588135088776{margin-top: 50px !important;border-top-width: 2px !important;border-bottom-width: 2px !important;padding-bottom: 25px !important;border-top-color: #fa8156 !important;border-top-style: solid !important;border-bottom-color: #fa8156 !important;border-bottom-style: solid !important;}\u00bb]<\/p>\n<h3 style=\"text-align: center;\"><span style=\"color: white;\">GET IN TOUCH WITH CARGOMAX CUSTOMER SERVICE<\/span><\/h3>\n<h5 style=\"text-align: center;\"><span style=\"color: white; display: block;\"><i class=\"fa fa-phone\"><\/i> Phone: 506-4101-2142<\/span><span style=\"color: white; display: block;\"><i class=\"fa fa-envelope\"><\/i> Email: <a style=\"color: white !important;\" href=\"mailto:costarica@cargomaxintl.com\">costarica@cargomaxintl.com<\/a><\/span><\/h5>\n<p>[\/vc_column_text][\/vc_column][vc_column width=\u00bb1\/4&#8243;][\/vc_column][\/vc_row]<\/p>\n<\/div>","protected":false},"excerpt":{"rendered":"<p>[vc_row][vc_column parallax=\u00bbcontent-moving\u00bb css=\u00bb.vc_custom_1582008733431{padding-top: 100px !important;padding-bottom: 100px !important;background-image: url(https:\/\/www.cargomaxintl.com\/wp-content\/uploads\/2020\/02\/trade.jpg?id=2645) !important;background-position: center !important;background-repeat: no-repeat !important;background-size: cover !important;}\u00bb][vc_custom_heading text=\u00bbPAISES QUE TIENEN TRATADO DE LIBRE COMERCIO CON EL COSTA RICA\u00bb font_container=\u00bbtag:div|font_size:35|text_align:center|color:%23ffffff\u00bb google_fonts=\u00bbfont_family:Alegreya%20SC%3Aregular%2Citalic%2C700%2C700italic%2C900%2C900italic|font_style:700%20bold%20regular%3A700%3Anormal\u00bb css=\u00bb.vc_custom_1583181439815{padding-top: 15px !important;padding-bottom: 15px !important;background-color: rgba(23,49,72,0.4) !important;*background-color: rgb(23,49,72) !important;}\u00bb][\/vc_column][\/vc_row][vc_row css=\u00bb.vc_custom_1581532568731{padding-top: 50px !important;padding-bottom: 50px !important;}\u00bb][vc_column width=\u00bb1\/4&#8243;][\/vc_column][vc_column width=\u00bb1\/2&#8243; css=\u00bb.vc_custom_1581533381464{padding-right: 20px !important;padding-left: 20px !important;}\u00bb][vc_column_text]Durante m\u00e1s de 20 a\u00f1os, Costa Rica [&hellip;]<\/p>\n","protected":false},"author":4,"featured_media":0,"parent":0,"menu_order":0,"comment_status":"closed","ping_status":"closed","template":"landing.php","meta":{"_exactmetrics_skip_tracking":false,"_exactmetrics_sitenote_active":false,"_exactmetrics_sitenote_note":"","_exactmetrics_sitenote_category":0,"footnotes":""},"yst_prominent_words":[1346,1660,1666,103,1359,926,97,1661,1657,1609,1608,1598,1663,1658,1665,1659,1360,1389,1662,1664],"class_list":["post-3698","page","type-page","status-publish","hentry"],"_links":{"self":[{"href":"https:\/\/www.cargomaxintl.com\/es\/wp-json\/wp\/v2\/pages\/3698","targetHints":{"allow":["GET"]}}],"collection":[{"href":"https:\/\/www.cargomaxintl.com\/es\/wp-json\/wp\/v2\/pages"}],"about":[{"href":"https:\/\/www.cargomaxintl.com\/es\/wp-json\/wp\/v2\/types\/page"}],"author":[{"embeddable":true,"href":"https:\/\/www.cargomaxintl.com\/es\/wp-json\/wp\/v2\/users\/4"}],"replies":[{"embeddable":true,"href":"https:\/\/www.cargomaxintl.com\/es\/wp-json\/wp\/v2\/comments?post=3698"}],"version-history":[{"count":6,"href":"https:\/\/www.cargomaxintl.com\/es\/wp-json\/wp\/v2\/pages\/3698\/revisions"}],"predecessor-version":[{"id":3714,"href":"https:\/\/www.cargomaxintl.com\/es\/wp-json\/wp\/v2\/pages\/3698\/revisions\/3714"}],"wp:attachment":[{"href":"https:\/\/www.cargomaxintl.com\/es\/wp-json\/wp\/v2\/media?parent=3698"}],"wp:term":[{"taxonomy":"yst_prominent_words","embeddable":true,"href":"https:\/\/www.cargomaxintl.com\/es\/wp-json\/wp\/v2\/yst_prominent_words?post=3698"}],"curies":[{"name":"wp","href":"https:\/\/api.w.org\/{rel}","templated":true}]}}