{"id":3692,"date":"2020-04-28T23:47:13","date_gmt":"2020-04-28T23:47:13","guid":{"rendered":"https:\/\/www.cargomaxintl.com\/international-airports-in-costa-rica\/"},"modified":"2020-05-31T04:45:03","modified_gmt":"2020-05-31T04:45:03","slug":"aeropuertos-internacionales-en-costa-rica","status":"publish","type":"page","link":"https:\/\/www.cargomaxintl.com\/es\/aeropuertos-internacionales-en-costa-rica\/","title":{"rendered":"Aeropuertos internacionales en Costa Rica"},"content":{"rendered":"<div class=\"wpb-content-wrapper\"><p>[vc_row][vc_column parallax=\u00bbcontent-moving\u00bb css=\u00bb.vc_custom_1582007838572{padding-top: 100px !important;padding-bottom: 100px !important;background-image: url(https:\/\/www.cargomaxintl.com\/wp-content\/uploads\/2020\/02\/airports.jpg?id=2642) !important;background-position: center !important;background-repeat: no-repeat !important;background-size: cover !important;}\u00bb][vc_custom_heading text=\u00bbAEROPUERTOS INTERNACI\u00d3NALES EN COSTA RICA\u00bb font_container=\u00bbtag:div|font_size:30|text_align:center|color:%23ffffff\u00bb google_fonts=\u00bbfont_family:Alegreya%20SC%3Aregular%2Citalic%2C700%2C700italic%2C900%2C900italic|font_style:700%20bold%20regular%3A700%3Anormal\u00bb css=\u00bb.vc_custom_1590908895776{padding-top: 15px !important;padding-bottom: 15px !important;background-color: rgba(23,49,72,0.4) !important;*background-color: rgb(23,49,72) !important;}\u00bb][\/vc_column][\/vc_row][vc_row css=\u00bb.vc_custom_1581532568731{padding-top: 50px !important;padding-bottom: 50px !important;}\u00bb][vc_column width=\u00bb1\/4&#8243;][\/vc_column][vc_column width=\u00bb1\/2&#8243; css=\u00bb.vc_custom_1581533381464{padding-right: 20px !important;padding-left: 20px !important;}\u00bb][vc_column_text]<strong>Aeropuertos internacionales de carga en Costa Rica: <\/strong><\/p>\n<p>&nbsp;<\/p>\n<p>&nbsp;<\/p>\n<p><strong>Aeropuerto internacional Juan Santamar\u00eda<\/strong><\/p>\n<p>Juan Santamar\u00eda es el principal aeropuerto de Costa Rica. Se encuentra a 2km de Alajuela (al sur) y a 17km de San Jos\u00e9 (al este). Tiene capacidad para gestionar vuelos a m\u00e1s de 37 destinos, operados por 28 aerol\u00edneas internacionales y 4 nacionales.<\/p>\n<p>&nbsp;<\/p>\n<p><strong>Aeropuerto internacional Daniel Oduber Quir\u00f3s<\/strong><\/p>\n<p>Este es el segundo aeropuerto principal del pa\u00eds y se lo conoce como el aeropuerto internacional de Liberia. Ubicado en la ciudad de Liberia, provincia de Guanacaste, opera vuelos internacionales con destino principalmente a aeropuertos de Canad\u00e1 y de Estados Unidos.<\/p>\n<p>&nbsp;<\/p>\n<p><strong>Aeropuerto internacional de Lim\u00f3n<\/strong><\/p>\n<p>La mayor\u00eda de los vuelos operados por este aeropuerto son de cabotaje. Sin embargo, tiene la ventaja de ser el aeropuerto m\u00e1s cercano al puerto de Puerto Lim\u00f3n. Por otra parte, hay planes para que en el futuro opere vuelos internacionales.<\/p>\n<p>&nbsp;<\/p>\n<p><strong>Aeropuerto Tob\u00edas Bola\u00f1os <\/strong><\/p>\n<p>Este aeropuerto est\u00e1 ubicado en la capital, San Jos\u00e9, y se utiliza principalmente para carga comercial a Bocas del Toro (Panam\u00e1), Nicaragua y otros destinos cercanos.<\/p>\n<p>&nbsp;<\/p>\n<p>&nbsp;<\/p>\n<p><strong>PARA M\u00c1S INFORMACI\u00d3N SOBRE NUESTRO SERVICIO DE FLETES A COSTA RICA, HAGA CLIC EN EL SIGUIENTE ENLACE: <\/strong>[\/vc_column_text][vc_btn title=\u00bbEmbarques a Costa Rica\u00bb color=\u00bbdefault\u00bb link=\u00bburl:https%3A%2F%2Fwww.cargomaxintl.com%2Fes%2Fshipping-to-costa-rica%2F|||\u00bb][\/vc_column][vc_column width=\u00bb1\/4&#8243;][\/vc_column][\/vc_row][vc_row][vc_column width=\u00bb1\/3&#8243;][vc_single_image image=\u00bb3387&#8243; img_size=\u00bbfull\u00bb alignment=\u00bbcenter\u00bb style=\u00bbvc_box_rounded\u00bb][\/vc_column][vc_column width=\u00bb1\/3&#8243;][vc_single_image image=\u00bb3384&#8243; img_size=\u00bblarge\u00bb alignment=\u00bbcenter\u00bb style=\u00bbvc_box_rounded\u00bb][\/vc_column][vc_column width=\u00bb1\/3&#8243;][vc_single_image image=\u00bb3390&#8243; img_size=\u00bblarge\u00bb alignment=\u00bbcenter\u00bb style=\u00bbvc_box_rounded\u00bb][\/vc_column][\/vc_row][vc_row css=\u00bb.vc_custom_1581290636311{padding-bottom: 100px !important;background-image: url(https:\/\/www.cargomaxintl.com\/wp-content\/uploads\/2020\/02\/Footer1.jpg?id=2670) !important;}\u00bb][vc_column width=\u00bb1\/4&#8243;][\/vc_column][vc_column width=\u00bb1\/2&#8243;][vc_column_text css=\u00bb.vc_custom_1590909018548{margin-top: 50px !important;border-top-width: 2px !important;border-bottom-width: 2px !important;padding-bottom: 25px !important;border-top-color: #fa8156 !important;border-top-style: solid !important;border-bottom-color: #fa8156 !important;border-bottom-style: solid !important;}\u00bb]<\/p>\n<h3 style=\"text-align: center;\"><span style=\"color: white;\">COMUN\u00cdQUESE CON NUESTRO SERVICIO AL CLIENTE<\/span><\/h3>\n<h5 style=\"text-align: center;\"><span style=\"color: white; display: block;\"><i class=\"fa fa-phone\"><\/i> Tel: 506-4101-2142<\/span><span style=\"color: white; display: block;\"><i class=\"fa fa-envelope\"><\/i> Correo: <a style=\"color: white !important;\" href=\"mailto:costarica@cargomaxintl.com\">costarica@cargomaxintl.com<\/a><\/span><\/h5>\n<p>[\/vc_column_text][\/vc_column][vc_column width=\u00bb1\/4&#8243;][\/vc_column][\/vc_row]<\/p>\n<\/div>","protected":false},"excerpt":{"rendered":"<p>[vc_row][vc_column parallax=\u00bbcontent-moving\u00bb css=\u00bb.vc_custom_1582007838572{padding-top: 100px !important;padding-bottom: 100px !important;background-image: url(https:\/\/www.cargomaxintl.com\/wp-content\/uploads\/2020\/02\/airports.jpg?id=2642) !important;background-position: center !important;background-repeat: no-repeat !important;background-size: cover !important;}\u00bb][vc_custom_heading text=\u00bbAEROPUERTOS INTERNACI\u00d3NALES EN COSTA RICA\u00bb font_container=\u00bbtag:div|font_size:30|text_align:center|color:%23ffffff\u00bb google_fonts=\u00bbfont_family:Alegreya%20SC%3Aregular%2Citalic%2C700%2C700italic%2C900%2C900italic|font_style:700%20bold%20regular%3A700%3Anormal\u00bb css=\u00bb.vc_custom_1590908895776{padding-top: 15px !important;padding-bottom: 15px !important;background-color: rgba(23,49,72,0.4) !important;*background-color: rgb(23,49,72) !important;}\u00bb][\/vc_column][\/vc_row][vc_row css=\u00bb.vc_custom_1581532568731{padding-top: 50px !important;padding-bottom: 50px !important;}\u00bb][vc_column width=\u00bb1\/4&#8243;][\/vc_column][vc_column width=\u00bb1\/2&#8243; css=\u00bb.vc_custom_1581533381464{padding-right: 20px !important;padding-left: 20px !important;}\u00bb][vc_column_text]Aeropuertos internacionales de carga en Costa Rica: &nbsp; &nbsp; Aeropuerto internacional Juan Santamar\u00eda [&hellip;]<\/p>\n","protected":false},"author":4,"featured_media":0,"parent":0,"menu_order":0,"comment_status":"closed","ping_status":"closed","template":"landing.php","meta":{"_exactmetrics_skip_tracking":false,"_exactmetrics_sitenote_active":false,"_exactmetrics_sitenote_note":"","_exactmetrics_sitenote_category":0,"footnotes":""},"yst_prominent_words":[801,1026,926,1532,102,1653,101,182,763,1650,1656,1032,1394,947,1651,1395,1654,1649,1655,1652],"class_list":["post-3692","page","type-page","status-publish","hentry"],"_links":{"self":[{"href":"https:\/\/www.cargomaxintl.com\/es\/wp-json\/wp\/v2\/pages\/3692","targetHints":{"allow":["GET"]}}],"collection":[{"href":"https:\/\/www.cargomaxintl.com\/es\/wp-json\/wp\/v2\/pages"}],"about":[{"href":"https:\/\/www.cargomaxintl.com\/es\/wp-json\/wp\/v2\/types\/page"}],"author":[{"embeddable":true,"href":"https:\/\/www.cargomaxintl.com\/es\/wp-json\/wp\/v2\/users\/4"}],"replies":[{"embeddable":true,"href":"https:\/\/www.cargomaxintl.com\/es\/wp-json\/wp\/v2\/comments?post=3692"}],"version-history":[{"count":5,"href":"https:\/\/www.cargomaxintl.com\/es\/wp-json\/wp\/v2\/pages\/3692\/revisions"}],"predecessor-version":[{"id":3713,"href":"https:\/\/www.cargomaxintl.com\/es\/wp-json\/wp\/v2\/pages\/3692\/revisions\/3713"}],"wp:attachment":[{"href":"https:\/\/www.cargomaxintl.com\/es\/wp-json\/wp\/v2\/media?parent=3692"}],"wp:term":[{"taxonomy":"yst_prominent_words","embeddable":true,"href":"https:\/\/www.cargomaxintl.com\/es\/wp-json\/wp\/v2\/yst_prominent_words?post=3692"}],"curies":[{"name":"wp","href":"https:\/\/api.w.org\/{rel}","templated":true}]}}