{"id":3684,"date":"2020-04-28T23:46:37","date_gmt":"2020-04-28T23:46:37","guid":{"rendered":"https:\/\/www.cargomaxintl.com\/international-seaports-in-costa-rica\/"},"modified":"2020-05-31T04:41:39","modified_gmt":"2020-05-31T04:41:39","slug":"puertos-maritimos-internacionales-en-costa-rica","status":"publish","type":"page","link":"https:\/\/www.cargomaxintl.com\/es\/puertos-maritimos-internacionales-en-costa-rica\/","title":{"rendered":"Puertos maritimos internacionales en Costa Rica"},"content":{"rendered":"<div class=\"wpb-content-wrapper\"><p>[vc_row][vc_column parallax=\u00bbcontent-moving\u00bb css=\u00bb.vc_custom_1581612693615{padding-top: 100px !important;padding-bottom: 100px !important;background-image: url(https:\/\/www.cargomaxintl.com\/wp-content\/uploads\/2020\/02\/ports.jpg?id=2639) !important;background-position: center !important;background-repeat: no-repeat !important;background-size: cover !important;}\u00bb][vc_custom_heading text=\u00bbPUERTOS MARITIMOS INTERNACI\u00d3NALES EN<br \/>\nCOSTA RICA\u00bb font_container=\u00bbtag:div|font_size:35|text_align:center|color:%23ffffff\u00bb google_fonts=\u00bbfont_family:Alegreya%20SC%3Aregular%2Citalic%2C700%2C700italic%2C900%2C900italic|font_style:700%20bold%20regular%3A700%3Anormal\u00bb css=\u00bb.vc_custom_1583181958262{padding-top: 15px !important;padding-bottom: 15px !important;background-color: rgba(23,49,72,0.4) !important;*background-color: rgb(23,49,72) !important;}\u00bb][\/vc_column][\/vc_row][vc_row css=\u00bb.vc_custom_1581532568731{padding-top: 50px !important;padding-bottom: 50px !important;}\u00bb][vc_column width=\u00bb1\/4&#8243;][\/vc_column][vc_column width=\u00bb1\/2&#8243; css=\u00bb.vc_custom_1581533381464{padding-right: 20px !important;padding-left: 20px !important;}\u00bb][vc_column_text]<strong>Puertos mar\u00edtimos internacionales en Costa Rica:<\/strong><\/p>\n<p>&nbsp;<\/p>\n<p>Costa Rica tiene 6 puertos sobre ambas costas. Puerto Lim\u00f3n y Puerto Mo\u00edn est\u00e1n situados en la costa caribe\u00f1a (salida al Oc\u00e9ano Atl\u00e1ntico), mientras que en la costa del Oc\u00e9ano Pac\u00edfico se encuentran los puertos de Puerto de Puntarenas, Puerto Caldera, Golfito y Punta Morales.<\/p>\n<p>&nbsp;<\/p>\n<p>Los principales puertos de carga son Puerto Lim\u00f3n, Puerto Mo\u00edn y Puerto Calderas. Los otros tres puertos m\u00e1s peque\u00f1os se utilizan para actividades recreativas y de acabado.<\/p>\n<p>&nbsp;<\/p>\n<p>&nbsp;<\/p>\n<p><strong>Puerto Lim\u00f3n:<\/strong><\/p>\n<p>&nbsp;<\/p>\n<p>Ubicado en la costa caribe\u00f1a de Costa Rica, Puerto Lim\u00f3n es el puerto mar\u00edtimo internacional m\u00e1s grande del pa\u00eds. Concentra casi el 80% de los servicios de fletes mar\u00edtimos que pasan por el pa\u00eds. Se conecta con San Jos\u00e9 y con el Canal por ferrocarril y carretera. Por otra parte, se encuentra muy cerca de un aeropuerto importante.<\/p>\n<p>A pesar de su gran importancia, el puerto en s\u00ed era peque\u00f1o y algo anticuado hasta que en 2016 el gobierno se asoci\u00f3 con APM, un importante operador internacional de terminales, para ampliar significativamente el tama\u00f1o y la profundidad del puerto. Una vez que se complete el proyecto, Puerto Lim\u00f3n ser\u00e1 el puerto m\u00e1s grande de la regi\u00f3n.<\/p>\n<p>Puertos de embarque en toda Am\u00e9rica Central, especializados en la estiba y manipulaci\u00f3n de contenedores, l\u00edquidos, graneles s\u00f3lidos y carga Ro-Ro.<\/p>\n<p>&nbsp;<\/p>\n<p>&nbsp;<\/p>\n<p>&nbsp;<\/p>\n<p><strong>Terminal Lim\u00f3n: <\/strong><\/p>\n<p>&nbsp;<\/p>\n<p>Este puerto est\u00e1 ubicado a 160km al este de la capital, San Jos\u00e9, y es el puerto designado para la expedici\u00f3n de buques que contienen cargas como bananas, fertilizantes, petr\u00f3leo, contenedores frigor\u00edficos y la manipulaci\u00f3n de carga rodada (Ro-Ro).<\/p>\n<p>&nbsp;<\/p>\n<p>Las l\u00edneas de barcos de vapor que operan en esta terminal son:<\/p>\n<p>&nbsp;<\/p>\n<p>NYK (BUQUE RO-RO)<\/p>\n<p>COSTAMAR (Transporte mar\u00edtimo especializado en contenedores refrigerados con almacenes refrigerados)<\/p>\n<p>&nbsp;<\/p>\n<p>&nbsp;<\/p>\n<p><strong>Terminal Mo\u00edn Terminales APM:<\/strong><\/p>\n<p>&nbsp;<\/p>\n<p>Esta terminal fue construida en una isla artificial frente a la costa caribe\u00f1a de Costa Rica. Se encuentra operativo desde febrero de 2019 y es reconocido como uno de los puertos m\u00e1s eficientes de Am\u00e9rica Latina. El puerto est\u00e1 equipado con 29 gr\u00faas el\u00e9ctricas para contenedores y 6 gr\u00faas Super-Post Panamax. Esta terminal tiene capacidad para operar portacontenedores de 8500 TEUS 24\/7. El puerto ha sido una importante inversi\u00f3n extranjera directa.<\/p>\n<p>&nbsp;<\/p>\n<p>Las l\u00edneas de barcos de vapor que operan en esta terminal son:<\/p>\n<p>&nbsp;<\/p>\n<p>MAERSK LINE<\/p>\n<p>SEALAND<\/p>\n<p>HAPAG LLOYD<\/p>\n<p>HAMBURG SUD<\/p>\n<p>SEABORD MARINE<\/p>\n<p>DOLE<\/p>\n<p>CHIQUITA<\/p>\n<p>KING OCEAN<\/p>\n<p>ONE<\/p>\n<p>&nbsp;<\/p>\n<p>&nbsp;<\/p>\n<p>&nbsp;<\/p>\n<p><strong>Puerto Caldera<\/strong><\/p>\n<p>&nbsp;<\/p>\n<p>Situado en la costa del Pac\u00edfico de Costa Rica, Puerto Caldera es el segundo puerto mar\u00edtimo internacional m\u00e1s grande del pa\u00eds.\u00a0 Adem\u00e1s de ser la entrada principal para las mercanc\u00edas importadas provenientes del Pac\u00edfico, es tambi\u00e9n un muelle de cruceros muy concurrido. El puerto est\u00e1 conectado por ferrocarril y carretera al interior del pa\u00eds. La mayor\u00eda de las mercanc\u00edas que pasan por aqu\u00ed son contenedores, graneles s\u00f3lidos, hierro, frutas, at\u00fan, veh\u00edculos y otras mercanc\u00edas provenientes de pa\u00edses de la cuenca del Pac\u00edfico (Estados Unidos, China, India, Taiw\u00e1n y M\u00e9xico, entre otros).<\/p>\n<p>&nbsp;<\/p>\n<p>Este puerto est\u00e1 ubicado cerca de las provincias de Cartago, Heredia, Alajuela, San Jos\u00e9 y est\u00e1 conectado por las principales rutas a los centros de comercio industrial y agr\u00edcola m\u00e1s importantes.<\/p>\n<p>&nbsp;<\/p>\n<p>&nbsp;<\/p>\n<p><strong>PARA M\u00c1S INFORMACI\u00d3N SOBRE NUESTRO SERVICIO DE FLETES A COSTA RICA, HAGA CLIC EN EL SIGUIENTE ENLACE: <\/strong>[\/vc_column_text][vc_btn title=\u00bbEmbarques a Costa Rica\u00bb color=\u00bbdefault\u00bb link=\u00bburl:https%3A%2F%2Fwww.cargomaxintl.com%2Fes%2Fshipping-to-costa-rica%2F|||\u00bb][\/vc_column][vc_column width=\u00bb1\/4&#8243;][\/vc_column][\/vc_row][vc_row][vc_column width=\u00bb1\/3&#8243;][vc_single_image image=\u00bb3387&#8243; img_size=\u00bbfull\u00bb alignment=\u00bbcenter\u00bb style=\u00bbvc_box_rounded\u00bb][\/vc_column][vc_column width=\u00bb1\/3&#8243;][vc_single_image image=\u00bb3384&#8243; img_size=\u00bblarge\u00bb alignment=\u00bbcenter\u00bb style=\u00bbvc_box_rounded\u00bb][\/vc_column][vc_column width=\u00bb1\/3&#8243;][vc_single_image image=\u00bb3390&#8243; img_size=\u00bblarge\u00bb alignment=\u00bbcenter\u00bb style=\u00bbvc_box_rounded\u00bb][\/vc_column][\/vc_row][vc_row css=\u00bb.vc_custom_1581290636311{padding-bottom: 100px !important;background-image: url(https:\/\/www.cargomaxintl.com\/wp-content\/uploads\/2020\/02\/Footer1.jpg?id=2670) !important;}\u00bb][vc_column width=\u00bb1\/4&#8243;][\/vc_column][vc_column width=\u00bb1\/2&#8243;][vc_column_text css=\u00bb.vc_custom_1590909088343{margin-top: 50px !important;border-top-width: 2px !important;border-bottom-width: 2px !important;padding-bottom: 25px !important;border-top-color: #fa8156 !important;border-top-style: solid !important;border-bottom-color: #fa8156 !important;border-bottom-style: solid !important;}\u00bb]<\/p>\n<h3 style=\"text-align: center;\"><span style=\"color: white;\">COMUN\u00cdQUESE CON NUESTRO SERVICIO AL CLIENTE<\/span><\/h3>\n<h5 style=\"text-align: center;\"><span style=\"color: white; display: block;\"><i class=\"fa fa-phone\"><\/i> Tel: 506-4101-2142<\/span><span style=\"color: white; display: block;\"><i class=\"fa fa-envelope\"><\/i> Correo: <a style=\"color: white !important;\" href=\"mailto:costarica@cargomaxintl.com\">costarica@cargomaxintl.com<\/a><\/span><\/h5>\n<p>[\/vc_column_text][\/vc_column][vc_column width=\u00bb1\/4&#8243;][\/vc_column][\/vc_row]<\/p>\n<\/div>","protected":false},"excerpt":{"rendered":"<p>[vc_row][vc_column parallax=\u00bbcontent-moving\u00bb css=\u00bb.vc_custom_1581612693615{padding-top: 100px !important;padding-bottom: 100px !important;background-image: url(https:\/\/www.cargomaxintl.com\/wp-content\/uploads\/2020\/02\/ports.jpg?id=2639) !important;background-position: center !important;background-repeat: no-repeat !important;background-size: cover !important;}\u00bb][vc_custom_heading text=\u00bbPUERTOS MARITIMOS INTERNACI\u00d3NALES EN COSTA RICA\u00bb font_container=\u00bbtag:div|font_size:35|text_align:center|color:%23ffffff\u00bb google_fonts=\u00bbfont_family:Alegreya%20SC%3Aregular%2Citalic%2C700%2C700italic%2C900%2C900italic|font_style:700%20bold%20regular%3A700%3Anormal\u00bb css=\u00bb.vc_custom_1583181958262{padding-top: 15px !important;padding-bottom: 15px !important;background-color: rgba(23,49,72,0.4) !important;*background-color: rgb(23,49,72) !important;}\u00bb][\/vc_column][\/vc_row][vc_row css=\u00bb.vc_custom_1581532568731{padding-top: 50px !important;padding-bottom: 50px !important;}\u00bb][vc_column width=\u00bb1\/4&#8243;][\/vc_column][vc_column width=\u00bb1\/2&#8243; css=\u00bb.vc_custom_1581533381464{padding-right: 20px !important;padding-left: 20px !important;}\u00bb][vc_column_text]Puertos mar\u00edtimos internacionales en Costa Rica: &nbsp; Costa Rica tiene 6 puertos [&hellip;]<\/p>\n","protected":false},"author":4,"featured_media":0,"parent":0,"menu_order":0,"comment_status":"closed","ping_status":"closed","template":"landing.php","meta":{"_exactmetrics_skip_tracking":false,"_exactmetrics_sitenote_active":false,"_exactmetrics_sitenote_note":"","_exactmetrics_sitenote_category":0,"footnotes":""},"yst_prominent_words":[1637,1648,1647,1630,1636,1638,1643,1642,1644,1645,1633,1646,1629,1634,1635,1632,1641,1631,1640,1639],"class_list":["post-3684","page","type-page","status-publish","hentry"],"_links":{"self":[{"href":"https:\/\/www.cargomaxintl.com\/es\/wp-json\/wp\/v2\/pages\/3684","targetHints":{"allow":["GET"]}}],"collection":[{"href":"https:\/\/www.cargomaxintl.com\/es\/wp-json\/wp\/v2\/pages"}],"about":[{"href":"https:\/\/www.cargomaxintl.com\/es\/wp-json\/wp\/v2\/types\/page"}],"author":[{"embeddable":true,"href":"https:\/\/www.cargomaxintl.com\/es\/wp-json\/wp\/v2\/users\/4"}],"replies":[{"embeddable":true,"href":"https:\/\/www.cargomaxintl.com\/es\/wp-json\/wp\/v2\/comments?post=3684"}],"version-history":[{"count":8,"href":"https:\/\/www.cargomaxintl.com\/es\/wp-json\/wp\/v2\/pages\/3684\/revisions"}],"predecessor-version":[{"id":3711,"href":"https:\/\/www.cargomaxintl.com\/es\/wp-json\/wp\/v2\/pages\/3684\/revisions\/3711"}],"wp:attachment":[{"href":"https:\/\/www.cargomaxintl.com\/es\/wp-json\/wp\/v2\/media?parent=3684"}],"wp:term":[{"taxonomy":"yst_prominent_words","embeddable":true,"href":"https:\/\/www.cargomaxintl.com\/es\/wp-json\/wp\/v2\/yst_prominent_words?post=3684"}],"curies":[{"name":"wp","href":"https:\/\/api.w.org\/{rel}","templated":true}]}}