{"id":1356,"date":"2018-05-02T04:12:43","date_gmt":"2018-05-02T04:12:43","guid":{"rendered":"https:\/\/www.cargomaxintl.com\/preguntas-frecuentes\/"},"modified":"2018-05-02T04:12:43","modified_gmt":"2018-05-02T04:12:43","slug":"preguntas-frecuentes","status":"publish","type":"page","link":"https:\/\/www.cargomaxintl.com\/es\/preguntas-frecuentes\/","title":{"rendered":"Preguntas Frecuentes"},"content":{"rendered":"<p><strong>Preguntas Frecuentes sobre el Transporte de Mercanc\u00edas <\/strong><\/p>\n<p>En <strong>Cargomax International<\/strong>, trabajamos con clientes de todos los tama\u00f1os, incluyendo aquellos que env\u00edan mercanc\u00edas a todas partes del mundo y a trav\u00e9s de Norteam\u00e9rica de manera regular. Sin embargo, nuestros servicios tambi\u00e9n son utilizados por clientes que no tienen ninguna experiencia en el transporte de mercanc\u00edas y que a menudo se confunden con el argot utilizado en la industria y con los servicios que est\u00e1n a su disposici\u00f3n.<\/p>\n<p>Las respuestas a algunas de las preguntas m\u00e1s comunes sobre el transporte de mercanc\u00edas se pueden encontrar a continuaci\u00f3n. Sin embargo, si desea obtener m\u00e1s informaci\u00f3n sobre cualquier tema, incluyendo los que no figuran en esta secci\u00f3n de preguntas frecuentes, p\u00f3ngase en contacto con nosotros. Usted nos puede llamar de forma gratuita y siempre habr\u00e1 un experto disponible para brindarle el consejo, la ayuda o el apoyo que necesite.<\/p>\n<p>&nbsp;<\/p>\n<p><strong>\u00bfQu\u00e9 es Ro\/Ro?<\/strong><\/p>\n<p>Ro\/Ro es un t\u00e9rmino que se utiliza a menudo para describir un m\u00e9todo para transportar veh\u00edculos. Se deriva del t\u00e9rmino en ingl\u00e9s <em>Roll on \/ Roll off <\/em>que literalmente significa transportar una carga que rodar\u00e1 para ser montada en un barco y luego ser\u00e1 rodada nuevamente para descender en el destino. Se utiliza para casi cualquier tipo de veh\u00edculo o m\u00e1quina sobre ruedas, incluyendo carros, camiones, remolques, trenes, maquinaria de plantas entre otros. Adem\u00e1s, Ro\/Ro est\u00e1 disponible como un m\u00e9todo de env\u00edo de veh\u00edculos en casi todos los puertos del mundo.<\/p>\n<p>La alternativa al m\u00e9todo Ro\/Ro es colocar los veh\u00edculos en contenedores y luego usar gr\u00faas para levantarlos dentro y fuera de los buques. Esto es mucho m\u00e1s complicado y es una forma m\u00e1s costosa de transportar veh\u00edculos. Tambi\u00e9n toma m\u00e1s tiempo. Con el m\u00e9todo Ro\/Ro, las rampas son todo lo que usted necesita para ahorrar dinero.<\/p>\n<p>&nbsp;<\/p>\n<p><strong>\u00bfQu\u00e9 es el servicio de transporte de carga heterog\u00e9nea (<\/strong><strong><em>breakbulk<\/em><\/strong><strong>)?<\/strong><\/p>\n<p>El servicio de <em>breakbulk<\/em> se utiliza para transportar mercanc\u00edas heterog\u00e9neas. Estas son las mercanc\u00edas que no pueden ser transportadas en un contenedor est\u00e1ndar. Esto no se aplica a las cargas sobredimensionadas o con sobrepeso, sin embargo, se les llama cargas excesivas. La carga heterog\u00e9nea se diferencia de la carga normal en que es la naturaleza de la carga, en lugar del tama\u00f1o o del peso, lo que la exime de ser transportada en un contenedor normal. Ejemplos de carga heterog\u00e9nea incluyen mercanc\u00edas transportadas en barriles o toneles, o mercanc\u00edas transportadas como pacas.<\/p>\n<p>&nbsp;<\/p>\n<p>Para este tipo de servicio de transporte especializado, conf\u00ede en Cargomax International, una empresa con vasta experiencia en el manejo de carga heterog\u00e9nea. Ofrecemos un servicio de <em>breakbulk<\/em> completo y confiable para todos y cada uno de sus productos, independientemente de su naturaleza.<\/p>\n<p>&nbsp;<\/p>\n","protected":false},"excerpt":{"rendered":"<p>Preguntas Frecuentes sobre el Transporte de Mercanc\u00edas En Cargomax International, trabajamos con clientes de todos los tama\u00f1os, incluyendo aquellos que env\u00edan mercanc\u00edas a todas partes del mundo y a trav\u00e9s de Norteam\u00e9rica de manera regular. Sin embargo, nuestros servicios tambi\u00e9n son utilizados por clientes que no tienen ninguna experiencia en el transporte de mercanc\u00edas y [&hellip;]<\/p>\n","protected":false},"author":1,"featured_media":0,"parent":0,"menu_order":0,"comment_status":"closed","ping_status":"closed","template":"","meta":{"_exactmetrics_skip_tracking":false,"_exactmetrics_sitenote_active":false,"_exactmetrics_sitenote_note":"","_exactmetrics_sitenote_category":0,"footnotes":""},"yst_prominent_words":[],"class_list":["post-1356","page","type-page","status-publish","hentry"],"_links":{"self":[{"href":"https:\/\/www.cargomaxintl.com\/es\/wp-json\/wp\/v2\/pages\/1356","targetHints":{"allow":["GET"]}}],"collection":[{"href":"https:\/\/www.cargomaxintl.com\/es\/wp-json\/wp\/v2\/pages"}],"about":[{"href":"https:\/\/www.cargomaxintl.com\/es\/wp-json\/wp\/v2\/types\/page"}],"author":[{"embeddable":true,"href":"https:\/\/www.cargomaxintl.com\/es\/wp-json\/wp\/v2\/users\/1"}],"replies":[{"embeddable":true,"href":"https:\/\/www.cargomaxintl.com\/es\/wp-json\/wp\/v2\/comments?post=1356"}],"version-history":[{"count":0,"href":"https:\/\/www.cargomaxintl.com\/es\/wp-json\/wp\/v2\/pages\/1356\/revisions"}],"wp:attachment":[{"href":"https:\/\/www.cargomaxintl.com\/es\/wp-json\/wp\/v2\/media?parent=1356"}],"wp:term":[{"taxonomy":"yst_prominent_words","embeddable":true,"href":"https:\/\/www.cargomaxintl.com\/es\/wp-json\/wp\/v2\/yst_prominent_words?post=1356"}],"curies":[{"name":"wp","href":"https:\/\/api.w.org\/{rel}","templated":true}]}}