{"id":1084,"date":"2018-02-10T03:27:58","date_gmt":"2018-02-10T03:27:58","guid":{"rendered":"http:\/\/www.cargomaxintl.com\/?page_id=1084"},"modified":"2021-08-03T20:31:32","modified_gmt":"2021-08-03T20:31:32","slug":"acerca-de-nosotros","status":"publish","type":"page","link":"https:\/\/www.cargomaxintl.com\/es\/acerca-de-nosotros\/","title":{"rendered":"Sobre nosotros"},"content":{"rendered":"<div class=\"wpb-content-wrapper\"><p>[vc_row][vc_column][rev_slider_vc alias=\u00bbaboutus\u00bb][\/vc_column][\/vc_row][vc_row][vc_column width=\u00bb1\/4&#8243;][vc_column_text][\/vc_column_text][\/vc_column][vc_column width=\u00bb1\/2&#8243;][vc_column_text css=\u00bb.vc_custom_1628022687292{padding-right: 20px !important;padding-left: 20px !important;}\u00bb el_class=\u00bbp-header\u00bb]<\/p>\n<h1 style=\"text-align: center;\"><strong>SOBRE NOSOTROS<\/strong><\/h1>\n<hr \/>\n<p><strong>Cargomax International<\/strong> es una empresa confiable, estable e innovadora que ofrece servicios de log\u00edstica global. Proporcionamos soluciones internacionales de transporte de mercanc\u00edas, servicios integrados de log\u00edstica, soluciones para cadenas de distribuci\u00f3n y mucho m\u00e1s para que su negocio contin\u00fae en movimiento.<\/p>\n<p>Cargomax comenz\u00f3 sus operaciones en el a\u00f1o 2001 como transitario especializado en los mercados de Am\u00e9rica Latina y el Caribe. Aunque nuestros inicios fueron modestos, con el paso de los a\u00f1os hemos logrado forjar una presencia significativa en la industria del transporte y la manutenci\u00f3n de mercanc\u00edas. Hoy en d\u00eda, contamos con oficinas, socios y agentes en varios pa\u00edses y con operaciones que se extienden por todo el mundo.<\/p>\n<p>Proporcionamos un servicio de excelente calidad gracias a un equipo experimentado y dedicado, haciendo de Cargomax el proveedor de servicios log\u00edsticos de elecci\u00f3n para las mejores marcas en una amplia gama de industrias.[\/vc_column_text][\/vc_column][vc_column width=\u00bb1\/4&#8243;][\/vc_column][\/vc_row][vc_row css=\u00bb.vc_custom_1628021087874{background-color: #181b46 !important;}\u00bb el_class=\u00bbinter ship\u00bb][vc_column width=\u00bb1\/4&#8243;][\/vc_column][vc_column width=\u00bb1\/2&#8243;][vc_column_text]<span style=\"color: #ffffff;\">Nuestra Oferta<\/span><\/p>\n<p><span style=\"color: #ffffff;\">Nuestro enfoque basado en soluciones de servicios log\u00edsticos le permitir\u00e1 aumentar la eficiencia en su negocio, expandir las exportaciones, reducir los costos y aumentar la rentabilidad. La soluci\u00f3n que ofrecemos se adaptar\u00e1 a sus necesidades brindando un servicio fiable y flexible como premisa. Nuestros sistemas y nuestro personal son capaces de adaptarse f\u00e1cilmente para garantizar que usted obtenga una soluci\u00f3n especializada de alta calidad que cumpla con sus requisitos espec\u00edficos.<\/span><\/p>\n<p><span style=\"color: #ffffff;\">Nuestro enfoque consiste en visitar su centro de operaciones para obtener un conocimiento integral de sus exigencias. Esto nos permite crear una soluci\u00f3n personalizada que satisfaga sus expectativas. Adem\u00e1s, contamos con el personal experimentado y la infraestructura esencial para asegurar que superemos sus expectativas. Esto incluye tecnolog\u00eda de \u00faltima generaci\u00f3n y procesos log\u00edsticos de vanguardia.<\/span><\/p>\n<p><span style=\"color: #ffffff;\">Nuestro equipo de expertos, la tecnolog\u00eda, la red de socios, los veh\u00edculos y el equipamiento de transportaci\u00f3n que poseemos tambi\u00e9n nos permiten mantenernos al frente de nuestra competencia.<\/span>[\/vc_column_text][\/vc_column][vc_column width=\u00bb1\/4&#8243;][\/vc_column][\/vc_row][vc_row][vc_column width=\u00bb1\/4&#8243;][\/vc_column][vc_column width=\u00bb1\/2&#8243;][vc_column_text]<strong>Ofrecemos:<\/strong><\/p>\n<p>\u2022 Transporte mar\u00edtimo de carga (servicios de contenedores mar\u00edtimos, servicio RORO, servicio de breakbulk, carga pesada, carga de gran tama\u00f1o y m\u00e1s)<br \/>\n\u2022 Transporte a\u00e9reo de carga<br \/>\n\u2022 Transporte de carga por carretera<br \/>\n\u2022 Transporte ferroviario e intermodal de carga<br \/>\n\u2022 Cobertura de seguro de carga<br \/>\n\u2022 Coordinaci\u00f3n de la inspecci\u00f3n mar\u00edtima de la carga<br \/>\n\u2022 Un servicio de seguimiento completo con documentaci\u00f3n en l\u00ednea<br \/>\nCargo marine inspection co-ordination<\/p>\n<p>&nbsp;<\/p>\n<p>&nbsp;<\/p>\n<p><strong>Ofrecemos servicios de log\u00edstica especializados en una variedad de industrias:<\/strong><\/p>\n<p>\u2022 Transporte de equipos de miner\u00eda<br \/>\n\u2022 Transporte de equipos ferroviarios<br \/>\n\u2022 Transporte de equipos de carretera<br \/>\n\u2022 Transporte para instalaciones hidroel\u00e9ctricas y otros proyectos<br \/>\n\u2022 Transporte de viviendas prefabricadas y estructuras de edificios, incluyendo casas para proyectos sociales, instalaciones comerciales y gubernamentales<br \/>\n\u2022 Transporte de equipos m\u00e9dicos, incluyendo dispositivos fr\u00e1giles que deben manejarse con cuidado<br \/>\n\u2022 Transporte de productos farmac\u00e9uticos y de atenci\u00f3n m\u00e9dica<br \/>\n\u2022 Transporte de equipos de construcci\u00f3n<br \/>\n\u2022 Transporte de maquinarias y equipos para la agricultura<br \/>\n\u2022 Cualquier otra solicitud espec\u00edfica[\/vc_column_text][\/vc_column][vc_column width=\u00bb1\/4&#8243;][\/vc_column][\/vc_row][vc_row el_class=\u00bbinter ship\u00bb css=\u00bb.vc_custom_1628020971855{background-color: #ae0218 !important;}\u00bb][vc_column width=\u00bb1\/4&#8243;][\/vc_column][vc_column width=\u00bb1\/2&#8243;][vc_column_text]<span style=\"color: #ffffff;\"><strong>El Futuro<\/strong><\/span><\/p>\n<p><span style=\"color: #ffffff;\">Cargomax International es una empresa de avanzada comprometida a ayudar a nuestros clientes a satisfacer las crecientes demandas de los consumidores y de las industrias competitivas. Invertimos constantemente en nuestro personal, en el equipamiento, en la tecnolog\u00eda y en los procesos para asegurarnos de ofrecer las mejores soluciones a nuestros clientes en los Estados Unidos, Canad\u00e1 y alrededor del mundo.<\/span><\/p>\n<p><span style=\"color: #ffffff;\">Adem\u00e1s, creamos colaboraciones valiosas con nuestros clientes, trabajando incansablemente para que la divisi\u00f3n log\u00edstica de sus negocios funcione de la manera m\u00e1s eficiente y efectiva posible.<\/span>[\/vc_column_text][\/vc_column][vc_column width=\u00bb1\/4&#8243;][\/vc_column][\/vc_row]<\/p>\n<\/div>","protected":false},"excerpt":{"rendered":"<p>[vc_row][vc_column][rev_slider_vc alias=\u00bbaboutus\u00bb][\/vc_column][\/vc_row][vc_row][vc_column width=\u00bb1\/4&#8243;][vc_column_text][\/vc_column_text][\/vc_column][vc_column width=\u00bb1\/2&#8243;][vc_column_text css=\u00bb.vc_custom_1628022687292{padding-right: 20px !important;padding-left: 20px !important;}\u00bb el_class=\u00bbp-header\u00bb] SOBRE NOSOTROS Cargomax International es una empresa confiable, estable e innovadora que ofrece servicios de log\u00edstica global. Proporcionamos soluciones internacionales de transporte de mercanc\u00edas, servicios integrados de log\u00edstica, soluciones para cadenas de distribuci\u00f3n y mucho m\u00e1s para que su negocio contin\u00fae en movimiento. Cargomax comenz\u00f3 [&hellip;]<\/p>\n","protected":false},"author":1,"featured_media":0,"parent":0,"menu_order":0,"comment_status":"closed","ping_status":"closed","template":"landingv2.php","meta":{"_exactmetrics_skip_tracking":false,"_exactmetrics_sitenote_active":false,"_exactmetrics_sitenote_note":"","_exactmetrics_sitenote_category":0,"footnotes":""},"yst_prominent_words":[144,140,139,122,135,134,96,107,145,142,143,141,138,128,127,136,123,131,133,3304],"class_list":["post-1084","page","type-page","status-publish","hentry"],"_links":{"self":[{"href":"https:\/\/www.cargomaxintl.com\/es\/wp-json\/wp\/v2\/pages\/1084","targetHints":{"allow":["GET"]}}],"collection":[{"href":"https:\/\/www.cargomaxintl.com\/es\/wp-json\/wp\/v2\/pages"}],"about":[{"href":"https:\/\/www.cargomaxintl.com\/es\/wp-json\/wp\/v2\/types\/page"}],"author":[{"embeddable":true,"href":"https:\/\/www.cargomaxintl.com\/es\/wp-json\/wp\/v2\/users\/1"}],"replies":[{"embeddable":true,"href":"https:\/\/www.cargomaxintl.com\/es\/wp-json\/wp\/v2\/comments?post=1084"}],"version-history":[{"count":17,"href":"https:\/\/www.cargomaxintl.com\/es\/wp-json\/wp\/v2\/pages\/1084\/revisions"}],"predecessor-version":[{"id":9930,"href":"https:\/\/www.cargomaxintl.com\/es\/wp-json\/wp\/v2\/pages\/1084\/revisions\/9930"}],"wp:attachment":[{"href":"https:\/\/www.cargomaxintl.com\/es\/wp-json\/wp\/v2\/media?parent=1084"}],"wp:term":[{"taxonomy":"yst_prominent_words","embeddable":true,"href":"https:\/\/www.cargomaxintl.com\/es\/wp-json\/wp\/v2\/yst_prominent_words?post=1084"}],"curies":[{"name":"wp","href":"https:\/\/api.w.org\/{rel}","templated":true}]}}